{"id":53442,"date":"2022-06-23T15:16:41","date_gmt":"2022-06-23T13:16:41","guid":{"rendered":"https:\/\/secureus.se\/produkt\/dm-panel-pr0510s\/"},"modified":"2026-03-26T12:16:49","modified_gmt":"2026-03-26T11:16:49","slug":"dm-panel-pr0510s","status":"publish","type":"product","link":"https:\/\/secureus.se\/dk\/dm-panel-pr0510s\/","title":{"rendered":"Dm Panel Pr0510S"},"content":{"rendered":"<p>DM Touch indsamler temperaturafl\u00e6sninger eller andre \u00f8nskede overv\u00e5gede punkter. Systemet alarmerer om temperaturen fra f.eks. et k\u00f8lerum er under eller overskrider fastsatte gr\u00e6nser, eller hvis en d\u00f8r st\u00e5r \u00e5ben l\u00e6ngere end den tilladte tid.<br \/>\nSystemet er velegnet til anl\u00e6g, der kr\u00e6ver overv\u00e5gning med alarmer, hvis forholdene overskrides. Eksempelvis en d\u00f8r der st\u00e5r \u00e5ben eller restaurantk\u00f8kkener, skolek\u00f8kkener, sm\u00e5 laboratorier og sm\u00e5 bagerier osv. hvor det er vigtigt at holde de rigtige temperaturer i forskellige typer k\u00f8lerum dels for at sikre produktkvaliteten men ogs\u00e5 for Milj\u00f8 &amp; Sundheds krav p\u00e5 selvkontrol.<br \/>\nData Manageren leveres som standard med plads til 12 f\u00f8lere til temperaturer eller kontakter, f.eks. systemet kan alarmere, hvis en k\u00f8lerumsd\u00f8r st\u00e5r \u00e5ben for l\u00e6nge. Installat\u00f8ren placerer sensorerne p\u00e5 det rigtige sted. Enheden kan udvides til maksimalt 48 sensorer.<br \/>\nSystemet er nemt at bruge for alle, menuerne er p\u00e5 svensk, et tryk p\u00e5 touchsk\u00e6rmen og forskellige kommandoer vises ligesom p\u00e5 en iPad. Systemet gemmer ogs\u00e5 h\u00e6ndelser direkte i enheden.<br \/>\n\u00d8nsker du at sende en alarm til et vagtfirma, er dette forberedt og du kan ogs\u00e5 sende en alarm direkte fra en DMTouch til en mobiltelefon.<\/p>","protected":false},"excerpt":{"rendered":"<p>DM Touch indsamler temperaturafl\u00e6sninger eller andre \u00f8nskede overv\u00e5gede punkter. Systemet alarmerer om temperaturen fra f.eks. et k\u00f8lerum er under eller overskrider fastsatte gr\u00e6nser, eller hvis en d\u00f8r er \u00e5ben<\/p>","protected":false},"featured_media":144240,"template":"","meta":{"_acf_changed":false},"product_brand":[],"product_cat":[1308,1611],"product_tag":[],"class_list":{"0":"post-53442","1":"product","2":"type-product","3":"status-publish","4":"has-post-thumbnail","6":"product_cat-driftlarm-kyla-vatten-temp","7":"product_cat-kyllarm","8":"product_shipping_class-tunga-paket","9":"tm-no-options","11":"first","12":"outofstock","13":"sale","14":"taxable","15":"shipping-taxable","16":"purchasable","17":"product-type-simple"},"acf":[],"_links":{"self":[{"href":"https:\/\/secureus.se\/dk\/wp-json\/wp\/v2\/product\/53442","targetHints":{"allow":["GET"]}}],"collection":[{"href":"https:\/\/secureus.se\/dk\/wp-json\/wp\/v2\/product"}],"about":[{"href":"https:\/\/secureus.se\/dk\/wp-json\/wp\/v2\/types\/product"}],"wp:featuredmedia":[{"embeddable":true,"href":"https:\/\/secureus.se\/dk\/wp-json\/wp\/v2\/media\/144240"}],"wp:attachment":[{"href":"https:\/\/secureus.se\/dk\/wp-json\/wp\/v2\/media?parent=53442"}],"wp:term":[{"taxonomy":"product_brand","embeddable":true,"href":"https:\/\/secureus.se\/dk\/wp-json\/wp\/v2\/product_brand?post=53442"},{"taxonomy":"product_cat","embeddable":true,"href":"https:\/\/secureus.se\/dk\/wp-json\/wp\/v2\/product_cat?post=53442"},{"taxonomy":"product_tag","embeddable":true,"href":"https:\/\/secureus.se\/dk\/wp-json\/wp\/v2\/product_tag?post=53442"}],"curies":[{"name":"wp","href":"https:\/\/api.w.org\/{rel}","templated":true}]}}