{"id":53444,"date":"2022-06-23T15:14:11","date_gmt":"2022-06-23T13:14:11","guid":{"rendered":"https:\/\/secureus.se\/produkt\/aterstalln-knapp-2slingor\/"},"modified":"2026-04-23T12:01:36","modified_gmt":"2026-04-23T10:01:36","slug":"aterstalln-knapp-2slingor","status":"publish","type":"product","link":"https:\/\/secureus.se\/dk\/aterstalln-knapp-2slingor\/","title":{"rendered":"Nulstil knap 2 sl\u00f8jfer"},"content":{"rendered":"<p>Sl\u00f8jfen tjekker sig selv mod kortslutninger og afbrydelser. Mulighed for tilslutning af b\u00e5de normalt \u00e5bne og normalt lukkede potentialfrie kontakter. Valgbar indgangsforsinkelse 150ms eller 2,5 s. Mulighed for at aktivere\/deaktivere hukommelsesfunktionen. Potentialfri udgang. Kontrolknap med LED. Gode afm\u00e6rkningsmuligheder p\u00e5 knap og navneskilt. Driftssp\u00e6nding: 15 \u2013 28V ac \/ 18 \u2013 35V dc. Str\u00f8mforbrug: 110mA ac \/ 60mA dc.<\/p>","protected":false},"excerpt":{"rendered":"<p>Sl\u00f8jfen tjekker sig selv mod kortslutninger og afbrydelser. Mulighed for tilslutning af b\u00e5de normalt \u00e5bne og normalt lukkede potentialfrie kontakter. Valgbar indgangsforsinkelse 150ms eller 2,5 s. Mulig at aktivere\/deaktivere<\/p>","protected":false},"featured_media":143567,"template":"","meta":{"_acf_changed":false},"product_brand":[],"product_cat":[1612],"product_tag":[],"class_list":{"0":"post-53444","1":"product","2":"type-product","3":"status-publish","4":"has-post-thumbnail","6":"product_cat-aterstallningsenhet","7":"product_shipping_class-tunga-paket","8":"pa_farg-vit","9":"tm-no-options","11":"first","12":"outofstock","13":"sale","14":"taxable","15":"shipping-taxable","16":"purchasable","17":"product-type-simple"},"acf":[],"_links":{"self":[{"href":"https:\/\/secureus.se\/dk\/wp-json\/wp\/v2\/product\/53444","targetHints":{"allow":["GET"]}}],"collection":[{"href":"https:\/\/secureus.se\/dk\/wp-json\/wp\/v2\/product"}],"about":[{"href":"https:\/\/secureus.se\/dk\/wp-json\/wp\/v2\/types\/product"}],"wp:featuredmedia":[{"embeddable":true,"href":"https:\/\/secureus.se\/dk\/wp-json\/wp\/v2\/media\/143567"}],"wp:attachment":[{"href":"https:\/\/secureus.se\/dk\/wp-json\/wp\/v2\/media?parent=53444"}],"wp:term":[{"taxonomy":"product_brand","embeddable":true,"href":"https:\/\/secureus.se\/dk\/wp-json\/wp\/v2\/product_brand?post=53444"},{"taxonomy":"product_cat","embeddable":true,"href":"https:\/\/secureus.se\/dk\/wp-json\/wp\/v2\/product_cat?post=53444"},{"taxonomy":"product_tag","embeddable":true,"href":"https:\/\/secureus.se\/dk\/wp-json\/wp\/v2\/product_tag?post=53444"}],"curies":[{"name":"wp","href":"https:\/\/api.w.org\/{rel}","templated":true}]}}