{"id":53447,"date":"2022-06-23T15:13:37","date_gmt":"2022-06-23T13:13:37","guid":{"rendered":"https:\/\/secureus.se\/produkt\/aterstalln-minne\/"},"modified":"2026-04-23T12:02:14","modified_gmt":"2026-04-23T10:02:14","slug":"aterstalln-minne","status":"publish","type":"product","link":"https:\/\/secureus.se\/dk\/aterstalln-minne\/","title":{"rendered":"Gendan hukommelse"},"content":{"rendered":"<p>Hukommelsesfunktion og indgange til alarm og nulstilling. Rel\u00e6udgange til alarmer. Tilslutning sker p\u00e5 en skrueterminal med ledningsbeskyttelse. Til fors\u00e6nket montering i en rund enhedsboks c\/c 60mm eller overflademonteret i v\u00e6gramme 5020012 (h\u00f8jde 26mm). D\u00e6kh\u00e6tte til skruefastg\u00f8relse af hvid termoplast.<\/p>","protected":false},"excerpt":{"rendered":"<p>Hukommelsesfunktion og indgange til alarm og nulstilling. Rel\u00e6udgange til alarmer. Tilslutning sker p\u00e5 en skrueterminal med ledningsbeskyttelse. Til fors\u00e6nket montering i rund hvidskabsboks c\/c 60mm eller overflademonteret i v\u00e6gramme 5020012 (h\u00f8jde<\/p>","protected":false},"featured_media":144250,"template":"","meta":{"_acf_changed":false},"product_brand":[],"product_cat":[1612],"product_tag":[],"class_list":{"0":"post-53447","1":"product","2":"type-product","3":"status-publish","4":"has-post-thumbnail","6":"product_cat-aterstallningsenhet","7":"product_shipping_class-tunga-paket","8":"pa_farg-vit","9":"tm-no-options","11":"first","12":"outofstock","13":"sale","14":"taxable","15":"shipping-taxable","16":"purchasable","17":"product-type-simple"},"acf":[],"_links":{"self":[{"href":"https:\/\/secureus.se\/dk\/wp-json\/wp\/v2\/product\/53447","targetHints":{"allow":["GET"]}}],"collection":[{"href":"https:\/\/secureus.se\/dk\/wp-json\/wp\/v2\/product"}],"about":[{"href":"https:\/\/secureus.se\/dk\/wp-json\/wp\/v2\/types\/product"}],"wp:featuredmedia":[{"embeddable":true,"href":"https:\/\/secureus.se\/dk\/wp-json\/wp\/v2\/media\/144250"}],"wp:attachment":[{"href":"https:\/\/secureus.se\/dk\/wp-json\/wp\/v2\/media?parent=53447"}],"wp:term":[{"taxonomy":"product_brand","embeddable":true,"href":"https:\/\/secureus.se\/dk\/wp-json\/wp\/v2\/product_brand?post=53447"},{"taxonomy":"product_cat","embeddable":true,"href":"https:\/\/secureus.se\/dk\/wp-json\/wp\/v2\/product_cat?post=53447"},{"taxonomy":"product_tag","embeddable":true,"href":"https:\/\/secureus.se\/dk\/wp-json\/wp\/v2\/product_tag?post=53447"}],"curies":[{"name":"wp","href":"https:\/\/api.w.org\/{rel}","templated":true}]}}