{"id":53453,"date":"2022-06-23T15:12:39","date_gmt":"2022-06-23T13:12:39","guid":{"rendered":"https:\/\/secureus.se\/produkt\/aterstalln-minne-kn\/"},"modified":"2026-04-08T17:01:18","modified_gmt":"2026-04-08T15:01:18","slug":"aterstalln-minne-kn","status":"publish","type":"product","link":"https:\/\/secureus.se\/dk\/aterstalln-minne-kn\/","title":{"rendered":"Gendan hukommelse Kn"},"content":{"rendered":"<p>Enheden indeholder en gr\u00f8n funktionsknap og en r\u00f8d kvitteringsdiode under en 2 mm lysleder i l\u00e5get. Hukommelsesfunktion og indgange til alarm og nulstilling. Rel\u00e6udgange til alarmer. Tryk p\u00e5 omslaget: &quot;Nulstil&quot;. Tilslutning sker p\u00e5 en skrueterminal med ledningsbeskyttelse. Til fors\u00e6nket montering i en rund enhedsboks c\/c 60mm eller overflademonteret i v\u00e6gramme 5020012 (h\u00f8jde 26mm). D\u00e6kh\u00e6tte til skruefastg\u00f8relse af hvid termoplast.<\/p>","protected":false},"excerpt":{"rendered":"<p>Enheden indeholder en gr\u00f8n funktionsknap og en r\u00f8d kvitteringsdiode under en 2 mm lysleder i l\u00e5get. Hukommelsesfunktion og indgange til alarm og nulstilling. Rel\u00e6udgange til alarmer. Tryk p\u00e5 omslaget: &quot;Nulstil&quot;. Tilslutning finder sted d<\/p>","protected":false},"featured_media":143807,"template":"","meta":{"_acf_changed":false},"product_brand":[],"product_cat":[1612],"product_tag":[],"class_list":{"0":"post-53453","1":"product","2":"type-product","3":"status-publish","4":"has-post-thumbnail","6":"product_cat-aterstallningsenhet","7":"product_shipping_class-tunga-paket","8":"pa_farg-vit","9":"tm-no-options","11":"first","12":"outofstock","13":"sale","14":"taxable","15":"shipping-taxable","16":"purchasable","17":"product-type-simple"},"acf":[],"_links":{"self":[{"href":"https:\/\/secureus.se\/dk\/wp-json\/wp\/v2\/product\/53453","targetHints":{"allow":["GET"]}}],"collection":[{"href":"https:\/\/secureus.se\/dk\/wp-json\/wp\/v2\/product"}],"about":[{"href":"https:\/\/secureus.se\/dk\/wp-json\/wp\/v2\/types\/product"}],"wp:featuredmedia":[{"embeddable":true,"href":"https:\/\/secureus.se\/dk\/wp-json\/wp\/v2\/media\/143807"}],"wp:attachment":[{"href":"https:\/\/secureus.se\/dk\/wp-json\/wp\/v2\/media?parent=53453"}],"wp:term":[{"taxonomy":"product_brand","embeddable":true,"href":"https:\/\/secureus.se\/dk\/wp-json\/wp\/v2\/product_brand?post=53453"},{"taxonomy":"product_cat","embeddable":true,"href":"https:\/\/secureus.se\/dk\/wp-json\/wp\/v2\/product_cat?post=53453"},{"taxonomy":"product_tag","embeddable":true,"href":"https:\/\/secureus.se\/dk\/wp-json\/wp\/v2\/product_tag?post=53453"}],"curies":[{"name":"wp","href":"https:\/\/api.w.org\/{rel}","templated":true}]}}