{"id":53478,"date":"2022-06-22T11:19:24","date_gmt":"2022-06-22T09:19:24","guid":{"rendered":"https:\/\/secureus.se\/produkt\/radiosandare-s3tr2641t2\/"},"modified":"2026-04-08T16:46:29","modified_gmt":"2026-04-08T14:46:29","slug":"radiosandare-s3tr2641t2","status":"publish","type":"product","link":"https:\/\/secureus.se\/dk\/radiosandare-s3tr2641t2\/","title":{"rendered":"Radiosender S3Tr2641T2"},"content":{"rendered":"<p>Radiosender med to knapper i moderne design, som passer til vores b\u00e6lteholder SESMT1527. Passer til alle CDVI radiomodtagere, der arbejder p\u00e5 samme frekvens (433,92MHz). Fremragende til styring af automatiske d\u00f8r\u00e5bnere, belysning, alarmer mv.<\/p>","protected":false},"excerpt":{"rendered":"<p>Radios\u00e4ndare med tv\u00e5 knappar i modern design, som passar till v\u00e5ran b\u00e4ltesh\u00e5llare SESMT1527. Passar till alla CDVI:s radiomottagare som arbetar p\u00e5 samma frekvens (433.92MHz). Utm\u00e4rkt f\u00f6r att styra d\u00f6rrautomatiker, belysning,<\/p>","protected":false},"featured_media":143937,"template":"","meta":{"_acf_changed":false},"product_brand":[],"product_cat":[1616],"product_tag":[2273],"class_list":{"0":"post-53478","1":"product","2":"type-product","3":"status-publish","4":"has-post-thumbnail","6":"product_cat-radiosandare-mottagare","7":"product_tag-radio-sandare-erone","8":"product_shipping_class-postnord-varubrev","9":"pa_brands-cdvi","10":"tm-has-options","12":"first","13":"instock","14":"sale","15":"taxable","16":"shipping-taxable","17":"purchasable","18":"product-type-simple"},"acf":[],"_links":{"self":[{"href":"https:\/\/secureus.se\/dk\/wp-json\/wp\/v2\/product\/53478","targetHints":{"allow":["GET"]}}],"collection":[{"href":"https:\/\/secureus.se\/dk\/wp-json\/wp\/v2\/product"}],"about":[{"href":"https:\/\/secureus.se\/dk\/wp-json\/wp\/v2\/types\/product"}],"wp:featuredmedia":[{"embeddable":true,"href":"https:\/\/secureus.se\/dk\/wp-json\/wp\/v2\/media\/143937"}],"wp:attachment":[{"href":"https:\/\/secureus.se\/dk\/wp-json\/wp\/v2\/media?parent=53478"}],"wp:term":[{"taxonomy":"product_brand","embeddable":true,"href":"https:\/\/secureus.se\/dk\/wp-json\/wp\/v2\/product_brand?post=53478"},{"taxonomy":"product_cat","embeddable":true,"href":"https:\/\/secureus.se\/dk\/wp-json\/wp\/v2\/product_cat?post=53478"},{"taxonomy":"product_tag","embeddable":true,"href":"https:\/\/secureus.se\/dk\/wp-json\/wp\/v2\/product_tag?post=53478"}],"curies":[{"name":"wp","href":"https:\/\/api.w.org\/{rel}","templated":true}]}}