{"id":53495,"date":"2022-06-22T11:35:09","date_gmt":"2022-06-22T09:35:09","guid":{"rendered":"https:\/\/secureus.se\/produkt\/digitag-mottagare-dtrr1434r\/"},"modified":"2026-04-08T16:53:34","modified_gmt":"2026-04-08T14:53:34","slug":"digitag-mottagare-dtrr1434r","status":"publish","type":"product","link":"https:\/\/secureus.se\/dk\/digitag-mottagare-dtrr1434r\/","title":{"rendered":"Digitag modtager Dtrr1434R"},"content":{"rendered":"<p>Kontaktl\u00f8s modtager DigiTag er en serie af s\u00e5kaldte aktive prox-tags eller langdistance-tags, til virkelig kontaktl\u00f8s passage. DigiTag er ideel p\u00e5 hospitaler, parkeringshuse, lagre\/lagre og andre faciliteter, der kr\u00e6ver kontaktl\u00f8s passage gennem beskyttede rum. Senderens r\u00e6kkevidde kan justeres fra 1 til 15 meter. Signalet mellem sender og modtager er krypteret med Kelloq\u00ae &quot;Rolling code&quot;, hvilket g\u00f8r det meget sv\u00e6rt at kopiere. CE-godkendt og R&amp;TTE-certificeret. Modtageren i stand-alone design og har intern hukommelse til op til 30 modtagere og rel\u00e6udgang.<\/p>","protected":false},"excerpt":{"rendered":"<p>Kontaktl\u00f8s modtager DigiTag er en serie af s\u00e5kaldte aktive prox-tags eller langdistance-tags, til virkelig kontaktl\u00f8s passage. DigiTag er ideel p\u00e5 hospitaler, parkeringshuse, varehuse og andre faciliteter, der har brug for det<\/p>","protected":false},"featured_media":143827,"template":"","meta":{"_acf_changed":false},"product_brand":[],"product_cat":[1616],"product_tag":[],"class_list":{"0":"post-53495","1":"product","2":"type-product","3":"status-publish","4":"has-post-thumbnail","6":"product_cat-radiosandare-mottagare","7":"product_shipping_class-tunga-paket","8":"tm-no-options","10":"first","11":"outofstock","12":"sale","13":"taxable","14":"shipping-taxable","15":"purchasable","16":"product-type-simple"},"acf":[],"_links":{"self":[{"href":"https:\/\/secureus.se\/dk\/wp-json\/wp\/v2\/product\/53495","targetHints":{"allow":["GET"]}}],"collection":[{"href":"https:\/\/secureus.se\/dk\/wp-json\/wp\/v2\/product"}],"about":[{"href":"https:\/\/secureus.se\/dk\/wp-json\/wp\/v2\/types\/product"}],"wp:featuredmedia":[{"embeddable":true,"href":"https:\/\/secureus.se\/dk\/wp-json\/wp\/v2\/media\/143827"}],"wp:attachment":[{"href":"https:\/\/secureus.se\/dk\/wp-json\/wp\/v2\/media?parent=53495"}],"wp:term":[{"taxonomy":"product_brand","embeddable":true,"href":"https:\/\/secureus.se\/dk\/wp-json\/wp\/v2\/product_brand?post=53495"},{"taxonomy":"product_cat","embeddable":true,"href":"https:\/\/secureus.se\/dk\/wp-json\/wp\/v2\/product_cat?post=53495"},{"taxonomy":"product_tag","embeddable":true,"href":"https:\/\/secureus.se\/dk\/wp-json\/wp\/v2\/product_tag?post=53495"}],"curies":[{"name":"wp","href":"https:\/\/api.w.org\/{rel}","templated":true}]}}