{"id":53497,"date":"2022-06-22T11:34:33","date_gmt":"2022-06-22T09:34:33","guid":{"rendered":"https:\/\/secureus.se\/produkt\/digitag-sandare-dtxt5434mp\/"},"modified":"2026-03-26T12:19:13","modified_gmt":"2026-03-26T11:19:13","slug":"digitag-sandare-dtxt5434mp","status":"publish","type":"product","link":"https:\/\/secureus.se\/dk\/digitag-sandare-dtxt5434mp\/","title":{"rendered":"Digitag-sender Dtxt5434Mp"},"content":{"rendered":"<p>DigiTag LR kontaktl\u00f8s sender er en unik serie af s\u00e5kaldte aktive prox-tags eller langdistance-tags til virkelig kontaktl\u00f8s passage, senderen har en indbygget bev\u00e6gelsessensor, hvilket betyder, at hvis senderen er station\u00e6r, g\u00e5r den i dvaletilstand og stopper med at sende signaler for at forl\u00e6nge batteriets levetid. Passer godt p\u00e5 hospitaler, i parkeringshuse, lagerbygninger og andre faciliteter, der har brug for kontaktfri passage gennem beskyttede rum. Signalet mellem sender og modtager er krypteret med Kelloq\u00ae &quot;Rolling code&quot;, hvilket g\u00f8r det meget sv\u00e6rt at kopiere. Kortet har ogs\u00e5 en indbygget 125kHz EM-chip. CE godkendt og R&amp;TTE certificeret. Str\u00f8mforbrug: 4mA ved transmission. Frekvens: 433,92MHz AM.<\/p>","protected":false},"excerpt":{"rendered":"<p>DigiTag LR kontaktl\u00f8s sender er en unik serie af s\u00e5kaldte aktive prox tags eller langdistance tags til virkelig kontaktl\u00f8s passage, senderen har en indbygget bev\u00e6gelsessensor som g\u00f8r at hvis senderen er<\/p>","protected":false},"featured_media":144271,"template":"","meta":{"_acf_changed":false},"product_brand":[],"product_cat":[1616],"product_tag":[2277],"class_list":{"0":"post-53497","1":"product","2":"type-product","3":"status-publish","4":"has-post-thumbnail","6":"product_cat-radiosandare-mottagare","7":"product_tag-radio-sandare-digitag","8":"product_shipping_class-tunga-paket","9":"tm-no-options","11":"first","12":"outofstock","13":"sale","14":"taxable","15":"shipping-taxable","16":"purchasable","17":"product-type-simple"},"acf":[],"_links":{"self":[{"href":"https:\/\/secureus.se\/dk\/wp-json\/wp\/v2\/product\/53497","targetHints":{"allow":["GET"]}}],"collection":[{"href":"https:\/\/secureus.se\/dk\/wp-json\/wp\/v2\/product"}],"about":[{"href":"https:\/\/secureus.se\/dk\/wp-json\/wp\/v2\/types\/product"}],"wp:featuredmedia":[{"embeddable":true,"href":"https:\/\/secureus.se\/dk\/wp-json\/wp\/v2\/media\/144271"}],"wp:attachment":[{"href":"https:\/\/secureus.se\/dk\/wp-json\/wp\/v2\/media?parent=53497"}],"wp:term":[{"taxonomy":"product_brand","embeddable":true,"href":"https:\/\/secureus.se\/dk\/wp-json\/wp\/v2\/product_brand?post=53497"},{"taxonomy":"product_cat","embeddable":true,"href":"https:\/\/secureus.se\/dk\/wp-json\/wp\/v2\/product_cat?post=53497"},{"taxonomy":"product_tag","embeddable":true,"href":"https:\/\/secureus.se\/dk\/wp-json\/wp\/v2\/product_tag?post=53497"}],"curies":[{"name":"wp","href":"https:\/\/api.w.org\/{rel}","templated":true}]}}