{"id":53503,"date":"2022-06-22T11:29:54","date_gmt":"2022-06-22T09:29:54","guid":{"rendered":"https:\/\/secureus.se\/produkt\/radiomottagare-sel2641r433-nn\/"},"modified":"2026-04-08T16:47:41","modified_gmt":"2026-04-08T14:47:41","slug":"radiomottagare-sel2641r433-nn","status":"publish","type":"product","link":"https:\/\/secureus.se\/dk\/radiomottagare-sel2641r433-nn\/","title":{"rendered":"Radiomodtager Sel2641R433-Nn"},"content":{"rendered":"<p>Tr\u00e5dl\u00f8s radiomodtager med plads til 85 sendere. Fremragende til styring af automatiske d\u00f8re, porte, elevatorer, l\u00e5se osv. En rel\u00e6udgang programmerbar som puls- eller tidsstyring 1-30sek. Radiomodtageren er meget lille, hvilket g\u00f8r den let at indbygge i de fleste enheder. Forsyningssp\u00e6nding 12\/24Vac-dc. Kryptering: KeeLoq\u00ae Rolling Code. Frekvens: 433,92MHz.<\/p>","protected":false},"excerpt":{"rendered":"<p>Tr\u00e5dl\u00f8s radiomodtager med plads til 85 sendere. Fremragende til styring af automatiske d\u00f8re, porte, elevatorer, l\u00e5se osv. En rel\u00e6udgang programmerbar som puls- eller tidsstyring 1-30sek. Radiomodtageren er meget lille, hvilket g\u00f8r<\/p>","protected":false},"featured_media":143612,"template":"","meta":{"_acf_changed":false},"product_brand":[],"product_cat":[1616],"product_tag":[2272],"class_list":{"0":"post-53503","1":"product","2":"type-product","3":"status-publish","4":"has-post-thumbnail","6":"product_cat-radiosandare-mottagare","7":"product_tag-radio-mottagare-erone","8":"product_shipping_class-tunga-paket","9":"tm-no-options","11":"first","12":"instock","13":"sale","14":"taxable","15":"shipping-taxable","16":"purchasable","17":"product-type-simple"},"acf":[],"_links":{"self":[{"href":"https:\/\/secureus.se\/dk\/wp-json\/wp\/v2\/product\/53503","targetHints":{"allow":["GET"]}}],"collection":[{"href":"https:\/\/secureus.se\/dk\/wp-json\/wp\/v2\/product"}],"about":[{"href":"https:\/\/secureus.se\/dk\/wp-json\/wp\/v2\/types\/product"}],"wp:featuredmedia":[{"embeddable":true,"href":"https:\/\/secureus.se\/dk\/wp-json\/wp\/v2\/media\/143612"}],"wp:attachment":[{"href":"https:\/\/secureus.se\/dk\/wp-json\/wp\/v2\/media?parent=53503"}],"wp:term":[{"taxonomy":"product_brand","embeddable":true,"href":"https:\/\/secureus.se\/dk\/wp-json\/wp\/v2\/product_brand?post=53503"},{"taxonomy":"product_cat","embeddable":true,"href":"https:\/\/secureus.se\/dk\/wp-json\/wp\/v2\/product_cat?post=53503"},{"taxonomy":"product_tag","embeddable":true,"href":"https:\/\/secureus.se\/dk\/wp-json\/wp\/v2\/product_tag?post=53503"}],"curies":[{"name":"wp","href":"https:\/\/api.w.org\/{rel}","templated":true}]}}