{"id":53515,"date":"2022-06-22T11:26:43","date_gmt":"2022-06-22T09:26:43","guid":{"rendered":"https:\/\/secureus.se\/produkt\/radiomottagare-sel2641r433-xpl\/"},"modified":"2026-03-26T12:20:24","modified_gmt":"2026-03-26T11:20:24","slug":"radiomottagare-sel2641r433-xpl","status":"publish","type":"product","link":"https:\/\/secureus.se\/dk\/radiomottagare-sel2641r433-xpl\/","title":{"rendered":"Radiomodtager Sel2641R433-Xpl"},"content":{"rendered":"<p>Tr\u00e5dl\u00f8s radiomodtager med plads til 100 sendere. Fremragende til styring af porte, porte, belysning, alarmer osv. To rel\u00e6udgange programmerbare som puls-, veksel- eller tidsstyret. Radiomodtageren har et oplyst LCD-display for nem programmering. Der er mulighed for at lave en backup p\u00e5 hukommelsen (MXPL) og mulighed for at \u00f8ge r\u00e6kkevidden ved hj\u00e6lp af en ekstern antenne (SEA433). Kryptering: KeeLoq\u00ae Rolling Code. Frekvens: 433,92MHz.<\/p>","protected":false},"excerpt":{"rendered":"<p>Tr\u00e5dl\u00f8s radiomodtager med plads til 100 sendere. Fremragende til styring af porte, porte, belysning, alarmer osv. To rel\u00e6udgange programmerbare som puls-, veksel- eller tidsstyret. Radiomodtageren har et oplyst LCD-display til<\/p>","protected":false},"featured_media":143502,"template":"","meta":{"_acf_changed":false},"product_brand":[],"product_cat":[1616],"product_tag":[2272],"class_list":{"0":"post-53515","1":"product","2":"type-product","3":"status-publish","4":"has-post-thumbnail","6":"product_cat-radiosandare-mottagare","7":"product_tag-radio-mottagare-erone","8":"product_shipping_class-tunga-paket","9":"tm-no-options","11":"first","12":"instock","13":"sale","14":"taxable","15":"shipping-taxable","16":"purchasable","17":"product-type-simple"},"acf":[],"_links":{"self":[{"href":"https:\/\/secureus.se\/dk\/wp-json\/wp\/v2\/product\/53515","targetHints":{"allow":["GET"]}}],"collection":[{"href":"https:\/\/secureus.se\/dk\/wp-json\/wp\/v2\/product"}],"about":[{"href":"https:\/\/secureus.se\/dk\/wp-json\/wp\/v2\/types\/product"}],"wp:featuredmedia":[{"embeddable":true,"href":"https:\/\/secureus.se\/dk\/wp-json\/wp\/v2\/media\/143502"}],"wp:attachment":[{"href":"https:\/\/secureus.se\/dk\/wp-json\/wp\/v2\/media?parent=53515"}],"wp:term":[{"taxonomy":"product_brand","embeddable":true,"href":"https:\/\/secureus.se\/dk\/wp-json\/wp\/v2\/product_brand?post=53515"},{"taxonomy":"product_cat","embeddable":true,"href":"https:\/\/secureus.se\/dk\/wp-json\/wp\/v2\/product_cat?post=53515"},{"taxonomy":"product_tag","embeddable":true,"href":"https:\/\/secureus.se\/dk\/wp-json\/wp\/v2\/product_tag?post=53515"}],"curies":[{"name":"wp","href":"https:\/\/api.w.org\/{rel}","templated":true}]}}