{"id":53517,"date":"2022-06-22T11:24:02","date_gmt":"2022-06-22T09:24:02","guid":{"rendered":"https:\/\/secureus.se\/produkt\/radiosandare-tths2641e1n\/"},"modified":"2026-04-08T17:02:24","modified_gmt":"2026-04-08T15:02:24","slug":"radiosandare-tths2641e1n","status":"publish","type":"product","link":"https:\/\/secureus.se\/dk\/radiosandare-tths2641e1n\/","title":{"rendered":"Radiosender Tths2641E1N"},"content":{"rendered":"<p>En v\u00e6gmonteret radiosender med \u00e9n kanal, radiosenderen er monteret i en indkapslet boks og aktiveres helt uden ber\u00f8ring i en afstand p\u00e5 op til 4 cm. Perfekt til styring af porte, automatiske d\u00f8r\u00e5bnere og porte, radiosenderen er lige s\u00e5 velegnet til private tilpasninger i boliger som i industrielle milj\u00f8er. Radiosenderen har en LED og en summer, der indikerer at den sender et radiosignal, samt en indikation om at den skal skifte batteri, s\u00e5 lyser radiosenderen r\u00f8dt i stedet for gr\u00f8nt n\u00e5r den aktiveres. Radiosenderens kommunikation er krypteret med Keeloq\u00ae Rolling Code og har 264 kodekombinationer, hvilket giver den et meget h\u00f8jt sikkerhedsniveau.<\/p>","protected":false},"excerpt":{"rendered":"<p>En v\u00e6gmonteret radiosender med \u00e9n kanal, radiosenderen er monteret i en indkapslet boks og aktiveres helt uden ber\u00f8ring fra en afstand p\u00e5 op til 4 cm. Perfekt til styring af porte, automatiske d\u00f8r\u00e5bnere<\/p>","protected":false},"featured_media":143891,"template":"","meta":{"_acf_changed":false},"product_brand":[],"product_cat":[1616],"product_tag":[2273],"class_list":{"0":"post-53517","1":"product","2":"type-product","3":"status-publish","4":"has-post-thumbnail","6":"product_cat-radiosandare-mottagare","7":"product_tag-radio-sandare-erone","8":"product_shipping_class-postnord-varubrev","9":"pa_brands-cdvi","10":"tm-no-options","12":"first","13":"outofstock","14":"sale","15":"taxable","16":"shipping-taxable","17":"purchasable","18":"product-type-simple"},"acf":[],"_links":{"self":[{"href":"https:\/\/secureus.se\/dk\/wp-json\/wp\/v2\/product\/53517","targetHints":{"allow":["GET"]}}],"collection":[{"href":"https:\/\/secureus.se\/dk\/wp-json\/wp\/v2\/product"}],"about":[{"href":"https:\/\/secureus.se\/dk\/wp-json\/wp\/v2\/types\/product"}],"wp:featuredmedia":[{"embeddable":true,"href":"https:\/\/secureus.se\/dk\/wp-json\/wp\/v2\/media\/143891"}],"wp:attachment":[{"href":"https:\/\/secureus.se\/dk\/wp-json\/wp\/v2\/media?parent=53517"}],"wp:term":[{"taxonomy":"product_brand","embeddable":true,"href":"https:\/\/secureus.se\/dk\/wp-json\/wp\/v2\/product_brand?post=53517"},{"taxonomy":"product_cat","embeddable":true,"href":"https:\/\/secureus.se\/dk\/wp-json\/wp\/v2\/product_cat?post=53517"},{"taxonomy":"product_tag","embeddable":true,"href":"https:\/\/secureus.se\/dk\/wp-json\/wp\/v2\/product_tag?post=53517"}],"curies":[{"name":"wp","href":"https:\/\/api.w.org\/{rel}","templated":true}]}}