{"id":53525,"date":"2022-06-22T11:20:26","date_gmt":"2022-06-22T09:20:26","guid":{"rendered":"https:\/\/secureus.se\/produkt\/radiosandare-tmf2641e1\/"},"modified":"2026-03-26T12:21:28","modified_gmt":"2026-03-26T11:21:28","slug":"radiosandare-tmf2641e1","status":"publish","type":"product","link":"https:\/\/secureus.se\/dk\/radiosandare-tmf2641e1\/","title":{"rendered":"Radiosender Tmf2641E1"},"content":{"rendered":"<p>Meget lille og fleksibel radiosender til installation, perfekt til indbygning i apparatkasser. Med denne lille radiosender konverterer du enhver NO-udgang til et radiosignal. Du beh\u00f8ver ikke at tr\u00e6kke kabler, mens du f\u00e5r en p\u00e5lidelig og omkostningseffektiv l\u00f8sning. Radiosenderen har en r\u00e6kkevidde p\u00e5 op til 500 meter og drives af en 230Vac fast sp\u00e6ndingsforsyning. Radiosenderens kommunikation er krypteret med Keeloq\u00ae Rolling Code og har 264 kodekombinationer, hvilket giver den et meget h\u00f8jt sikkerhedsniveau.<\/p>","protected":false},"excerpt":{"rendered":"<p>Meget lille og fleksibel radiosender til installation, perfekt til indbygning i apparatkasser. Med denne lille radiosender konverterer du enhver NO-udgang til et radiosignal. Du<\/p>","protected":false},"featured_media":143539,"template":"","meta":{"_acf_changed":false},"product_brand":[],"product_cat":[1616],"product_tag":[2273],"class_list":{"0":"post-53525","1":"product","2":"type-product","3":"status-publish","4":"has-post-thumbnail","6":"product_cat-radiosandare-mottagare","7":"product_tag-radio-sandare-erone","8":"product_shipping_class-postnord-varubrev","9":"pa_brands-cdvi","10":"tm-no-options","12":"first","13":"outofstock","14":"sale","15":"taxable","16":"shipping-taxable","17":"purchasable","18":"product-type-simple"},"acf":[],"_links":{"self":[{"href":"https:\/\/secureus.se\/dk\/wp-json\/wp\/v2\/product\/53525","targetHints":{"allow":["GET"]}}],"collection":[{"href":"https:\/\/secureus.se\/dk\/wp-json\/wp\/v2\/product"}],"about":[{"href":"https:\/\/secureus.se\/dk\/wp-json\/wp\/v2\/types\/product"}],"wp:featuredmedia":[{"embeddable":true,"href":"https:\/\/secureus.se\/dk\/wp-json\/wp\/v2\/media\/143539"}],"wp:attachment":[{"href":"https:\/\/secureus.se\/dk\/wp-json\/wp\/v2\/media?parent=53525"}],"wp:term":[{"taxonomy":"product_brand","embeddable":true,"href":"https:\/\/secureus.se\/dk\/wp-json\/wp\/v2\/product_brand?post=53525"},{"taxonomy":"product_cat","embeddable":true,"href":"https:\/\/secureus.se\/dk\/wp-json\/wp\/v2\/product_cat?post=53525"},{"taxonomy":"product_tag","embeddable":true,"href":"https:\/\/secureus.se\/dk\/wp-json\/wp\/v2\/product_tag?post=53525"}],"curies":[{"name":"wp","href":"https:\/\/api.w.org\/{rel}","templated":true}]}}