{"id":53528,"date":"2022-06-22T11:19:27","date_gmt":"2022-06-22T09:19:27","guid":{"rendered":"https:\/\/secureus.se\/produkt\/radiosandare-tth2641e1b\/"},"modified":"2026-04-08T16:44:11","modified_gmt":"2026-04-08T14:44:11","slug":"radiosandare-tth2641e1b","status":"publish","type":"product","link":"https:\/\/secureus.se\/dk\/radiosandare-tth2641e1b\/","title":{"rendered":"Radiosender Tth2641E1B"},"content":{"rendered":"<p>V\u00e6gmonteret radiosender i stilrent design med \u00e9n kanal og touch funktion, kan monteres udend\u00f8rs (IP55) og har lang r\u00e6kkevidde. Passer til alle CDVI radiomodtagere, der arbejder p\u00e5 samme frekvens (433,92MHz). Fremragende til styring af d\u00f8r\u00e5bnere, belysning, alarmer osv. F\u00e5s ogs\u00e5 i sort.<\/p>","protected":false},"excerpt":{"rendered":"<p>V\u00e6gmonteret radiosender i stilrent design med \u00e9n kanal og touch funktion, kan monteres udend\u00f8rs (IP55) og har lang r\u00e6kkevidde. Passer til alle CDVI radiomodtagere, der arbejder p\u00e5 samme frekvens (433,92MHz).<\/p>","protected":false},"featured_media":143553,"template":"","meta":{"_acf_changed":false},"product_brand":[],"product_cat":[1616],"product_tag":[2273],"class_list":{"0":"post-53528","1":"product","2":"type-product","3":"status-publish","4":"has-post-thumbnail","6":"product_cat-radiosandare-mottagare","7":"product_tag-radio-sandare-erone","8":"product_shipping_class-postnord-varubrev","9":"pa_brands-cdvi","10":"tm-no-options","12":"first","13":"outofstock","14":"sale","15":"taxable","16":"shipping-taxable","17":"purchasable","18":"product-type-simple"},"acf":[],"_links":{"self":[{"href":"https:\/\/secureus.se\/dk\/wp-json\/wp\/v2\/product\/53528","targetHints":{"allow":["GET"]}}],"collection":[{"href":"https:\/\/secureus.se\/dk\/wp-json\/wp\/v2\/product"}],"about":[{"href":"https:\/\/secureus.se\/dk\/wp-json\/wp\/v2\/types\/product"}],"wp:featuredmedia":[{"embeddable":true,"href":"https:\/\/secureus.se\/dk\/wp-json\/wp\/v2\/media\/143553"}],"wp:attachment":[{"href":"https:\/\/secureus.se\/dk\/wp-json\/wp\/v2\/media?parent=53528"}],"wp:term":[{"taxonomy":"product_brand","embeddable":true,"href":"https:\/\/secureus.se\/dk\/wp-json\/wp\/v2\/product_brand?post=53528"},{"taxonomy":"product_cat","embeddable":true,"href":"https:\/\/secureus.se\/dk\/wp-json\/wp\/v2\/product_cat?post=53528"},{"taxonomy":"product_tag","embeddable":true,"href":"https:\/\/secureus.se\/dk\/wp-json\/wp\/v2\/product_tag?post=53528"}],"curies":[{"name":"wp","href":"https:\/\/api.w.org\/{rel}","templated":true}]}}