{"id":53538,"date":"2022-06-21T17:55:46","date_gmt":"2022-06-21T15:55:46","guid":{"rendered":"https:\/\/secureus.se\/produkt\/zebra-zc300-plastic-card-printer-with-ethernet-dual-sided\/"},"modified":"2026-04-08T16:42:37","modified_gmt":"2026-04-08T14:42:37","slug":"kortskrivare-zebra-zc300-duplex","status":"publish","type":"product","link":"https:\/\/secureus.se\/dk\/kortskrivare-zebra-zc300-duplex\/","title":{"rendered":"Kortprinter Zebra ZC300 Duplex - ID-kortprinter med Ethernet"},"content":{"rendered":"<p><strong>Enkel og effektiv ID-kortskrivning med Zebra ZC300 Duplex:<\/strong> Zebra ZC300 plastikkortprinteren er designet til at g\u00f8re ID-kortudskrivning let og effektivt. Med avancerede funktioner og en intuitiv brugergr\u00e6nseflade er denne printer perfekt til at h\u00e5ndtere alt fra identitetskort til medlemskort.<\/p>\n<p><strong>Funktioner og fordele:<\/strong><\/p>\n<ul>\n<li><strong>H\u00f8j kapacitet:<\/strong> ZC300 kan printe op til 200 kort i timen, hvilket g\u00f8r den ideel til b\u00e5de sm\u00e5 og store m\u00e6ngder.<\/li>\n<li><strong>Fleksibilitet:<\/strong> Printeren kan h\u00e5ndtere b\u00e5de enkeltsidet og dobbeltsidet udskrivning, hvilket giver brugerne mulighed for at tilpasse deres kortudskrivning efter behov.<\/li>\n<li><strong>Sikkerhed:<\/strong> Udstyret med afl\u00e5selige bakker for at beskytte kort og materialer.<\/li>\n<li><strong>Brugervenlig:<\/strong> Den grafiske LCD-sk\u00e6rm og intuitive ikoner g\u00f8r det nemt at f\u00f8lge instruktionerne for vedligeholdelse og brug.<\/li>\n<\/ul>\n<p><strong>Teknisk specifikation:<\/strong><\/p>\n<ul>\n<li><strong>Udskrivningshastighed:<\/strong> Op til 200 kort i timen (farvetryk, enkeltsidet).<\/li>\n<li><strong>Kapacitet:<\/strong> Dual-input kortf\u00f8der til 100 kort.<\/li>\n<li><strong>Korttype:<\/strong> ISO 7810 format, CR80, ID-1 st\u00f8rrelse, kompatibel med PVC, PET og PC-kort.<\/li>\n<li><strong>Forbindelser:<\/strong> USB 2.0 og Ethernet.<\/li>\n<\/ul>\n<p>Med sit robuste design og alsidige funktioner er Zebra ZC300 Duplex den p\u00e5lidelige og effektive l\u00f8sning til alle dine ID-kortudskrivningsbehov.<\/p>","protected":false},"excerpt":{"rendered":"<p>Zebra ZC300 er en premium ID-kortprinter designet til brugervenlighed, tilg\u00e6ngelig i b\u00e5de enkeltsidede og dobbeltsidede printmoduler.<\/p>\n<p>Det giver print i h\u00f8j kvalitet med imponerende hastighed og kan producere b\u00e5de fuldfarve og monokrome ID-kort i standard CR80-st\u00f8rrelse.<\/p>\n<p>Med to \u00e5rs printer- og printhovedgaranti er ZC300 den perfekte l\u00f8sning til dine ID-kortbehov.<\/p>","protected":false},"featured_media":144310,"template":"","meta":{"_acf_changed":false},"product_brand":[],"product_cat":[3210],"product_tag":[3172,4863,3069,3185],"class_list":{"0":"post-53538","1":"product","2":"type-product","3":"status-publish","4":"has-post-thumbnail","6":"product_cat-zebra","7":"product_tag-dubbelsidig-dual-side","8":"product_tag-pf","9":"product_tag-trade-produkt","10":"product_tag-zebra","11":"product_shipping_class-tunga-paket","12":"pa_brands-zebra","13":"pa_fabrikat-kortskrivare-zebra","14":"tm-no-options","16":"first","17":"instock","18":"sale","19":"taxable","20":"shipping-taxable","21":"purchasable","22":"product-type-simple"},"acf":[],"_links":{"self":[{"href":"https:\/\/secureus.se\/dk\/wp-json\/wp\/v2\/product\/53538","targetHints":{"allow":["GET"]}}],"collection":[{"href":"https:\/\/secureus.se\/dk\/wp-json\/wp\/v2\/product"}],"about":[{"href":"https:\/\/secureus.se\/dk\/wp-json\/wp\/v2\/types\/product"}],"wp:featuredmedia":[{"embeddable":true,"href":"https:\/\/secureus.se\/dk\/wp-json\/wp\/v2\/media\/144310"}],"wp:attachment":[{"href":"https:\/\/secureus.se\/dk\/wp-json\/wp\/v2\/media?parent=53538"}],"wp:term":[{"taxonomy":"product_brand","embeddable":true,"href":"https:\/\/secureus.se\/dk\/wp-json\/wp\/v2\/product_brand?post=53538"},{"taxonomy":"product_cat","embeddable":true,"href":"https:\/\/secureus.se\/dk\/wp-json\/wp\/v2\/product_cat?post=53538"},{"taxonomy":"product_tag","embeddable":true,"href":"https:\/\/secureus.se\/dk\/wp-json\/wp\/v2\/product_tag?post=53538"}],"curies":[{"name":"wp","href":"https:\/\/api.w.org\/{rel}","templated":true}]}}