{"id":53562,"date":"2022-06-21T18:15:33","date_gmt":"2022-06-21T16:15:33","guid":{"rendered":"https:\/\/secureus.se\/produkt\/fargo-45614-ymckok-half-panel-colour-ribbon-650-prints\/"},"modified":"2026-03-26T10:15:41","modified_gmt":"2026-03-26T09:15:41","slug":"ribbon-fargo-45614-ymckok-half-panel-colour-ribbon-650-prints","status":"publish","type":"product","link":"https:\/\/secureus.se\/dk\/ribbon-fargo-45614-ymckok-half-panel-colour-ribbon-650-prints\/","title":{"rendered":"Fargo 45614 YMCKOK halvpanel farveb\u00e5nd (650 print)"},"content":{"rendered":"<p>Fargo 45614 er et YMCKOK halvpanel farveb\u00e5nd, som er et halvstort gult, magenta og cyan panel, der kan udskrive billeder i fotokvalitet p\u00e5 den ene halvdel af et kort, mens de to sorte harpikspaneler kan udskrive klar tekst og stregkoder p\u00e5 den anden halvdel og omvendt. Det medf\u00f8lgende klare overlay hj\u00e6lper ogs\u00e5 med at beskytte kort mod daglig brug.<\/p>\n<ul>\n<li>\n<p>650 udskrifter<\/p>\n<\/li>\n<li>\n<p>YMCKOK-b\u00e5nd (gul, magenta, cyan, to sorte og overlejringspaneler)<\/p>\n<\/li>\n<li>\n<p>Kompatibel med Fargo DTC1500 kortprinter<\/p>\n<\/li>\n<\/ul>\n<p>\n <strong><br \/>\n Produktv\u00e6gt:<br \/>\n 0,35 kg<br \/>\n <\/strong>\n <\/p>","protected":false},"excerpt":{"rendered":"<p>Farveb\u00e5nd \u2013 B\u00e5nd \u2013 Genoverf\u00f8rsel til kortprinter og plastikkortprinter<\/p>","protected":false},"featured_media":144015,"template":"","meta":{"_acf_changed":false},"product_brand":[],"product_cat":[3214,4843],"product_tag":[3201,4863,2921,3069],"class_list":{"0":"post-53562","1":"product","2":"type-product","3":"status-publish","4":"has-post-thumbnail","6":"product_cat-fargo-fargband-retransfer","7":"product_cat-dtc1500-band","8":"product_tag-fargo-tillbehor","9":"product_tag-pf","10":"product_tag-ribbon-ymck-farg","11":"product_tag-trade-produkt","12":"product_shipping_class-tunga-paket","13":"pa_brands-fargo","14":"pa_fargband-kortskrivare-fargo","15":"tm-has-options","17":"first","18":"outofstock","19":"sale","20":"taxable","21":"shipping-taxable","22":"purchasable","23":"product-type-simple"},"acf":[],"_links":{"self":[{"href":"https:\/\/secureus.se\/dk\/wp-json\/wp\/v2\/product\/53562","targetHints":{"allow":["GET"]}}],"collection":[{"href":"https:\/\/secureus.se\/dk\/wp-json\/wp\/v2\/product"}],"about":[{"href":"https:\/\/secureus.se\/dk\/wp-json\/wp\/v2\/types\/product"}],"wp:featuredmedia":[{"embeddable":true,"href":"https:\/\/secureus.se\/dk\/wp-json\/wp\/v2\/media\/144015"}],"wp:attachment":[{"href":"https:\/\/secureus.se\/dk\/wp-json\/wp\/v2\/media?parent=53562"}],"wp:term":[{"taxonomy":"product_brand","embeddable":true,"href":"https:\/\/secureus.se\/dk\/wp-json\/wp\/v2\/product_brand?post=53562"},{"taxonomy":"product_cat","embeddable":true,"href":"https:\/\/secureus.se\/dk\/wp-json\/wp\/v2\/product_cat?post=53562"},{"taxonomy":"product_tag","embeddable":true,"href":"https:\/\/secureus.se\/dk\/wp-json\/wp\/v2\/product_tag?post=53562"}],"curies":[{"name":"wp","href":"https:\/\/api.w.org\/{rel}","templated":true}]}}