{"id":53575,"date":"2022-06-21T18:14:11","date_gmt":"2022-06-21T16:14:11","guid":{"rendered":"https:\/\/secureus.se\/produkt\/fargo-hdp5600-ymcki-full-color-ribbon-with-resin-black-and-inhibitor-panels-084515-500-prints\/"},"modified":"2026-03-26T10:08:46","modified_gmt":"2026-03-26T09:08:46","slug":"ribbon-fargo-hdp5600-ymcki-full-color-ribbon-with-resin-black-and-inhibitor-panels-084515-500-prints","status":"publish","type":"product","link":"https:\/\/secureus.se\/dk\/ribbon-fargo-hdp5600-ymcki-full-color-ribbon-with-resin-black-and-inhibitor-panels-084515-500-prints\/","title":{"rendered":"Farveb\u00e5nd Fargo HDP5600 YMCKI: Fuldfarveb\u00e5nd med sort harpiks og inhibitorpaneler, 084515 (500 print)"},"content":{"rendered":"<p>Fargo HDP5600 084515 YMCKI Ribbon er en fem-panel fuldfarve farvestof med sort harpiks velegnet til brug til Fargo HDP5600 kortprintere. Dette b\u00e5nd har et inhibitorpanel for at beskytte omr\u00e5der, der ikke er trykt, p\u00e5 plastkortets overflade, s\u00e5som signaturen og magnetstrimlerne.<\/p>\n<ul>\n<li>500 fuldfarve enkeltsidet print<\/li>\n<li>YMCKI b\u00e5nd (gul, magenta, cyan, sort og inhibitor paneler)<\/li>\n<li>Producentkode: 084515<\/li>\n<\/ul>\n<p>Kompatibel med Fargo HDP5600 kortprinteren<\/p>\n<p>\n <strong><br \/>\n Produktv\u00e6gt:<br \/>\n 0,20 kg<br \/>\n <\/strong>\n <\/p>","protected":false},"excerpt":{"rendered":"<p>Farveb\u00e5nd \u2013 B\u00e5nd \u2013 Genoverf\u00f8rsel til kortprinter og plastikkortprinter<\/p>","protected":false},"featured_media":143635,"template":"","meta":{"_acf_changed":false},"product_brand":[],"product_cat":[3214],"product_tag":[3201,4863,2922,2921,3069],"class_list":{"0":"post-53575","1":"product","2":"type-product","3":"status-publish","4":"has-post-thumbnail","6":"product_cat-fargo-fargband-retransfer","7":"product_tag-fargo-tillbehor","8":"product_tag-pf","9":"product_tag-ribbon-svart-black","10":"product_tag-ribbon-ymck-farg","11":"product_tag-trade-produkt","12":"product_shipping_class-tunga-paket","13":"pa_brands-fargo","14":"pa_fargband-kortskrivare-fargo","15":"tm-has-options","17":"first","18":"outofstock","19":"sale","20":"taxable","21":"shipping-taxable","22":"purchasable","23":"product-type-simple"},"acf":[],"_links":{"self":[{"href":"https:\/\/secureus.se\/dk\/wp-json\/wp\/v2\/product\/53575","targetHints":{"allow":["GET"]}}],"collection":[{"href":"https:\/\/secureus.se\/dk\/wp-json\/wp\/v2\/product"}],"about":[{"href":"https:\/\/secureus.se\/dk\/wp-json\/wp\/v2\/types\/product"}],"wp:featuredmedia":[{"embeddable":true,"href":"https:\/\/secureus.se\/dk\/wp-json\/wp\/v2\/media\/143635"}],"wp:attachment":[{"href":"https:\/\/secureus.se\/dk\/wp-json\/wp\/v2\/media?parent=53575"}],"wp:term":[{"taxonomy":"product_brand","embeddable":true,"href":"https:\/\/secureus.se\/dk\/wp-json\/wp\/v2\/product_brand?post=53575"},{"taxonomy":"product_cat","embeddable":true,"href":"https:\/\/secureus.se\/dk\/wp-json\/wp\/v2\/product_cat?post=53575"},{"taxonomy":"product_tag","embeddable":true,"href":"https:\/\/secureus.se\/dk\/wp-json\/wp\/v2\/product_tag?post=53575"}],"curies":[{"name":"wp","href":"https:\/\/api.w.org\/{rel}","templated":true}]}}