{"id":53576,"date":"2022-06-21T18:14:05","date_gmt":"2022-06-21T16:14:05","guid":{"rendered":"https:\/\/secureus.se\/produkt\/fargo-hdp5600-ymckh-full-colour-ribbon-with-resin-black-heat-seal-panel-084513-500-prints\/"},"modified":"2026-04-08T17:08:24","modified_gmt":"2026-04-08T15:08:24","slug":"ribbon-fargo-hdp5600-ymckh-full-colour-ribbon-with-resin-black-heat-seal-panel-084513-500-prints","status":"publish","type":"product","link":"https:\/\/secureus.se\/dk\/ribbon-fargo-hdp5600-ymckh-full-colour-ribbon-with-resin-black-heat-seal-panel-084513-500-prints\/","title":{"rendered":"F\u00e4rgband Fargo YMCKH &#8211; HDP5600, fullf\u00e4rg (500 utskrifter)"},"content":{"rendered":"<h1>F\u00e4rgband<br \/>\n  Fargo YMCKH &#8211; HDP5600, fullf\u00e4rg (500 utskrifter)<\/h1>\n<p>F\u00e4rgband Fargo YMCKH &#8211; HDP5600, fullf\u00e4rg (500 utskrifter) \u00e4r ett<br \/>\n  f\u00e4rgband f\u00f6r utskrift av plastkort med skarpa f\u00e4rger, tydlig text och bra<br \/>\n  detalj\u00e5tergivning. Bandtypen YMCKH ger r\u00e4tt kombination av f\u00e4rgpaneler f\u00f6r<br \/>\n  professionella kortutskrifter.<\/p>\n<p>Passar bra f\u00f6r ID-kort, passerkort, medlemskort och andra<br \/>\n  plastkort d\u00e4r h\u00f6g utskriftskvalitet och tillf\u00f6rlitlighet \u00e4r viktigt.<\/p>\n<ul>\n<li>Kapacitet: upp till 500 utskrifter<\/li>\n<li>Bandtyp: YMCKH<\/li>\n<li>Artikelnummer: 084513<\/li>\n<\/ul>\n<p><strong>Kompatibel med Fargo<br \/>\n  HDP5600.<\/strong><\/p>\n<p><strong>Produktv\u00e6gt:<\/strong> 0,25 kg<\/p>","protected":false},"excerpt":{"rendered":"<p>Farveb\u00e5nd \u2013 B\u00e5nd \u2013 Genoverf\u00f8rsel til kortprinter og plastikkortprinter<\/p>","protected":false},"featured_media":143811,"template":"","meta":{"_acf_changed":false},"product_brand":[],"product_cat":[3214],"product_tag":[3201,4863,2922,2921,3069],"class_list":{"0":"post-53576","1":"product","2":"type-product","3":"status-publish","4":"has-post-thumbnail","6":"product_cat-fargo-fargband-retransfer","7":"product_tag-fargo-tillbehor","8":"product_tag-pf","9":"product_tag-ribbon-svart-black","10":"product_tag-ribbon-ymck-farg","11":"product_tag-trade-produkt","12":"product_shipping_class-tunga-paket","13":"pa_brands-fargo","14":"pa_fargband-kortskrivare-fargo","15":"tm-has-options","17":"first","18":"outofstock","19":"sale","20":"taxable","21":"shipping-taxable","22":"purchasable","23":"product-type-simple"},"acf":[],"_links":{"self":[{"href":"https:\/\/secureus.se\/dk\/wp-json\/wp\/v2\/product\/53576","targetHints":{"allow":["GET"]}}],"collection":[{"href":"https:\/\/secureus.se\/dk\/wp-json\/wp\/v2\/product"}],"about":[{"href":"https:\/\/secureus.se\/dk\/wp-json\/wp\/v2\/types\/product"}],"wp:featuredmedia":[{"embeddable":true,"href":"https:\/\/secureus.se\/dk\/wp-json\/wp\/v2\/media\/143811"}],"wp:attachment":[{"href":"https:\/\/secureus.se\/dk\/wp-json\/wp\/v2\/media?parent=53576"}],"wp:term":[{"taxonomy":"product_brand","embeddable":true,"href":"https:\/\/secureus.se\/dk\/wp-json\/wp\/v2\/product_brand?post=53576"},{"taxonomy":"product_cat","embeddable":true,"href":"https:\/\/secureus.se\/dk\/wp-json\/wp\/v2\/product_cat?post=53576"},{"taxonomy":"product_tag","embeddable":true,"href":"https:\/\/secureus.se\/dk\/wp-json\/wp\/v2\/product_tag?post=53576"}],"curies":[{"name":"wp","href":"https:\/\/api.w.org\/{rel}","templated":true}]}}