{"id":53581,"date":"2022-06-21T18:13:40","date_gmt":"2022-06-21T16:13:40","guid":{"rendered":"https:\/\/secureus.se\/produkt\/fargo-dtc550-ymckok-full-colour-ribbon-086201-400-prints\/"},"modified":"2026-03-26T10:17:01","modified_gmt":"2026-03-26T09:17:01","slug":"ribbon-fargo-dtc550-ymckok-full-colour-ribbon-086201-400-prints","status":"publish","type":"product","link":"https:\/\/secureus.se\/dk\/ribbon-fargo-dtc550-ymckok-full-colour-ribbon-086201-400-prints\/","title":{"rendered":"Fargo DTC550 YMCKOK fuldfarveb\u00e5nd, 086201 (400 print)"},"content":{"rendered":"<p>Fargo 86201 YMCKOK Color Ribbon er et sekspanels fuldfarveb\u00e5nd med to s\u00e6t sort harpiksfarve og et overlay-laminat, der er egnet til brug til Fargo DTC550 ID-kortprintere. Dette b\u00e5nd leverer op til 400 billeder i h\u00f8j opl\u00f8sning, skarpe tekstudskrifter og l\u00e6sbare stregkoder p\u00e5 den ene eller begge sider af plastikkortet.<\/p>\n<ul>\n<li>400 fuldfarve enkeltsidet print<\/li>\n<li>YMCKOK b\u00e5nd (gul, magenta, cyan, sort, overlejring og sorte paneler)<\/li>\n<li>Producentkode: 86201<\/li>\n<\/ul>\n<p>Kompatibel med Fargo DTC550 kortprinter<\/p>\n<p>\n <strong><br \/>\n Produktv\u00e6gt:<br \/>\n 0,20 kg<br \/>\n <\/strong>\n <\/p>","protected":false},"excerpt":{"rendered":"<p>Farveb\u00e5nd \u2013 B\u00e5nd \u2013 Genoverf\u00f8rsel til kortprinter og plastikkortprinter<\/p>","protected":false},"featured_media":143523,"template":"","meta":{"_acf_changed":false},"product_brand":[],"product_cat":[3214,4847],"product_tag":[3201,4863,2921,3069],"class_list":{"0":"post-53581","1":"product","2":"type-product","3":"status-publish","4":"has-post-thumbnail","6":"product_cat-fargo-fargband-retransfer","7":"product_cat-dtc5500-band","8":"product_tag-fargo-tillbehor","9":"product_tag-pf","10":"product_tag-ribbon-ymck-farg","11":"product_tag-trade-produkt","12":"product_shipping_class-tunga-paket","13":"pa_brands-fargo","14":"pa_fargband-kortskrivare-fargo","15":"tm-has-options","17":"first","18":"outofstock","19":"sale","20":"taxable","21":"shipping-taxable","22":"purchasable","23":"product-type-simple"},"acf":[],"_links":{"self":[{"href":"https:\/\/secureus.se\/dk\/wp-json\/wp\/v2\/product\/53581","targetHints":{"allow":["GET"]}}],"collection":[{"href":"https:\/\/secureus.se\/dk\/wp-json\/wp\/v2\/product"}],"about":[{"href":"https:\/\/secureus.se\/dk\/wp-json\/wp\/v2\/types\/product"}],"wp:featuredmedia":[{"embeddable":true,"href":"https:\/\/secureus.se\/dk\/wp-json\/wp\/v2\/media\/143523"}],"wp:attachment":[{"href":"https:\/\/secureus.se\/dk\/wp-json\/wp\/v2\/media?parent=53581"}],"wp:term":[{"taxonomy":"product_brand","embeddable":true,"href":"https:\/\/secureus.se\/dk\/wp-json\/wp\/v2\/product_brand?post=53581"},{"taxonomy":"product_cat","embeddable":true,"href":"https:\/\/secureus.se\/dk\/wp-json\/wp\/v2\/product_cat?post=53581"},{"taxonomy":"product_tag","embeddable":true,"href":"https:\/\/secureus.se\/dk\/wp-json\/wp\/v2\/product_tag?post=53581"}],"curies":[{"name":"wp","href":"https:\/\/api.w.org\/{rel}","templated":true}]}}