{"id":53584,"date":"2022-06-21T18:13:23","date_gmt":"2022-06-21T16:13:23","guid":{"rendered":"https:\/\/secureus.se\/produkt\/fargo-dtc4500-premium-black-ribbon-045201-3000-prints\/"},"modified":"2026-04-08T17:06:53","modified_gmt":"2026-04-08T15:06:53","slug":"ribbon-fargo-dtc4500-premium-black-ribbon-045201-3000-prints","status":"publish","type":"product","link":"https:\/\/secureus.se\/dk\/ribbon-fargo-dtc4500-premium-black-ribbon-045201-3000-prints\/","title":{"rendered":"Fargo-b\u00e5nd \u2013 DTC4500 (3000 udskrifter)"},"content":{"rendered":"<h1>B\u00e5nd<br \/>\n  Fargo &#8211; DTC4500 (3000 utskrifter)<\/h1>\n<p>F\u00e4rgband Fargo &#8211; DTC4500 (3000 utskrifter) \u00e4r ett svart monokromt<br \/>\n  b\u00e5nd egnet til klar tekst, enkel linjegrafik og l\u00e6sbarhed<br \/>\n  Stregkoder p\u00e5 plastikkort.<\/p>\n<p>Velegnet til ID-kort, adgangskort, medlemskort og andet<br \/>\n  plastikkort, hvor h\u00f8j udskriftskvalitet og p\u00e5lidelighed er afg\u00f8rende<br \/>\n  vigtig.<\/p>\n<ul>\n<li>Kapacitet: op til 3.000 udskrifter<\/li>\n<li>Remtype: Sort monokrom<\/li>\n<li>Inkluderer reng\u00f8ringsrulle<\/li>\n<li>Artikelnummer: 45201<\/li>\n<\/ul>\n<p><strong>Kompatibel med Fargo<br \/>\n  DTC4500.<\/strong><\/p>\n<p><strong>Produktv\u00e6gt:<\/strong> 0,20 kg<\/p>","protected":false},"excerpt":{"rendered":"<p>Farveb\u00e5nd \u2013 B\u00e5nd \u2013 Genoverf\u00f8rsel til kortprinter og plastikkortprinter<\/p>","protected":false},"featured_media":144031,"template":"","meta":{"_acf_changed":false},"product_brand":[],"product_cat":[3214,4846],"product_tag":[3201,4863,2922,3069],"class_list":{"0":"post-53584","1":"product","2":"type-product","3":"status-publish","4":"has-post-thumbnail","6":"product_cat-fargo-fargband-retransfer","7":"product_cat-dtc4500-band","8":"product_tag-fargo-tillbehor","9":"product_tag-pf","10":"product_tag-ribbon-svart-black","11":"product_tag-trade-produkt","12":"product_shipping_class-tunga-paket","13":"pa_brands-fargo","14":"pa_fargband-kortskrivare-fargo","15":"tm-has-options","17":"first","18":"outofstock","19":"sale","20":"taxable","21":"shipping-taxable","22":"purchasable","23":"product-type-simple"},"acf":[],"_links":{"self":[{"href":"https:\/\/secureus.se\/dk\/wp-json\/wp\/v2\/product\/53584","targetHints":{"allow":["GET"]}}],"collection":[{"href":"https:\/\/secureus.se\/dk\/wp-json\/wp\/v2\/product"}],"about":[{"href":"https:\/\/secureus.se\/dk\/wp-json\/wp\/v2\/types\/product"}],"wp:featuredmedia":[{"embeddable":true,"href":"https:\/\/secureus.se\/dk\/wp-json\/wp\/v2\/media\/144031"}],"wp:attachment":[{"href":"https:\/\/secureus.se\/dk\/wp-json\/wp\/v2\/media?parent=53584"}],"wp:term":[{"taxonomy":"product_brand","embeddable":true,"href":"https:\/\/secureus.se\/dk\/wp-json\/wp\/v2\/product_brand?post=53584"},{"taxonomy":"product_cat","embeddable":true,"href":"https:\/\/secureus.se\/dk\/wp-json\/wp\/v2\/product_cat?post=53584"},{"taxonomy":"product_tag","embeddable":true,"href":"https:\/\/secureus.se\/dk\/wp-json\/wp\/v2\/product_tag?post=53584"}],"curies":[{"name":"wp","href":"https:\/\/api.w.org\/{rel}","templated":true}]}}