{"id":53598,"date":"2022-06-21T18:12:15","date_gmt":"2022-06-21T16:12:15","guid":{"rendered":"https:\/\/secureus.se\/produkt\/evolis-r7h006naa-half-panel-ymcko-colour-ribbon-250-prints\/"},"modified":"2026-04-23T12:44:57","modified_gmt":"2026-04-23T10:44:57","slug":"ribbon-evolis-r7h006naa-half-panel-ymcko-colour-ribbon-250-prints","status":"publish","type":"product","link":"https:\/\/secureus.se\/dk\/ribbon-evolis-r7h006naa-half-panel-ymcko-colour-ribbon-250-prints\/","title":{"rendered":"Evolis YMCKO b\u00e5nd \u2013 250, halvt panel (250 print)"},"content":{"rendered":"<h1>B\u00e5nd<br \/>\n  Evolis YMCKO &#8211; 250, halvpanel (250 utskrifter)<\/h1>\n<p>F\u00e4rgband Evolis YMCKO &#8211; 250, halvpanel (250 utskrifter) \u00e4r ett<br \/>\n  Farveb\u00e5nd til trykning af plastikkort med skarpe farver, klar tekst og god<br \/>\n  detaljeret gengivelse. YMCKOK-b\u00e5ndtypen giver den korrekte kombination af farvepaneler og<br \/>\n  Beskyttende overlay til professionel korttryk.<\/p>\n<p>Velegnet til ID-kort, adgangskort, medlemskort og andet<br \/>\n  plastikkort, hvor h\u00f8j udskriftskvalitet og p\u00e5lidelighed er afg\u00f8rende<br \/>\n  vigtig.<\/p>\n<ul>\n<li>Kapacitet: op til 250 udskrifter<\/li>\n<li>B\u00e5ndtype: YMCKOK<\/li>\n<li>Velegnet til dobbeltsidet korttryk<\/li>\n<li>Artikelnummer: R7H006NAA<\/li>\n<\/ul>\n<p><strong>Produktv\u00e6gt:<\/strong> 0,20 kg<\/p>","protected":false},"excerpt":{"rendered":"<p>Farveb\u00e5nd \u2013 B\u00e5nd \u2013 Genoverf\u00f8rsel til kortprinter og plastikkortprinter<\/p>","protected":false},"featured_media":143653,"template":"","meta":{"_acf_changed":false},"product_brand":[],"product_cat":[3213],"product_tag":[3181,4863,2921,3069],"class_list":{"0":"post-53598","1":"product","2":"type-product","3":"status-publish","4":"has-post-thumbnail","6":"product_cat-evolis-fargband-retransfer","7":"product_tag-evolis-tillbehor","8":"product_tag-pf","9":"product_tag-ribbon-ymck-farg","10":"product_tag-trade-produkt","11":"product_shipping_class-tunga-paket","12":"pa_brands-evolis","13":"pa_fargband-kortskrivare-evolis","14":"tm-has-options","16":"first","17":"instock","18":"sale","19":"taxable","20":"shipping-taxable","21":"purchasable","22":"product-type-simple"},"acf":[],"_links":{"self":[{"href":"https:\/\/secureus.se\/dk\/wp-json\/wp\/v2\/product\/53598","targetHints":{"allow":["GET"]}}],"collection":[{"href":"https:\/\/secureus.se\/dk\/wp-json\/wp\/v2\/product"}],"about":[{"href":"https:\/\/secureus.se\/dk\/wp-json\/wp\/v2\/types\/product"}],"wp:featuredmedia":[{"embeddable":true,"href":"https:\/\/secureus.se\/dk\/wp-json\/wp\/v2\/media\/143653"}],"wp:attachment":[{"href":"https:\/\/secureus.se\/dk\/wp-json\/wp\/v2\/media?parent=53598"}],"wp:term":[{"taxonomy":"product_brand","embeddable":true,"href":"https:\/\/secureus.se\/dk\/wp-json\/wp\/v2\/product_brand?post=53598"},{"taxonomy":"product_cat","embeddable":true,"href":"https:\/\/secureus.se\/dk\/wp-json\/wp\/v2\/product_cat?post=53598"},{"taxonomy":"product_tag","embeddable":true,"href":"https:\/\/secureus.se\/dk\/wp-json\/wp\/v2\/product_tag?post=53598"}],"curies":[{"name":"wp","href":"https:\/\/api.w.org\/{rel}","templated":true}]}}