{"id":53601,"date":"2022-06-21T18:12:02","date_gmt":"2022-06-21T16:12:02","guid":{"rendered":"https:\/\/secureus.se\/produkt\/magicard-ma1000k-red-ribbon-1000-prints\/"},"modified":"2026-03-26T10:18:07","modified_gmt":"2026-03-26T09:18:07","slug":"ribbon-magicard-ma1000k-red-ribbon-1000-prints","status":"publish","type":"product","link":"https:\/\/secureus.se\/dk\/ribbon-magicard-ma1000k-red-ribbon-1000-prints\/","title":{"rendered":"Magicard MA1000K-Red Ribbon (1000 prints)"},"content":{"rendered":"<p>Magicard MA1000K Red Ribbon er en monokrom harpiksfarve af h\u00f8j kvalitet i en levende r\u00f8d tone. Dette b\u00e5nd er certificeret ISEGA godkendt og garanteret sikkert at bruge med direkte f\u00f8devarekontakt. Det er et ideelt valg til udskrivning af giftfri etiketter og displaykort til enhver f\u00f8devarerelateret virksomhed.<\/p>\n<ul>\n<li>1.000 monokrome enkeltsidede udskrifter<\/li>\n<li>R\u00f8dt harpiksfarveb\u00e5nd<\/li>\n<li>Indeholder: 1x renserulle<\/li>\n<\/ul>\n<p>Kompatibel med Magicard Rio Pro, Rio Pro 360, Enduro, Pronto, Pronto100, Enduro3e, 300 og 600 kortprintere<\/p>\n<p><strong>ISEGA GODKENDT TIL DIREKTE F\u00d8DEVAREKONTAKT<\/strong><\/p>\n<p>Dette b\u00e5nd har opn\u00e5et ISEGA-certificering. Dette bekr\u00e6fter, at materialerne, der udg\u00f8r b\u00e5ndet, er kompatible med f\u00f8devarer.<\/p>\n<p>\n <strong><br \/>\n Produktv\u00e6gt:<br \/>\n 0,08 kg<br \/>\n <\/strong>\n <\/p>","protected":false},"excerpt":{"rendered":"<p>Farveb\u00e5nd \u2013 B\u00e5nd \u2013 Genoverf\u00f8rsel til kortprinter og plastikkortprinter<\/p>","protected":false},"featured_media":144483,"template":"","meta":{"_acf_changed":false},"product_brand":[],"product_cat":[3216,4829,4830,4836],"product_tag":[3182,4863,2922,3069],"class_list":{"0":"post-53601","1":"product","2":"type-product","3":"status-publish","4":"has-post-thumbnail","6":"product_cat-magicard-fargband-retransfer","7":"product_cat-magicard-300-band","8":"product_cat-magicard-600-band","9":"product_cat-magicard-pronto100-ribbons","10":"product_tag-magicard-tillbehor","11":"product_tag-pf","12":"product_tag-ribbon-svart-black","13":"product_tag-trade-produkt","14":"product_shipping_class-tunga-paket","15":"pa_brands-magicard","16":"pa_fargband-kortskrivare-magicard","17":"tm-has-options","19":"first","20":"outofstock","21":"sale","22":"taxable","23":"shipping-taxable","24":"purchasable","25":"product-type-simple"},"acf":[],"_links":{"self":[{"href":"https:\/\/secureus.se\/dk\/wp-json\/wp\/v2\/product\/53601","targetHints":{"allow":["GET"]}}],"collection":[{"href":"https:\/\/secureus.se\/dk\/wp-json\/wp\/v2\/product"}],"about":[{"href":"https:\/\/secureus.se\/dk\/wp-json\/wp\/v2\/types\/product"}],"wp:featuredmedia":[{"embeddable":true,"href":"https:\/\/secureus.se\/dk\/wp-json\/wp\/v2\/media\/144483"}],"wp:attachment":[{"href":"https:\/\/secureus.se\/dk\/wp-json\/wp\/v2\/media?parent=53601"}],"wp:term":[{"taxonomy":"product_brand","embeddable":true,"href":"https:\/\/secureus.se\/dk\/wp-json\/wp\/v2\/product_brand?post=53601"},{"taxonomy":"product_cat","embeddable":true,"href":"https:\/\/secureus.se\/dk\/wp-json\/wp\/v2\/product_cat?post=53601"},{"taxonomy":"product_tag","embeddable":true,"href":"https:\/\/secureus.se\/dk\/wp-json\/wp\/v2\/product_tag?post=53601"}],"curies":[{"name":"wp","href":"https:\/\/api.w.org\/{rel}","templated":true}]}}