{"id":53609,"date":"2022-06-21T18:11:11","date_gmt":"2022-06-21T16:11:11","guid":{"rendered":"https:\/\/secureus.se\/produkt\/fargo-44202-standard-black-ribbon-1000-prints\/"},"modified":"2026-03-26T10:12:42","modified_gmt":"2026-03-26T09:12:42","slug":"ribbon-fargo-44202-standard-black-ribbon-1000-prints","status":"publish","type":"product","link":"https:\/\/secureus.se\/dk\/ribbon-fargo-44202-standard-black-ribbon-1000-prints\/","title":{"rendered":"Fargo 44202 standard sort b\u00e5nd (1000 tryk)"},"content":{"rendered":"<p>Fargo 44202 Standard Black Ribbon er monokrom harpiksfarve, der bruges til direkte-til-kort-udskrivning af l\u00e6sbare stregkoder, ultra-skarpe tekstudskrifter og enkelt-line kunst. Dette b\u00e5nd er indkapslet i en plastikpatron, der let integreres med en rensevalse for at sikre en j\u00e6vn udskriftskvalitet.<\/p>\n<ul>\n<li>1.000 monokrome enkeltsidede udskrifter<\/li>\n<li>Sort harpiksfarveb\u00e5nd<\/li>\n<li>Inkluderer en renserulle<\/li>\n<\/ul>\n<p>Kompatibel med Fargo C30 og DTC300 kortprintere<\/p>\n<p>\n <strong><br \/>\n Produktv\u00e6gt:<br \/>\n 0,19 kg<br \/>\n <\/strong>\n <\/p>","protected":false},"excerpt":{"rendered":"<p>Farveb\u00e5nd \u2013 B\u00e5nd \u2013 Genoverf\u00f8rsel til kortprinter og plastikkortprinter<\/p>","protected":false},"featured_media":144089,"template":"","meta":{"_acf_changed":false},"product_brand":[],"product_cat":[3214,4848],"product_tag":[3201,4863,2922,3069],"class_list":{"0":"post-53609","1":"product","2":"type-product","3":"status-publish","4":"has-post-thumbnail","6":"product_cat-fargo-fargband-retransfer","7":"product_cat-c30-band","8":"product_tag-fargo-tillbehor","9":"product_tag-pf","10":"product_tag-ribbon-svart-black","11":"product_tag-trade-produkt","12":"product_shipping_class-tunga-paket","13":"pa_brands-fargo","14":"pa_fargband-kortskrivare-fargo","15":"tm-has-options","17":"first","18":"outofstock","19":"sale","20":"taxable","21":"shipping-taxable","22":"purchasable","23":"product-type-simple"},"acf":[],"_links":{"self":[{"href":"https:\/\/secureus.se\/dk\/wp-json\/wp\/v2\/product\/53609","targetHints":{"allow":["GET"]}}],"collection":[{"href":"https:\/\/secureus.se\/dk\/wp-json\/wp\/v2\/product"}],"about":[{"href":"https:\/\/secureus.se\/dk\/wp-json\/wp\/v2\/types\/product"}],"wp:featuredmedia":[{"embeddable":true,"href":"https:\/\/secureus.se\/dk\/wp-json\/wp\/v2\/media\/144089"}],"wp:attachment":[{"href":"https:\/\/secureus.se\/dk\/wp-json\/wp\/v2\/media?parent=53609"}],"wp:term":[{"taxonomy":"product_brand","embeddable":true,"href":"https:\/\/secureus.se\/dk\/wp-json\/wp\/v2\/product_brand?post=53609"},{"taxonomy":"product_cat","embeddable":true,"href":"https:\/\/secureus.se\/dk\/wp-json\/wp\/v2\/product_cat?post=53609"},{"taxonomy":"product_tag","embeddable":true,"href":"https:\/\/secureus.se\/dk\/wp-json\/wp\/v2\/product_tag?post=53609"}],"curies":[{"name":"wp","href":"https:\/\/api.w.org\/{rel}","templated":true}]}}