{"id":53624,"date":"2022-06-21T18:09:45","date_gmt":"2022-06-21T16:09:45","guid":{"rendered":"https:\/\/secureus.se\/produkt\/magicard-ma1000k-silver-ribbon-1000-prints\/"},"modified":"2026-03-26T10:19:30","modified_gmt":"2026-03-26T09:19:30","slug":"ribbon-magicard-ma1000k-silver-ribbon-1000-prints","status":"publish","type":"product","link":"https:\/\/secureus.se\/dk\/ribbon-magicard-ma1000k-silver-ribbon-1000-prints\/","title":{"rendered":"Magicard MA1000K-s\u00f8lvb\u00e5nd (1000 tryk)"},"content":{"rendered":"<p>Magicard MA1000K Silver Ribbon er en monokrom harpiksfarve af h\u00f8j kvalitet i s\u00f8lvmetallisk finish. Dette b\u00e5nd er certificeret ISEGA godkendt og garanteret sikkert at bruge med direkte f\u00f8devarekontakt. Det er et ideelt valg til udskrivning af giftfri etiketter og displaykort til enhver f\u00f8devarerelateret virksomhed.<\/p>\n<ul>\n<li>1.000 monokrome enkeltsidede udskrifter<\/li>\n<li>Metallisk s\u00f8lvharpiksfarve<\/li>\n<li>Indeholder: 1x renserulle<\/li>\n<\/ul>\n<p>Kompatibel med Magicard Rio Pro, Rio Pro 360, Enduro, Pronto, Pronto100, Enduro3e, 300 og 600 kortprintere<\/p>\n<p><strong>ISEGA GODKENDT TIL DIREKTE F\u00d8DEVAREKONTAKT<\/strong><\/p>\n<p>Dette b\u00e5nd har opn\u00e5et ISEGA-certificering. Dette bekr\u00e6fter, at materialerne, der udg\u00f8r b\u00e5ndet, er kompatible med f\u00f8devarer.<\/p>\n<p>\n <strong><br \/>\n Produktv\u00e6gt:<br \/>\n 0,13 kg<br \/>\n <\/strong>\n <\/p>","protected":false},"excerpt":{"rendered":"<p>Farveb\u00e5nd \u2013 B\u00e5nd \u2013 Genoverf\u00f8rsel til kortprinter og plastikkortprinter<\/p>","protected":false},"featured_media":143881,"template":"","meta":{"_acf_changed":false},"product_brand":[],"product_cat":[3216,4829,4830,4839,4837,4836,4833,4834],"product_tag":[3182,4863,2922,3069],"class_list":{"0":"post-53624","1":"product","2":"type-product","3":"status-publish","4":"has-post-thumbnail","6":"product_cat-magicard-fargband-retransfer","7":"product_cat-magicard-300-band","8":"product_cat-magicard-600-band","9":"product_cat-magicard-enduro-band","10":"product_cat-magicard-pronto-band","11":"product_cat-magicard-pronto100-ribbons","12":"product_cat-magicard-rio-pro-360-band","13":"product_cat-magicard-rio-pro-ribbons","14":"product_tag-magicard-tillbehor","15":"product_tag-pf","16":"product_tag-ribbon-svart-black","17":"product_tag-trade-produkt","18":"product_shipping_class-tunga-paket","19":"pa_brands-magicard","20":"pa_fargband-kortskrivare-magicard","21":"tm-has-options","23":"first","24":"instock","25":"sale","26":"taxable","27":"shipping-taxable","28":"purchasable","29":"product-type-simple"},"acf":[],"_links":{"self":[{"href":"https:\/\/secureus.se\/dk\/wp-json\/wp\/v2\/product\/53624","targetHints":{"allow":["GET"]}}],"collection":[{"href":"https:\/\/secureus.se\/dk\/wp-json\/wp\/v2\/product"}],"about":[{"href":"https:\/\/secureus.se\/dk\/wp-json\/wp\/v2\/types\/product"}],"wp:featuredmedia":[{"embeddable":true,"href":"https:\/\/secureus.se\/dk\/wp-json\/wp\/v2\/media\/143881"}],"wp:attachment":[{"href":"https:\/\/secureus.se\/dk\/wp-json\/wp\/v2\/media?parent=53624"}],"wp:term":[{"taxonomy":"product_brand","embeddable":true,"href":"https:\/\/secureus.se\/dk\/wp-json\/wp\/v2\/product_brand?post=53624"},{"taxonomy":"product_cat","embeddable":true,"href":"https:\/\/secureus.se\/dk\/wp-json\/wp\/v2\/product_cat?post=53624"},{"taxonomy":"product_tag","embeddable":true,"href":"https:\/\/secureus.se\/dk\/wp-json\/wp\/v2\/product_tag?post=53624"}],"curies":[{"name":"wp","href":"https:\/\/api.w.org\/{rel}","templated":true}]}}