{"id":53627,"date":"2022-06-21T18:09:28","date_gmt":"2022-06-21T16:09:28","guid":{"rendered":"https:\/\/secureus.se\/produkt\/magicard-ma1000k-blue-ribbon-1000-prints\/"},"modified":"2026-04-08T16:51:21","modified_gmt":"2026-04-08T14:51:21","slug":"ribbon-magicard-ma1000k-blue-ribbon-1000-prints","status":"publish","type":"product","link":"https:\/\/secureus.se\/dk\/ribbon-magicard-ma1000k-blue-ribbon-1000-prints\/","title":{"rendered":"Magicard-b\u00e5nd \u2013 MA1000K- (1000 print)"},"content":{"rendered":"<h1>B\u00e5nd<br \/>\n  Magicard &#8211; MA1000K- (1000 utskrifter)<\/h1>\n<p>F\u00e4rgband Magicard &#8211; MA1000K- (1000 utskrifter) \u00e4r ett<br \/>\n  originalt kortprintertilbeh\u00f8r, der er designet til p\u00e5lidelig og<br \/>\n  professionel kortproduktion.<\/p>\n<p>Bandet \u00e4r ISEGA-godk\u00e4nt f\u00f6r direkt kontakt med<br \/>\n  livsmedel.<\/p>\n<ul>\n<li>Kapacitet: op til 1.000 udskrifter<\/li>\n<li>Inkluderer reng\u00f8ringsrulle<\/li>\n<li>ISEGA-godkendt til direkte kontakt med f\u00f8devarer<\/li>\n<li>Artikelnummer: ENBL<\/li>\n<\/ul>\n<p><strong>Kompatibel med Magicard Rio Pro, Rio Pro 360,<br \/>\n  Enduro, Pronto, Pronto100, Enduro3e, 300 och 600.<\/strong><\/p>\n<p><strong>Produktv\u00e6gt:<\/strong> 0,12 kg<\/p>","protected":false},"excerpt":{"rendered":"<p>Farveb\u00e5nd \u2013 B\u00e5nd \u2013 Genoverf\u00f8rsel til kortprinter og plastikkortprinter<\/p>","protected":false},"featured_media":144518,"template":"","meta":{"_acf_changed":false},"product_brand":[],"product_cat":[3216,4829,4830,4836],"product_tag":[3182,4863,2922,3069],"class_list":{"0":"post-53627","1":"product","2":"type-product","3":"status-publish","4":"has-post-thumbnail","6":"product_cat-magicard-fargband-retransfer","7":"product_cat-magicard-300-band","8":"product_cat-magicard-600-band","9":"product_cat-magicard-pronto100-ribbons","10":"product_tag-magicard-tillbehor","11":"product_tag-pf","12":"product_tag-ribbon-svart-black","13":"product_tag-trade-produkt","14":"product_shipping_class-tunga-paket","15":"pa_brands-magicard","16":"pa_fargband-kortskrivare-magicard","17":"tm-has-options","19":"first","20":"instock","21":"sale","22":"taxable","23":"shipping-taxable","24":"purchasable","25":"product-type-simple"},"acf":[],"_links":{"self":[{"href":"https:\/\/secureus.se\/dk\/wp-json\/wp\/v2\/product\/53627","targetHints":{"allow":["GET"]}}],"collection":[{"href":"https:\/\/secureus.se\/dk\/wp-json\/wp\/v2\/product"}],"about":[{"href":"https:\/\/secureus.se\/dk\/wp-json\/wp\/v2\/types\/product"}],"wp:featuredmedia":[{"embeddable":true,"href":"https:\/\/secureus.se\/dk\/wp-json\/wp\/v2\/media\/144518"}],"wp:attachment":[{"href":"https:\/\/secureus.se\/dk\/wp-json\/wp\/v2\/media?parent=53627"}],"wp:term":[{"taxonomy":"product_brand","embeddable":true,"href":"https:\/\/secureus.se\/dk\/wp-json\/wp\/v2\/product_brand?post=53627"},{"taxonomy":"product_cat","embeddable":true,"href":"https:\/\/secureus.se\/dk\/wp-json\/wp\/v2\/product_cat?post=53627"},{"taxonomy":"product_tag","embeddable":true,"href":"https:\/\/secureus.se\/dk\/wp-json\/wp\/v2\/product_tag?post=53627"}],"curies":[{"name":"wp","href":"https:\/\/api.w.org\/{rel}","templated":true}]}}