{"id":53633,"date":"2022-06-21T18:08:57","date_gmt":"2022-06-21T16:08:57","guid":{"rendered":"https:\/\/secureus.se\/produkt\/magicard-prima-831-ymck-ribbon-retransfer-film-set-1000-prints\/"},"modified":"2026-04-08T17:04:04","modified_gmt":"2026-04-08T15:04:04","slug":"ribbon-magicard-prima-831-ymck-ribbon-retransfer-film-set-1000-prints","status":"publish","type":"product","link":"https:\/\/secureus.se\/dk\/ribbon-magicard-prima-831-ymck-ribbon-retransfer-film-set-1000-prints\/","title":{"rendered":"Retransferfilm Magicard Prima YMCK \u2013 831 (1000 print)"},"content":{"rendered":"<h1>Overf\u00f8r film igen<br \/>\n  Magicard Prima YMCK &#8211; 831 (1000 utskrifter)<\/h1>\n<p>Retransferfilm Magicard Prima YMCK &#8211; 831 (1000 utskrifter) \u00e4r ett<br \/>\n  komplett set med f\u00e4rgband och retransferfilm f\u00f6r h\u00f6guppl\u00f6st kortutskrift.<br \/>\n  Kombinationen ger skarpa f\u00e4rger, tydlig text och ett skyddande lager som g\u00f6r<br \/>\n  korten mer t\u00e5liga i daglig anv\u00e4ndning.<\/p>\n<p>Et godt valg, n\u00e5r du vil forl\u00e6nge levetiden p\u00e5 dine kort, forbedre<br \/>\n  holdbarhed og f\u00e5 et mere professionelt slutresultat.<\/p>\n<ul>\n<li>Kapacitet: upp till 1 000 utskrifter per rulle<\/li>\n<li>B\u00e5ndtype: YMCK<\/li>\n<li>Artikelnummer: PRIMA831<\/li>\n<\/ul>\n<p><strong>Kompatibel med Magicard Prima<br \/>\n  8.<\/strong><\/p>\n<p><strong>Produktv\u00e6gt:<\/strong> 0,60 kg<\/p>","protected":false},"excerpt":{"rendered":"<p>Farveb\u00e5nd \u2013 B\u00e5nd \u2013 Genoverf\u00f8rsel til kortprinter og plastikkortprinter<\/p>","protected":false},"featured_media":143598,"template":"","meta":{"_acf_changed":false},"product_brand":[],"product_cat":[3216,4838],"product_tag":[3182,4863,2923,2921,3069],"class_list":{"0":"post-53633","1":"product","2":"type-product","3":"status-publish","4":"has-post-thumbnail","6":"product_cat-magicard-fargband-retransfer","7":"product_cat-magicard-prima-band","8":"product_tag-magicard-tillbehor","9":"product_tag-pf","10":"product_tag-ribbon-retransfer","11":"product_tag-ribbon-ymck-farg","12":"product_tag-trade-produkt","13":"product_shipping_class-tunga-paket","14":"pa_brands-magicard","15":"pa_fargband-kortskrivare-magicard","16":"tm-has-options","18":"first","19":"instock","20":"sale","21":"taxable","22":"shipping-taxable","23":"purchasable","24":"product-type-simple"},"acf":[],"_links":{"self":[{"href":"https:\/\/secureus.se\/dk\/wp-json\/wp\/v2\/product\/53633","targetHints":{"allow":["GET"]}}],"collection":[{"href":"https:\/\/secureus.se\/dk\/wp-json\/wp\/v2\/product"}],"about":[{"href":"https:\/\/secureus.se\/dk\/wp-json\/wp\/v2\/types\/product"}],"wp:featuredmedia":[{"embeddable":true,"href":"https:\/\/secureus.se\/dk\/wp-json\/wp\/v2\/media\/143598"}],"wp:attachment":[{"href":"https:\/\/secureus.se\/dk\/wp-json\/wp\/v2\/media?parent=53633"}],"wp:term":[{"taxonomy":"product_brand","embeddable":true,"href":"https:\/\/secureus.se\/dk\/wp-json\/wp\/v2\/product_brand?post=53633"},{"taxonomy":"product_cat","embeddable":true,"href":"https:\/\/secureus.se\/dk\/wp-json\/wp\/v2\/product_cat?post=53633"},{"taxonomy":"product_tag","embeddable":true,"href":"https:\/\/secureus.se\/dk\/wp-json\/wp\/v2\/product_tag?post=53633"}],"curies":[{"name":"wp","href":"https:\/\/api.w.org\/{rel}","templated":true}]}}