{"id":53635,"date":"2022-06-21T18:08:42","date_gmt":"2022-06-21T16:08:42","guid":{"rendered":"https:\/\/secureus.se\/produkt\/evolis-r2131-black-monochrome-ribbon-3000-prints\/"},"modified":"2026-04-23T12:48:46","modified_gmt":"2026-04-23T10:48:46","slug":"ribbon-evolis-r2131-black-monochrome-ribbon-3000-prints","status":"publish","type":"product","link":"https:\/\/secureus.se\/dk\/ribbon-evolis-r2131-black-monochrome-ribbon-3000-prints\/","title":{"rendered":"Evolis b\u00e5nd \u2013 R2131, sort monokrom (3000 print)"},"content":{"rendered":"<h1>B\u00e5nd<br \/>\n  Evolis &#8211; R2131, svart monokrom (3000 utskrifter)<\/h1>\n<p>F\u00e4rgband Evolis &#8211; R2131, svart monokrom (3000 utskrifter) \u00e4r ett<br \/>\n  sort monokrom b\u00e5nd egnet til klar tekst, enkel linjegrafik og<br \/>\n  l\u00e6sbare stregkoder p\u00e5 plastikkort.<\/p>\n<p>Velegnet til ID-kort, adgangskort, medlemskort og andet<br \/>\n  plastikkort, hvor h\u00f8j udskriftskvalitet og p\u00e5lidelighed er afg\u00f8rende<br \/>\n  vigtig.<\/p>\n<ul>\n<li>Kapacitet: op til 3.000 udskrifter<\/li>\n<li>Remtype: Sort monokrom<\/li>\n<li>Artikelnummer: R2131<\/li>\n<\/ul>\n<p><strong>Kompatibel med Evolis Quantum.<\/strong><\/p>\n<p><strong>Produktv\u00e6gt:<\/strong> 0,20 kg<\/p>","protected":false},"excerpt":{"rendered":"<p>Farveb\u00e5nd \u2013 B\u00e5nd \u2013 Genoverf\u00f8rsel til kortprinter og plastikkortprinter<\/p>","protected":false},"featured_media":144148,"template":"","meta":{"_acf_changed":false},"product_brand":[],"product_cat":[3213,4860],"product_tag":[3181,4863,2922,3069],"class_list":{"0":"post-53635","1":"product","2":"type-product","3":"status-publish","4":"has-post-thumbnail","6":"product_cat-evolis-fargband-retransfer","7":"product_cat-quantum","8":"product_tag-evolis-tillbehor","9":"product_tag-pf","10":"product_tag-ribbon-svart-black","11":"product_tag-trade-produkt","12":"product_shipping_class-tunga-paket","13":"pa_brands-evolis","14":"pa_fargband-kortskrivare-evolis","15":"tm-has-options","17":"first","18":"instock","19":"sale","20":"taxable","21":"shipping-taxable","22":"purchasable","23":"product-type-simple"},"acf":[],"_links":{"self":[{"href":"https:\/\/secureus.se\/dk\/wp-json\/wp\/v2\/product\/53635","targetHints":{"allow":["GET"]}}],"collection":[{"href":"https:\/\/secureus.se\/dk\/wp-json\/wp\/v2\/product"}],"about":[{"href":"https:\/\/secureus.se\/dk\/wp-json\/wp\/v2\/types\/product"}],"wp:featuredmedia":[{"embeddable":true,"href":"https:\/\/secureus.se\/dk\/wp-json\/wp\/v2\/media\/144148"}],"wp:attachment":[{"href":"https:\/\/secureus.se\/dk\/wp-json\/wp\/v2\/media?parent=53635"}],"wp:term":[{"taxonomy":"product_brand","embeddable":true,"href":"https:\/\/secureus.se\/dk\/wp-json\/wp\/v2\/product_brand?post=53635"},{"taxonomy":"product_cat","embeddable":true,"href":"https:\/\/secureus.se\/dk\/wp-json\/wp\/v2\/product_cat?post=53635"},{"taxonomy":"product_tag","embeddable":true,"href":"https:\/\/secureus.se\/dk\/wp-json\/wp\/v2\/product_tag?post=53635"}],"curies":[{"name":"wp","href":"https:\/\/api.w.org\/{rel}","templated":true}]}}