{"id":53654,"date":"2022-06-21T18:06:39","date_gmt":"2022-06-21T16:06:39","guid":{"rendered":"https:\/\/secureus.se\/produkt\/evolis-r5h004naa-ymcko-half-panel-colour-ribbon-400-prints\/"},"modified":"2026-04-08T16:57:25","modified_gmt":"2026-04-08T14:57:25","slug":"ribbon-evolis-r5h004naa-ymcko-half-panel-colour-ribbon-400-prints","status":"publish","type":"product","link":"https:\/\/secureus.se\/dk\/ribbon-evolis-r5h004naa-ymcko-half-panel-colour-ribbon-400-prints\/","title":{"rendered":"Evolis YMCKO b\u00e5nd \u2013 400, halvt panel (400 print)"},"content":{"rendered":"<h1>B\u00e5nd<br \/>\n  Evolis YMCKO \u2013 400, halvt panel (400 print)<\/h1>\n<p>Evolis YMCKO \u2013 400 halvpanelb\u00e5nd (400 print) er et<br \/>\n  Farveb\u00e5nd til trykning af plastikkort med skarpe farver, klar tekst og god<br \/>\n  YMCKO-b\u00e5ndtypen giver den korrekte kombination af farvepaneler og<br \/>\n  Beskyttende overlay til professionel korttryk.<\/p>\n<p>Velegnet til ID-kort, adgangskort, medlemskort og andet<br \/>\n  plastikkort, hvor h\u00f8j udskriftskvalitet og p\u00e5lidelighed er afg\u00f8rende<br \/>\n  vigtig.<\/p>\n<ul>\n<li>Kapacitet: op til 400 udskrifter<\/li>\n<li>B\u00e5ndtype: YMCKO<\/li>\n<li>Artikelnummer: \u2013<\/li>\n<\/ul>\n<p><strong>Kompatibel med Evolis Primacy og Evolis<br \/>\n  Zenius.<\/strong><\/p>\n<p><strong>Produktv\u00e6gt:<\/strong> 0,26 kg<\/p>","protected":false},"excerpt":{"rendered":"<p>Farveb\u00e5nd \u2013 B\u00e5nd \u2013 Genoverf\u00f8rsel til kortprinter og plastikkortprinter<\/p>","protected":false},"featured_media":144195,"template":"","meta":{"_acf_changed":false},"product_brand":[],"product_cat":[3213,4858,4862],"product_tag":[3181,4863,2921,3069],"class_list":{"0":"post-53654","1":"product","2":"type-product","3":"status-publish","4":"has-post-thumbnail","6":"product_cat-evolis-fargband-retransfer","7":"product_cat-primacy","8":"product_cat-zenius","9":"product_tag-evolis-tillbehor","10":"product_tag-pf","11":"product_tag-ribbon-ymck-farg","12":"product_tag-trade-produkt","13":"product_shipping_class-tunga-paket","14":"pa_brands-evolis","15":"pa_fargband-kortskrivare-evolis","16":"tm-has-options","18":"first","19":"instock","20":"sale","21":"taxable","22":"shipping-taxable","23":"purchasable","24":"product-type-simple"},"acf":[],"_links":{"self":[{"href":"https:\/\/secureus.se\/dk\/wp-json\/wp\/v2\/product\/53654","targetHints":{"allow":["GET"]}}],"collection":[{"href":"https:\/\/secureus.se\/dk\/wp-json\/wp\/v2\/product"}],"about":[{"href":"https:\/\/secureus.se\/dk\/wp-json\/wp\/v2\/types\/product"}],"wp:featuredmedia":[{"embeddable":true,"href":"https:\/\/secureus.se\/dk\/wp-json\/wp\/v2\/media\/144195"}],"wp:attachment":[{"href":"https:\/\/secureus.se\/dk\/wp-json\/wp\/v2\/media?parent=53654"}],"wp:term":[{"taxonomy":"product_brand","embeddable":true,"href":"https:\/\/secureus.se\/dk\/wp-json\/wp\/v2\/product_brand?post=53654"},{"taxonomy":"product_cat","embeddable":true,"href":"https:\/\/secureus.se\/dk\/wp-json\/wp\/v2\/product_cat?post=53654"},{"taxonomy":"product_tag","embeddable":true,"href":"https:\/\/secureus.se\/dk\/wp-json\/wp\/v2\/product_tag?post=53654"}],"curies":[{"name":"wp","href":"https:\/\/api.w.org\/{rel}","templated":true}]}}