{"id":53660,"date":"2022-06-21T18:06:04","date_gmt":"2022-06-21T16:06:04","guid":{"rendered":"https:\/\/secureus.se\/produkt\/fargo-45101-premium-black-ribbon-1000-prints\/"},"modified":"2026-04-23T12:52:23","modified_gmt":"2026-04-23T10:52:23","slug":"ribbon-fargo-45101-premium-black-ribbon-1000-prints","status":"publish","type":"product","link":"https:\/\/secureus.se\/dk\/ribbon-fargo-45101-premium-black-ribbon-1000-prints\/","title":{"rendered":"Fargo-b\u00e5nd \u2013 45101 (1000 print)"},"content":{"rendered":"<h1>B\u00e5nd<br \/>\n  Fargo \u2013 45101 (1000 udskrifter)<\/h1>\n<p>Fargo Ribbon \u2013 45101 (1000 print) er en sort monokrom farve<br \/>\n  b\u00e5nd egnet til klar tekst, enkel linjegrafik og l\u00e6sbarhed<br \/>\n  Stregkoder p\u00e5 plastikkort.<\/p>\n<p>Velegnet til ID-kort, adgangskort, medlemskort og andet<br \/>\n  plastikkort, hvor h\u00f8j udskriftskvalitet og p\u00e5lidelighed er afg\u00f8rende<br \/>\n  vigtig.<\/p>\n<ul>\n<li>Kapacitet: op til 1.000 udskrifter<\/li>\n<li>Remtype: Sort monokrom<\/li>\n<li>Inkluderer reng\u00f8ringsrulle<\/li>\n<li>Velegnet til dobbeltsidet korttryk<\/li>\n<\/ul>\n<p><strong>Kompatibel med Fargo C50, DTC1000, DTC1250, DTC4000<br \/>\n  og DTC4250.<\/strong><\/p>\n<p><strong>Produktv\u00e6gt:<\/strong> 0,22 kg<\/p>","protected":false},"excerpt":{"rendered":"<p>Farveb\u00e5nd \u2013 B\u00e5nd \u2013 Genoverf\u00f8rsel til kortprinter og plastikkortprinter<\/p>","protected":false},"featured_media":143766,"template":"","meta":{"_acf_changed":false},"product_brand":[],"product_cat":[3214,4849,4842,4844,4845],"product_tag":[3201,4863,2922,3069],"class_list":{"0":"post-53660","1":"product","2":"type-product","3":"status-publish","4":"has-post-thumbnail","6":"product_cat-fargo-fargband-retransfer","7":"product_cat-c50-band","8":"product_cat-dtc1250-band","9":"product_cat-dtc4000-band","10":"product_cat-dtc4250-band","11":"product_tag-fargo-tillbehor","12":"product_tag-pf","13":"product_tag-ribbon-svart-black","14":"product_tag-trade-produkt","15":"product_shipping_class-tunga-paket","16":"pa_brands-fargo","17":"pa_fargband-kortskrivare-fargo","18":"tm-has-options","20":"first","21":"instock","22":"sale","23":"taxable","24":"shipping-taxable","25":"purchasable","26":"product-type-simple"},"acf":[],"_links":{"self":[{"href":"https:\/\/secureus.se\/dk\/wp-json\/wp\/v2\/product\/53660","targetHints":{"allow":["GET"]}}],"collection":[{"href":"https:\/\/secureus.se\/dk\/wp-json\/wp\/v2\/product"}],"about":[{"href":"https:\/\/secureus.se\/dk\/wp-json\/wp\/v2\/types\/product"}],"wp:featuredmedia":[{"embeddable":true,"href":"https:\/\/secureus.se\/dk\/wp-json\/wp\/v2\/media\/143766"}],"wp:attachment":[{"href":"https:\/\/secureus.se\/dk\/wp-json\/wp\/v2\/media?parent=53660"}],"wp:term":[{"taxonomy":"product_brand","embeddable":true,"href":"https:\/\/secureus.se\/dk\/wp-json\/wp\/v2\/product_brand?post=53660"},{"taxonomy":"product_cat","embeddable":true,"href":"https:\/\/secureus.se\/dk\/wp-json\/wp\/v2\/product_cat?post=53660"},{"taxonomy":"product_tag","embeddable":true,"href":"https:\/\/secureus.se\/dk\/wp-json\/wp\/v2\/product_tag?post=53660"}],"curies":[{"name":"wp","href":"https:\/\/api.w.org\/{rel}","templated":true}]}}