{"id":53674,"date":"2022-06-21T18:04:40","date_gmt":"2022-06-21T16:04:40","guid":{"rendered":"https:\/\/secureus.se\/produkt\/fargo-44230-ymcko-colour-ribbon-250-prints-special-price\/"},"modified":"2025-10-21T12:30:25","modified_gmt":"2025-10-21T10:30:25","slug":"ribbon-fargo-44230-ymcko-colour-ribbon-250-prints-special-price","status":"publish","type":"product","link":"https:\/\/secureus.se\/dk\/ribbon-fargo-44230-ymcko-colour-ribbon-250-prints-special-price\/","title":{"rendered":"Fargo 44230 YMCKO farveb\u00e5nd (250 tryk) ** S\u00c6RLIGE PRIS"},"content":{"rendered":"<p>Fargo 44230 YMCKO Color Ribbon er et 5-panels fuldfarveb\u00e5nd med sort harpiksfarve og overlay-laminat. Den leveres ogs\u00e5 med en rensevalse for at hj\u00e6lpe dine kunder med at opn\u00e5 j\u00e6vn printerydelse. Dette s\u00e6t er ideelt til virksomheder og institutioner med lav til medium eftersp\u00f8rgsel efter ID-kortudskrivning.<\/p>\n<ul>\n<li>250 enkeltsidede udskrifter pr. rulle<\/li>\n<li>YMCKO b\u00e5nd (gul, magenta, cyan, sort og overlejringspaneler)<\/li>\n<li>Inkluderer 1x renserulle<\/li>\n<\/ul>\n<p>Kompatibel med Fargo DTC400 kortprinteren<\/p>\n<p>\n <strong><br \/>\n Produktv\u00e6gt:<br \/>\n 0,23 kg<br \/>\n <\/strong>\n <\/p>","protected":false},"excerpt":{"rendered":"<p>Farveb\u00e5nd \u2013 B\u00e5nd \u2013 Genoverf\u00f8rsel til kortprinter og plastikkortprinter<\/p>","protected":false},"featured_media":143789,"template":"","meta":{"_acf_changed":false},"product_brand":[],"product_cat":[3214],"product_tag":[3201,4863,2921,3069],"class_list":{"0":"post-53674","1":"product","2":"type-product","3":"status-publish","4":"has-post-thumbnail","6":"product_cat-fargo-fargband-retransfer","7":"product_tag-fargo-tillbehor","8":"product_tag-pf","9":"product_tag-ribbon-ymck-farg","10":"product_tag-trade-produkt","11":"product_shipping_class-tunga-paket","12":"pa_brands-fargo","13":"pa_fargband-kortskrivare-fargo","14":"tm-has-options","16":"first","17":"instock","18":"sale","19":"taxable","20":"shipping-taxable","21":"purchasable","22":"product-type-simple"},"acf":[],"_links":{"self":[{"href":"https:\/\/secureus.se\/dk\/wp-json\/wp\/v2\/product\/53674","targetHints":{"allow":["GET"]}}],"collection":[{"href":"https:\/\/secureus.se\/dk\/wp-json\/wp\/v2\/product"}],"about":[{"href":"https:\/\/secureus.se\/dk\/wp-json\/wp\/v2\/types\/product"}],"wp:featuredmedia":[{"embeddable":true,"href":"https:\/\/secureus.se\/dk\/wp-json\/wp\/v2\/media\/143789"}],"wp:attachment":[{"href":"https:\/\/secureus.se\/dk\/wp-json\/wp\/v2\/media?parent=53674"}],"wp:term":[{"taxonomy":"product_brand","embeddable":true,"href":"https:\/\/secureus.se\/dk\/wp-json\/wp\/v2\/product_brand?post=53674"},{"taxonomy":"product_cat","embeddable":true,"href":"https:\/\/secureus.se\/dk\/wp-json\/wp\/v2\/product_cat?post=53674"},{"taxonomy":"product_tag","embeddable":true,"href":"https:\/\/secureus.se\/dk\/wp-json\/wp\/v2\/product_tag?post=53674"}],"curies":[{"name":"wp","href":"https:\/\/api.w.org\/{rel}","templated":true}]}}