{"id":53687,"date":"2022-06-21T18:03:43","date_gmt":"2022-06-21T16:03:43","guid":{"rendered":"https:\/\/secureus.se\/produkt\/fargo-hdp5000-ymckk-ribbon-084052-500-prints\/"},"modified":"2026-04-08T16:51:55","modified_gmt":"2026-04-08T14:51:55","slug":"ribbon-fargo-hdp5000-ymckk-ribbon-084052-500-prints","status":"publish","type":"product","link":"https:\/\/secureus.se\/dk\/ribbon-fargo-hdp5000-ymckk-ribbon-084052-500-prints\/","title":{"rendered":"Fargo HDP5000 YMCKK-b\u00e5nd \u2013 HDP5000 (500 udskrifter)"},"content":{"rendered":"<h1>B\u00e5nd<br \/>\n  Fargo HDP5000 YMCKK &#8211; HDP5000 (500 utskrifter)<\/h1>\n<p>F\u00e4rgband Fargo HDP5000 YMCKK &#8211; HDP5000 (500 utskrifter) \u00e4r ett<br \/>\n  Farveb\u00e5nd til trykning af plastikkort med skarpe farver, klar tekst og god<br \/>\n  detalj\u00e5tergivning. Bandtypen YMCKK ger r\u00e4tt kombination av f\u00e4rgpaneler f\u00f6r<br \/>\n  professionel korttrykning.<\/p>\n<p>Velegnet til ID-kort, adgangskort, medlemskort og andet<br \/>\n  plastikkort, hvor h\u00f8j udskriftskvalitet og p\u00e5lidelighed er vigtig.<\/p>\n<ul>\n<li>Kapacitet: op til 500 udskrifter<\/li>\n<li>B\u00e5ndtype: YMCKK<\/li>\n<li>Velegnet til dobbeltsidet korttryk<\/li>\n<li>Artikelnummer: 84052<\/li>\n<\/ul>\n<p><strong>Kompatibel med Fargo<br \/>\n  HDP5000.<\/strong><\/p>\n<p><strong>Produktv\u00e6gt:<\/strong> 0,26 kg<\/p>","protected":false},"excerpt":{"rendered":"<p>Farveb\u00e5nd \u2013 B\u00e5nd \u2013 Genoverf\u00f8rsel til kortprinter og plastikkortprinter<\/p>","protected":false},"featured_media":144013,"template":"","meta":{"_acf_changed":false},"product_brand":[],"product_cat":[3214,4850],"product_tag":[3201,4863,2921,3069],"class_list":{"0":"post-53687","1":"product","2":"type-product","3":"status-publish","4":"has-post-thumbnail","6":"product_cat-fargo-fargband-retransfer","7":"product_cat-hdp5000-band","8":"product_tag-fargo-tillbehor","9":"product_tag-pf","10":"product_tag-ribbon-ymck-farg","11":"product_tag-trade-produkt","12":"product_shipping_class-tunga-paket","13":"pa_brands-fargo","14":"pa_fargband-kortskrivare-fargo","15":"tm-has-options","17":"first","18":"outofstock","19":"sale","20":"taxable","21":"shipping-taxable","22":"purchasable","23":"product-type-simple"},"acf":[],"_links":{"self":[{"href":"https:\/\/secureus.se\/dk\/wp-json\/wp\/v2\/product\/53687","targetHints":{"allow":["GET"]}}],"collection":[{"href":"https:\/\/secureus.se\/dk\/wp-json\/wp\/v2\/product"}],"about":[{"href":"https:\/\/secureus.se\/dk\/wp-json\/wp\/v2\/types\/product"}],"wp:featuredmedia":[{"embeddable":true,"href":"https:\/\/secureus.se\/dk\/wp-json\/wp\/v2\/media\/144013"}],"wp:attachment":[{"href":"https:\/\/secureus.se\/dk\/wp-json\/wp\/v2\/media?parent=53687"}],"wp:term":[{"taxonomy":"product_brand","embeddable":true,"href":"https:\/\/secureus.se\/dk\/wp-json\/wp\/v2\/product_brand?post=53687"},{"taxonomy":"product_cat","embeddable":true,"href":"https:\/\/secureus.se\/dk\/wp-json\/wp\/v2\/product_cat?post=53687"},{"taxonomy":"product_tag","embeddable":true,"href":"https:\/\/secureus.se\/dk\/wp-json\/wp\/v2\/product_tag?post=53687"}],"curies":[{"name":"wp","href":"https:\/\/api.w.org\/{rel}","templated":true}]}}