{"id":53689,"date":"2022-06-21T18:03:32","date_gmt":"2022-06-21T16:03:32","guid":{"rendered":"https:\/\/secureus.se\/produkt\/evolis-rct023naa-black-monochrome-ribbon-2000-prints\/"},"modified":"2026-04-08T16:52:03","modified_gmt":"2026-04-08T14:52:03","slug":"ribbon-evolis-rct023naa-black-monochrome-ribbon-2000-prints","status":"publish","type":"product","link":"https:\/\/secureus.se\/dk\/ribbon-evolis-rct023naa-black-monochrome-ribbon-2000-prints\/","title":{"rendered":"F\u00e4rgband Evolis &#8211;\n  RCT023NAA, svart monokrom (2000 utskrifter)"},"content":{"rendered":"<h1>B\u00e5nd<br \/>\n  Evolis &#8211; RCT023NAA, svart monokrom (2000 utskrifter)<\/h1>\n<p>F\u00e4rgband Evolis &#8211; RCT023NAA, svart monokrom (2000 utskrifter) \u00e4r<br \/>\n  ett svart monokromt f\u00e4rgband som passar f\u00f6r tydlig text, enkla linjegrafiker<br \/>\n  og l\u00e6sbare stregkoder p\u00e5 plastikkort.<\/p>\n<p>Velegnet til ID-kort, adgangskort, medlemskort og andet<br \/>\n  plastikkort, hvor h\u00f8j udskriftskvalitet og p\u00e5lidelighed er afg\u00f8rende<br \/>\n  vigtig.<\/p>\n<ul>\n<li>Kapacitet: upp till 2 000 utskrifter<\/li>\n<li>Remtype: Sort monokrom<\/li>\n<li>L\u00e4mpligt f\u00f6r dubbelsidig kortutskrift<\/li>\n<li>Artikelnummer: RCT023NAA<\/li>\n<\/ul>\n<p><strong>Kompatibel med Evolis Zenius och<br \/>\n  Primacy.<\/strong><\/p>\n<p><strong>Produktv\u00e6gt:<\/strong> 0,30 kg<\/p>","protected":false},"excerpt":{"rendered":"<p>Farveb\u00e5nd \u2013 B\u00e5nd \u2013 Genoverf\u00f8rsel til kortprinter og plastikkortprinter<\/p>","protected":false},"featured_media":144653,"template":"","meta":{"_acf_changed":false},"product_brand":[],"product_cat":[3213,4858,4862],"product_tag":[3181,4863,2922,3069],"class_list":{"0":"post-53689","1":"product","2":"type-product","3":"status-publish","4":"has-post-thumbnail","6":"product_cat-evolis-fargband-retransfer","7":"product_cat-primacy","8":"product_cat-zenius","9":"product_tag-evolis-tillbehor","10":"product_tag-pf","11":"product_tag-ribbon-svart-black","12":"product_tag-trade-produkt","13":"product_shipping_class-tunga-paket","14":"pa_brands-evolis","15":"pa_fargband-kortskrivare-evolis","16":"tm-has-options","18":"first","19":"instock","20":"sale","21":"taxable","22":"shipping-taxable","23":"purchasable","24":"product-type-simple"},"acf":[],"_links":{"self":[{"href":"https:\/\/secureus.se\/dk\/wp-json\/wp\/v2\/product\/53689","targetHints":{"allow":["GET"]}}],"collection":[{"href":"https:\/\/secureus.se\/dk\/wp-json\/wp\/v2\/product"}],"about":[{"href":"https:\/\/secureus.se\/dk\/wp-json\/wp\/v2\/types\/product"}],"wp:featuredmedia":[{"embeddable":true,"href":"https:\/\/secureus.se\/dk\/wp-json\/wp\/v2\/media\/144653"}],"wp:attachment":[{"href":"https:\/\/secureus.se\/dk\/wp-json\/wp\/v2\/media?parent=53689"}],"wp:term":[{"taxonomy":"product_brand","embeddable":true,"href":"https:\/\/secureus.se\/dk\/wp-json\/wp\/v2\/product_brand?post=53689"},{"taxonomy":"product_cat","embeddable":true,"href":"https:\/\/secureus.se\/dk\/wp-json\/wp\/v2\/product_cat?post=53689"},{"taxonomy":"product_tag","embeddable":true,"href":"https:\/\/secureus.se\/dk\/wp-json\/wp\/v2\/product_tag?post=53689"}],"curies":[{"name":"wp","href":"https:\/\/api.w.org\/{rel}","templated":true}]}}