{"id":53698,"date":"2022-06-21T18:02:44","date_gmt":"2022-06-21T16:02:44","guid":{"rendered":"https:\/\/secureus.se\/produkt\/fargo-dtc4250-ymcko-full-colour-ribbon-045100-250-images\/"},"modified":"2026-04-08T16:48:31","modified_gmt":"2026-04-08T14:48:31","slug":"ribbon-fargo-dtc4250-ymcko-full-colour-ribbon-045100-250-images","status":"publish","type":"product","link":"https:\/\/secureus.se\/dk\/ribbon-fargo-dtc4250-ymcko-full-colour-ribbon-045100-250-images\/","title":{"rendered":"Fargo YMCKO b\u00e5nd \u2013 DTC4250, fuld farve (250 billeder)"},"content":{"rendered":"<h1>B\u00e5nd<br \/>\n  Fargo YMCKO &#8211; DTC4250, fullf\u00e4rg (250 bilder)<\/h1>\n<p>F\u00e4rgband Fargo YMCKO &#8211; DTC4250, fullf\u00e4rg (250 bilder) \u00e4r ett<br \/>\n  Farveb\u00e5nd til trykning af plastikkort med skarpe farver, klar tekst og god<br \/>\n  YMCKO-b\u00e5ndtypen giver den korrekte kombination af farvepaneler og<br \/>\n  Beskyttende overlay til professionel korttryk.<\/p>\n<p>Velegnet til ID-kort, adgangskort, medlemskort og andet<br \/>\n  plastikkort, hvor h\u00f8j udskriftskvalitet og p\u00e5lidelighed er afg\u00f8rende<br \/>\n  vigtig.<\/p>\n<ul>\n<li>Kapacitet: op til 250 udskrifter<\/li>\n<li>B\u00e5ndtype: YMCKO<\/li>\n<li>Artikelnummer: 45100<\/li>\n<\/ul>\n<p><strong>Kompatibel med Fargo<br \/>\n  DTC4000.<\/strong><\/p>\n<p><strong>Produktv\u00e6gt:<\/strong> 0,22 kg<\/p>","protected":false},"excerpt":{"rendered":"<p>Farveb\u00e5nd \u2013 B\u00e5nd \u2013 Genoverf\u00f8rsel til kortprinter og plastikkortprinter<\/p>","protected":false},"featured_media":144029,"template":"","meta":{"_acf_changed":false},"product_brand":[],"product_cat":[3214,4845],"product_tag":[3201,4863,2921,3069],"class_list":{"0":"post-53698","1":"product","2":"type-product","3":"status-publish","4":"has-post-thumbnail","6":"product_cat-fargo-fargband-retransfer","7":"product_cat-dtc4250-band","8":"product_tag-fargo-tillbehor","9":"product_tag-pf","10":"product_tag-ribbon-ymck-farg","11":"product_tag-trade-produkt","12":"product_shipping_class-tunga-paket","13":"pa_brands-fargo","14":"pa_fargband-kortskrivare-fargo","15":"tm-has-options","17":"first","18":"instock","19":"sale","20":"taxable","21":"shipping-taxable","22":"purchasable","23":"product-type-simple"},"acf":[],"_links":{"self":[{"href":"https:\/\/secureus.se\/dk\/wp-json\/wp\/v2\/product\/53698","targetHints":{"allow":["GET"]}}],"collection":[{"href":"https:\/\/secureus.se\/dk\/wp-json\/wp\/v2\/product"}],"about":[{"href":"https:\/\/secureus.se\/dk\/wp-json\/wp\/v2\/types\/product"}],"wp:featuredmedia":[{"embeddable":true,"href":"https:\/\/secureus.se\/dk\/wp-json\/wp\/v2\/media\/144029"}],"wp:attachment":[{"href":"https:\/\/secureus.se\/dk\/wp-json\/wp\/v2\/media?parent=53698"}],"wp:term":[{"taxonomy":"product_brand","embeddable":true,"href":"https:\/\/secureus.se\/dk\/wp-json\/wp\/v2\/product_brand?post=53698"},{"taxonomy":"product_cat","embeddable":true,"href":"https:\/\/secureus.se\/dk\/wp-json\/wp\/v2\/product_cat?post=53698"},{"taxonomy":"product_tag","embeddable":true,"href":"https:\/\/secureus.se\/dk\/wp-json\/wp\/v2\/product_tag?post=53698"}],"curies":[{"name":"wp","href":"https:\/\/api.w.org\/{rel}","templated":true}]}}