{"id":53704,"date":"2022-06-21T18:02:11","date_gmt":"2022-06-21T16:02:11","guid":{"rendered":"https:\/\/secureus.se\/produkt\/fargo-hdp5000-re-transfer-film-84053-1500-prints\/"},"modified":"2026-04-08T16:50:32","modified_gmt":"2026-04-08T14:50:32","slug":"ribbon-fargo-hdp5000-re-transfer-film-84053-1500-prints","status":"publish","type":"product","link":"https:\/\/secureus.se\/dk\/ribbon-fargo-hdp5000-re-transfer-film-84053-1500-prints\/","title":{"rendered":"Fargo HDP5000 \u2013 HDP5000 (1500 udskrifter)"},"content":{"rendered":"<h1>Fargo<br \/>\n  HDP5000 &#8211; HDP5000 (1500 utskrifter)<\/h1>\n<p>Fargo HDP5000 &#8211; HDP5000 (1500 utskrifter) \u00e4r en retransferfilm som<br \/>\n  anv\u00e4nds f\u00f6r att ge plastkort en j\u00e4mn, slitstark och professionell yta.<br \/>\n  Motivet skrivs p\u00e5 filmen och \u00f6verf\u00f6rs sedan till kortet, vilket ger h\u00f6g<br \/>\n  detaljrikedom och kant-till-kant-utskrift.<\/p>\n<p>Et godt valg, n\u00e5r du vil forl\u00e6nge levetiden p\u00e5 dine kort, forbedre<br \/>\n  holdbarhed og et mere professionelt slutresultat. Bruges sammen<br \/>\n  med HDP5000 ribbons and HDP5000 ID card printers.<\/p>\n<ul>\n<li>Kapacitet: upp till 1 500 utskrifter per rulle<\/li>\n<li>Originalt produkt<\/li>\n<li>Artikelnummer: 84053<\/li>\n<\/ul>\n<p><strong>Kompatibel med Fargo<br \/>\n  HDP5000.<\/strong><\/p>\n<p><strong>Produktv\u00e6gt:<\/strong> 0,30 kg<\/p>","protected":false},"excerpt":{"rendered":"<p>Farveb\u00e5nd \u2013 B\u00e5nd \u2013 Genoverf\u00f8rsel til kortprinter og plastikkortprinter<\/p>","protected":false},"featured_media":144038,"template":"","meta":{"_acf_changed":false},"product_brand":[],"product_cat":[3214,4850],"product_tag":[3201,4863,2923,3069],"class_list":{"0":"post-53704","1":"product","2":"type-product","3":"status-publish","4":"has-post-thumbnail","6":"product_cat-fargo-fargband-retransfer","7":"product_cat-hdp5000-band","8":"product_tag-fargo-tillbehor","9":"product_tag-pf","10":"product_tag-ribbon-retransfer","11":"product_tag-trade-produkt","12":"product_shipping_class-tunga-paket","13":"pa_brands-fargo","14":"pa_fargband-kortskrivare-fargo","15":"tm-has-options","17":"first","18":"outofstock","19":"sale","20":"taxable","21":"shipping-taxable","22":"purchasable","23":"product-type-simple"},"acf":[],"_links":{"self":[{"href":"https:\/\/secureus.se\/dk\/wp-json\/wp\/v2\/product\/53704","targetHints":{"allow":["GET"]}}],"collection":[{"href":"https:\/\/secureus.se\/dk\/wp-json\/wp\/v2\/product"}],"about":[{"href":"https:\/\/secureus.se\/dk\/wp-json\/wp\/v2\/types\/product"}],"wp:featuredmedia":[{"embeddable":true,"href":"https:\/\/secureus.se\/dk\/wp-json\/wp\/v2\/media\/144038"}],"wp:attachment":[{"href":"https:\/\/secureus.se\/dk\/wp-json\/wp\/v2\/media?parent=53704"}],"wp:term":[{"taxonomy":"product_brand","embeddable":true,"href":"https:\/\/secureus.se\/dk\/wp-json\/wp\/v2\/product_brand?post=53704"},{"taxonomy":"product_cat","embeddable":true,"href":"https:\/\/secureus.se\/dk\/wp-json\/wp\/v2\/product_cat?post=53704"},{"taxonomy":"product_tag","embeddable":true,"href":"https:\/\/secureus.se\/dk\/wp-json\/wp\/v2\/product_tag?post=53704"}],"curies":[{"name":"wp","href":"https:\/\/api.w.org\/{rel}","templated":true}]}}