{"id":53708,"date":"2022-06-21T18:01:54","date_gmt":"2022-06-21T16:01:54","guid":{"rendered":"https:\/\/secureus.se\/produkt\/magicard-ma250ymckok-colour-ribbon-250-prints\/"},"modified":"2026-04-23T12:43:39","modified_gmt":"2026-04-23T10:43:39","slug":"ribbon-magicard-ma250ymckok-colour-ribbon-250-prints","status":"publish","type":"product","link":"https:\/\/secureus.se\/dk\/ribbon-magicard-ma250ymckok-colour-ribbon-250-prints\/","title":{"rendered":"Magicard-b\u00e5nd \u2013 MA250YMCKOK (250 print)"},"content":{"rendered":"<h1>B\u00e5nd<br \/>\n  Magicard &#8211; MA250YMCKOK (250 utskrifter)<\/h1>\n<p>F\u00e4rgband Magicard &#8211; MA250YMCKOK (250 utskrifter) \u00e4r ett f\u00e4rgband<br \/>\n  til udskrivning af plastikkort med skarpe farver, klar tekst og god<br \/>\n  detaljeret gengivelse. YMCKOK-b\u00e5ndtypen giver den korrekte kombination af farvepaneler og<br \/>\n  Beskyttende overlay til professionel korttryk.<\/p>\n<p>Velegnet til ID-kort, adgangskort, medlemskort og andet<br \/>\n  plastikkort, hvor h\u00f8j udskriftskvalitet og p\u00e5lidelighed er afg\u00f8rende<br \/>\n  vigtig.<\/p>\n<ul>\n<li>Kapacitet: op til 250 udskrifter<\/li>\n<li>B\u00e5ndtype: YMCKOK<\/li>\n<li>Inkluderer reng\u00f8ringsrulle<\/li>\n<li>Velegnet til dobbeltsidet korttryk<\/li>\n<\/ul>\n<p><strong>Kompatibel med Magicard Enduro Duo, Rio Pro<br \/>\n  dual-sided och Rio Pro 360.<\/strong><\/p>\n<p><strong>Produktv\u00e6gt:<\/strong> 0,18 kg<\/p>","protected":false},"excerpt":{"rendered":"<p>Farveb\u00e5nd \u2013 B\u00e5nd \u2013 Genoverf\u00f8rsel til kortprinter og plastikkortprinter<\/p>","protected":false},"featured_media":143894,"template":"","meta":{"_acf_changed":false},"product_brand":[],"product_cat":[3216,4839,4833,4834],"product_tag":[3182,4863,2921,3069],"class_list":{"0":"post-53708","1":"product","2":"type-product","3":"status-publish","4":"has-post-thumbnail","6":"product_cat-magicard-fargband-retransfer","7":"product_cat-magicard-enduro-band","8":"product_cat-magicard-rio-pro-360-band","9":"product_cat-magicard-rio-pro-ribbons","10":"product_tag-magicard-tillbehor","11":"product_tag-pf","12":"product_tag-ribbon-ymck-farg","13":"product_tag-trade-produkt","14":"product_shipping_class-tunga-paket","15":"pa_brands-magicard","16":"pa_fargband-kortskrivare-magicard","17":"tm-has-options","19":"first","20":"instock","21":"sale","22":"taxable","23":"shipping-taxable","24":"purchasable","25":"product-type-simple"},"acf":[],"_links":{"self":[{"href":"https:\/\/secureus.se\/dk\/wp-json\/wp\/v2\/product\/53708","targetHints":{"allow":["GET"]}}],"collection":[{"href":"https:\/\/secureus.se\/dk\/wp-json\/wp\/v2\/product"}],"about":[{"href":"https:\/\/secureus.se\/dk\/wp-json\/wp\/v2\/types\/product"}],"wp:featuredmedia":[{"embeddable":true,"href":"https:\/\/secureus.se\/dk\/wp-json\/wp\/v2\/media\/143894"}],"wp:attachment":[{"href":"https:\/\/secureus.se\/dk\/wp-json\/wp\/v2\/media?parent=53708"}],"wp:term":[{"taxonomy":"product_brand","embeddable":true,"href":"https:\/\/secureus.se\/dk\/wp-json\/wp\/v2\/product_brand?post=53708"},{"taxonomy":"product_cat","embeddable":true,"href":"https:\/\/secureus.se\/dk\/wp-json\/wp\/v2\/product_cat?post=53708"},{"taxonomy":"product_tag","embeddable":true,"href":"https:\/\/secureus.se\/dk\/wp-json\/wp\/v2\/product_tag?post=53708"}],"curies":[{"name":"wp","href":"https:\/\/api.w.org\/{rel}","templated":true}]}}