{"id":53710,"date":"2022-06-21T18:01:40","date_gmt":"2022-06-21T16:01:40","guid":{"rendered":"https:\/\/secureus.se\/produkt\/magicard-ma300ymcko-colour-ribbon-300-prints\/"},"modified":"2026-04-08T16:48:04","modified_gmt":"2026-04-08T14:48:04","slug":"ribbon-magicard-ma300ymcko-colour-ribbon-300-prints","status":"publish","type":"product","link":"https:\/\/secureus.se\/dk\/ribbon-magicard-ma300ymcko-colour-ribbon-300-prints\/","title":{"rendered":"Magicard-b\u00e5nd \u2013 MA300YMCKO (300 print)"},"content":{"rendered":"<h1>B\u00e5nd<br \/>\n  Magicard &#8211; MA300YMCKO (300 utskrifter)<\/h1>\n<p>F\u00e4rgband Magicard &#8211; MA300YMCKO (300 utskrifter) \u00e4r ett f\u00e4rgband<br \/>\n  til udskrivning af plastikkort med skarpe farver, klar tekst og god<br \/>\n  YMCKO-b\u00e5ndtypen giver den korrekte kombination af farvepaneler og<br \/>\n  Beskyttende overlay til professionel korttryk.<\/p>\n<p>Velegnet til ID-kort, adgangskort, medlemskort og andet<br \/>\n  plastikkort, hvor h\u00f8j udskriftskvalitet og p\u00e5lidelighed er afg\u00f8rende<br \/>\n  vigtig.<\/p>\n<ul>\n<li>Kapacitet: op til 300 udskrifter<\/li>\n<li>B\u00e5ndtype: YMCKO<\/li>\n<li>Artikelnummer: MA300YMCKO<\/li>\n<\/ul>\n<p><strong>Kompatibel med Magicard Pronto, Magicard Enduro,<br \/>\n  Magicard Rio Pro 360, Magicard Rio Pro och Magicard Rio Pro<br \/>\n  Duo.<\/strong><\/p>\n<p><strong>Produktv\u00e6gt:<\/strong> 0,18 kg<\/p>","protected":false},"excerpt":{"rendered":"<p>Farveb\u00e5nd \u2013 B\u00e5nd \u2013 Genoverf\u00f8rsel til kortprinter og plastikkortprinter<\/p>","protected":false},"featured_media":144280,"template":"","meta":{"_acf_changed":false},"product_brand":[],"product_cat":[3216,4839,4837,4833,4834],"product_tag":[3182,4863,2921,3069],"class_list":{"0":"post-53710","1":"product","2":"type-product","3":"status-publish","4":"has-post-thumbnail","6":"product_cat-magicard-fargband-retransfer","7":"product_cat-magicard-enduro-band","8":"product_cat-magicard-pronto-band","9":"product_cat-magicard-rio-pro-360-band","10":"product_cat-magicard-rio-pro-ribbons","11":"product_tag-magicard-tillbehor","12":"product_tag-pf","13":"product_tag-ribbon-ymck-farg","14":"product_tag-trade-produkt","15":"product_shipping_class-tunga-paket","16":"pa_brands-magicard","17":"pa_fargband-kortskrivare-magicard","18":"tm-has-options","20":"first","21":"instock","22":"sale","23":"taxable","24":"shipping-taxable","25":"purchasable","26":"product-type-simple"},"acf":[],"_links":{"self":[{"href":"https:\/\/secureus.se\/dk\/wp-json\/wp\/v2\/product\/53710","targetHints":{"allow":["GET"]}}],"collection":[{"href":"https:\/\/secureus.se\/dk\/wp-json\/wp\/v2\/product"}],"about":[{"href":"https:\/\/secureus.se\/dk\/wp-json\/wp\/v2\/types\/product"}],"wp:featuredmedia":[{"embeddable":true,"href":"https:\/\/secureus.se\/dk\/wp-json\/wp\/v2\/media\/144280"}],"wp:attachment":[{"href":"https:\/\/secureus.se\/dk\/wp-json\/wp\/v2\/media?parent=53710"}],"wp:term":[{"taxonomy":"product_brand","embeddable":true,"href":"https:\/\/secureus.se\/dk\/wp-json\/wp\/v2\/product_brand?post=53710"},{"taxonomy":"product_cat","embeddable":true,"href":"https:\/\/secureus.se\/dk\/wp-json\/wp\/v2\/product_cat?post=53710"},{"taxonomy":"product_tag","embeddable":true,"href":"https:\/\/secureus.se\/dk\/wp-json\/wp\/v2\/product_tag?post=53710"}],"curies":[{"name":"wp","href":"https:\/\/api.w.org\/{rel}","templated":true}]}}