{"id":53713,"date":"2022-06-21T16:59:17","date_gmt":"2022-06-21T14:59:17","guid":{"rendered":"https:\/\/secureus.se\/produkt\/zebra-zc10l-large-format-dtc-printer-single-sided\/"},"modified":"2026-04-08T16:32:18","modified_gmt":"2026-04-08T14:32:18","slug":"kortskrivare-zebra-zc10l","status":"publish","type":"product","link":"https:\/\/secureus.se\/dk\/kortskrivare-zebra-zc10l\/","title":{"rendered":"Kortprinter Zebra ZC10L \u2013 Storformat DTC-printer (enkeltsidet)"},"content":{"rendered":"<p><strong>Effektiv og tilpasselig kortudskrivning med Zebra ZC10L:<\/strong> Zebra ZC10L er den eneste ID-kortprinter af sin slags, der kan producere kant-til-kant farvekort i fuld st\u00f8rrelse i et enkelt print.<\/p>\n<p>Det er perfekt til at skabe brugerdefinerede, overdimensionerede ID-kort og VIP-pas til enhver type begivenhed.<\/p>\n<p>Zebra ZC10L er specielt designet til at lave ekstra store ID-kort. ZC10L er skr\u00e6ddersyet til at im\u00f8dekomme behovene i hotel- og restaurationsbranchen og kan bruges til at lave g\u00e6stebadges og VIP-pas til konferencer, festivaler, messer, sportsbegivenheder og andre s\u00e6rlige begivenheder.<\/p>\n<p>Med festivals\u00e6sonen i f\u00e6rd med at n\u00e6rme sig, er denne printer helt sikkert et hit.<\/p>\n<p>Enest\u00e5ende fotokvalitet<br \/>\nPerfekt til hotel- og restaurationsbranchen og events<br \/>\nKortene m\u00e5ler 140 x 88 mm.<br \/>\n2 \u00e5rs\/20.000 kort producentgaranti<\/p>\n<p><strong>Funktioner og fordele:<\/strong><\/p>\n<ul>\n<li><strong>Hastighed:<\/strong> Print fuldfarvekort p\u00e5 kun 18 sekunder, hvilket g\u00f8r det muligt at h\u00e5ndtere store m\u00e6ngder p\u00e5 kort tid.<\/li>\n<li><strong>Kvalitet:<\/strong> Med en opl\u00f8sning p\u00e5 300 dpi leverer ZC10L enest\u00e5ende billedkvalitet, fyldige farver og spr\u00f8d tekst, der forvandler dine kort til mindev\u00e6rdige minder for g\u00e6ster.<\/li>\n<li><strong>Fleksibilitet:<\/strong> Printeren kan h\u00e5ndtere en r\u00e6kke forskellige korttyper, herunder medlemskort, adgangskontrolkort og begivenhedskort.<\/li>\n<li><strong>Brugervenlighed:<\/strong> Den grafiske brugerflade og den nemme installation betyder, at du hurtigt kan komme i gang med udskrivning.<\/li>\n<\/ul>\n<p><strong>Teknisk specifikation:<\/strong><\/p>\n<ul>\n<li><strong>Udskrivningshastighed:<\/strong> Op til 195 kort i timen til farveprint.<\/li>\n<li><strong>Kapacitet:<\/strong> 200 kort i inputbakken og 70 kort i outputbakken.<\/li>\n<li><strong>Forbindelser:<\/strong> USB og Ethernet for nem integration i dit netv\u00e6rk.<\/li>\n<\/ul>\n<p>Med sit innovative design og p\u00e5lidelige ydeevne er Zebra ZC10L den perfekte l\u00f8sning til alle dine kortudskrivningsbehov, uanset begivenhed eller anvendelse.<\/p>","protected":false},"excerpt":{"rendered":"<p>Zebra ZC10L storformat DTC-printer er den perfekte l\u00f8sning til hurtigt at printe tilpassede overst\u00f8rrelseskort.<\/p>\n<p>Denne printer producerer farverige kort p\u00e5 kun 18 sekunder og er ideel til konferencer, festivaler og begivenheder.<\/p>\n<p>Med to \u00e5rs garanti og muligheden for at skabe kort i fotokvalitet sikrer ZC10L, at dine g\u00e6ster f\u00e5r mindev\u00e6rdige oplevelser.<\/p>","protected":false},"featured_media":143754,"template":"","meta":{"_acf_changed":false},"product_brand":[],"product_cat":[3210],"product_tag":[2830,4863,3069,3185],"class_list":{"0":"post-53713","1":"product","2":"type-product","3":"status-publish","4":"has-post-thumbnail","6":"product_cat-zebra","7":"product_tag-kortprinter-direct-to-card","8":"product_tag-pf","9":"product_tag-trade-produkt","10":"product_tag-zebra","11":"product_shipping_class-tunga-paket","12":"pa_brands-zebra","13":"pa_fabrikat-kortskrivare-zebra","14":"tm-no-options","16":"first","17":"outofstock","18":"sale","19":"taxable","20":"shipping-taxable","21":"purchasable","22":"product-type-simple"},"acf":[],"_links":{"self":[{"href":"https:\/\/secureus.se\/dk\/wp-json\/wp\/v2\/product\/53713","targetHints":{"allow":["GET"]}}],"collection":[{"href":"https:\/\/secureus.se\/dk\/wp-json\/wp\/v2\/product"}],"about":[{"href":"https:\/\/secureus.se\/dk\/wp-json\/wp\/v2\/types\/product"}],"wp:featuredmedia":[{"embeddable":true,"href":"https:\/\/secureus.se\/dk\/wp-json\/wp\/v2\/media\/143754"}],"wp:attachment":[{"href":"https:\/\/secureus.se\/dk\/wp-json\/wp\/v2\/media?parent=53713"}],"wp:term":[{"taxonomy":"product_brand","embeddable":true,"href":"https:\/\/secureus.se\/dk\/wp-json\/wp\/v2\/product_brand?post=53713"},{"taxonomy":"product_cat","embeddable":true,"href":"https:\/\/secureus.se\/dk\/wp-json\/wp\/v2\/product_cat?post=53713"},{"taxonomy":"product_tag","embeddable":true,"href":"https:\/\/secureus.se\/dk\/wp-json\/wp\/v2\/product_tag?post=53713"}],"curies":[{"name":"wp","href":"https:\/\/api.w.org\/{rel}","templated":true}]}}