{"id":53715,"date":"2022-06-21T17:59:05","date_gmt":"2022-06-21T15:59:05","guid":{"rendered":"https:\/\/secureus.se\/produkt\/evolis-primacy-2-duplex-expert-id-card-printer-printer-dual-sided\/"},"modified":"2026-04-07T13:22:01","modified_gmt":"2026-04-07T11:22:01","slug":"kortskrivare-evolis-primacy-2-duplex-expert","status":"publish","type":"product","link":"https:\/\/secureus.se\/dk\/kortskrivare-evolis-primacy-2-duplex-expert\/","title":{"rendered":"Kortprinter Evolis Primacy 2 Duplex Expert - ID-kortprinter"},"content":{"rendered":"<p><strong>Effektiv og p\u00e5lidelig ID-kortudskrivning med Evolis Primacy 2:<\/strong> Evolis Primacy 2 Duplex Expert er designet til at levere fantastiske resultater med h\u00f8jtydende udskrivning.<\/p>\n<p>Det forbedrer og bygger videre p\u00e5 succesen med den tidligere model, Primacy, og tilbyder hurtigere udskrivningshastigheder, forbedret sikkerhed og en bedre brugeroplevelse.<\/p>\n<p><strong>Funktioner og fordele:<\/strong><\/p>\n<ul>\n<li><strong>Udskrifter i h\u00f8j kvalitet:<\/strong> Med 300 og 600 DPI kan du producere skarpe og detaljerede kort, der ser professionelle ud.<\/li>\n<li><strong>Hurtig print:<\/strong> Denne printer kan hurtigt producere store m\u00e6ngder ID-kort, hvilket g\u00f8r den ideel til mellemstore og store virksomheder.<\/li>\n<li><strong>Fleksibilitet:<\/strong> Flere udskrivningsmuligheder for at tilpasse til forskellige kortbehov.<\/li>\n<li><strong>Brugervenlig:<\/strong> Leveres med EasyBadge Lite-software til nemt kortdesign.<\/li>\n<\/ul>\n<p><strong>Teknisk specifikation:<\/strong><\/p>\n<ul>\n<li><strong>Udskrivningshastighed:<\/strong> Op til 225 farvekort i timen (farvetryk, dobbeltsidet).<\/li>\n<li><strong>Kapacitet:<\/strong> Dual-input kortf\u00f8der til 200 kort.<\/li>\n<li><strong>Korttype:<\/strong> ISO 7810 format, CR80, ID-1 st\u00f8rrelse, kompatibel med PVC, PET og PC-kort.<\/li>\n<li><strong>Forbindelser:<\/strong> USB og Ethernet.<\/li>\n<\/ul>\n<p>Med sin tre-\u00e5rige garanti og robuste design er Evolis Primacy 2 Duplex Expert en p\u00e5lidelig og effektiv l\u00f8sning til alle dine ID-kortudskrivningsbehov.<\/p>","protected":false},"excerpt":{"rendered":"<p>Evolis Primacy 2 Duplex Expert ID-kortprinteren tilbyder h\u00f8jtydende udskrivning med en printkvalitet p\u00e5 300 og 600 DPI.<\/p>\n<p>Denne dobbeltsidede printer har en imponerende hastighed og kan producere h\u00f8jvolumen kort p\u00e5 kort tid.<\/p>\n<p>Indeholder tre \u00e5rs garanti og gratis EasyBadge Lite-software, hvilket g\u00f8r det til en ideel l\u00f8sning for virksomheder, der kr\u00e6ver effektivitet og kvalitet.<\/p>","protected":false},"featured_media":144703,"template":"","meta":{"_acf_changed":false},"product_brand":[],"product_cat":[3205],"product_tag":[2830,3172,3176,4863,3069],"class_list":{"0":"post-53715","1":"product","2":"type-product","3":"status-publish","4":"has-post-thumbnail","6":"product_cat-evolis","7":"product_tag-kortprinter-direct-to-card","8":"product_tag-dubbelsidig-dual-side","9":"product_tag-evolis","10":"product_tag-pf","11":"product_tag-trade-produkt","12":"product_shipping_class-tunga-paket","13":"pa_brands-evolis","14":"pa_fabrikat-kortskrivare-evolis","15":"tm-no-options","17":"first","18":"instock","19":"sale","20":"taxable","21":"shipping-taxable","22":"purchasable","23":"product-type-simple"},"acf":[],"_links":{"self":[{"href":"https:\/\/secureus.se\/dk\/wp-json\/wp\/v2\/product\/53715","targetHints":{"allow":["GET"]}}],"collection":[{"href":"https:\/\/secureus.se\/dk\/wp-json\/wp\/v2\/product"}],"about":[{"href":"https:\/\/secureus.se\/dk\/wp-json\/wp\/v2\/types\/product"}],"wp:featuredmedia":[{"embeddable":true,"href":"https:\/\/secureus.se\/dk\/wp-json\/wp\/v2\/media\/144703"}],"wp:attachment":[{"href":"https:\/\/secureus.se\/dk\/wp-json\/wp\/v2\/media?parent=53715"}],"wp:term":[{"taxonomy":"product_brand","embeddable":true,"href":"https:\/\/secureus.se\/dk\/wp-json\/wp\/v2\/product_brand?post=53715"},{"taxonomy":"product_cat","embeddable":true,"href":"https:\/\/secureus.se\/dk\/wp-json\/wp\/v2\/product_cat?post=53715"},{"taxonomy":"product_tag","embeddable":true,"href":"https:\/\/secureus.se\/dk\/wp-json\/wp\/v2\/product_tag?post=53715"}],"curies":[{"name":"wp","href":"https:\/\/api.w.org\/{rel}","templated":true}]}}