{"id":53718,"date":"2022-06-21T16:58:46","date_gmt":"2022-06-21T14:58:46","guid":{"rendered":"https:\/\/secureus.se\/produkt\/magicard-pronto100-id-card-printer-single-sided\/"},"modified":"2026-04-10T16:07:31","modified_gmt":"2026-04-10T14:07:31","slug":"kortskrivare-magicard-pronto100","status":"publish","type":"product","link":"https:\/\/secureus.se\/dk\/kortskrivare-magicard-pronto100\/","title":{"rendered":"Kortprinter Magicard Pronto100 - ID-kortprinter (enkeltsidet)"},"content":{"rendered":"<header class=\"attribute-sleeve-header center\"><strong>Kompakt udskrivning i h\u00f8j kvalitet med Magicard Pronto100:<\/strong> Magicard Pronto100 er den mindste ID-kortprinter p\u00e5 markedet, designet til at levere fremragende printkvalitet hurtigt og effektivt. Det er perfekt til virksomheder, der skal producere ID-kort, medlemskort eller andre typer kort med h\u00f8j pr\u00e6cision.<strong>Funktioner og fordele:<\/strong><\/p>\n<ul>\n<li><strong>Kompakt design:<\/strong> Mindre end et A4-ark, hvilket g\u00f8r det ideelt til skriveborde og trange rum.<\/li>\n<li><strong>Hastighed:<\/strong> Printeren kan producere farvekort p\u00e5 kun 35 sekunder, hvilket g\u00f8r den hurtigere end mange af sine konkurrenter.<\/li>\n<li><strong>Udskrivning i h\u00f8j opl\u00f8sning:<\/strong> Med enest\u00e5ende printkvalitet producerer Pronto100 skarpe og klare kort, der ser professionelle ud.<\/li>\n<li><strong>Brugervenlighed:<\/strong> Nem installation og betjening med let tilg\u00e6ngelige kontroller.<\/li>\n<\/ul>\n<p><strong>Teknisk specifikation:<\/strong><\/p>\n<ul>\n<li><strong>Udskrivningshastighed:<\/strong> Op til 100 farvekort i timen (enkeltsidet).<\/li>\n<li><strong>Kapacitet:<\/strong> H\u00e5ndfodret, 50 kort i input og 50 kort i output.<\/li>\n<li><strong>Korttype:<\/strong> ISO 7810 format, CR80, ID-1 st\u00f8rrelse, kompatibel med PVC-kort.<\/li>\n<li><strong>Forbindelser:<\/strong> USB.<\/li>\n<\/ul>\n<p>Med sin kombination af hastighed, kvalitet og kompakthed er Magicard Pronto100 en ideel l\u00f8sning for alle, der har brug for en p\u00e5lidelig og effektiv ID-kortudskrivningsl\u00f8sning.<\/p>\n<\/header>\n<p>&nbsp;<\/p>","protected":false},"excerpt":{"rendered":"<p>Magicard Pronto100 ID-kortprinteren er kompakt og hurtig med en printhastighed, der er 10% hurtigere end dens n\u00e6rmeste konkurrent.<\/p>\n<p>Det tilbyder uovertruffen printkvalitet og er perfekt til at skabe id-kort af h\u00f8j kvalitet til forskellige begivenheder.<\/p>\n<p>Med en gratis version af EasyBadge Lite-software inkluderet, er dette en omkostningseffektiv l\u00f8sning til alle dine kortudskrivningsbehov.<\/p>","protected":false},"featured_media":144727,"template":"","meta":{"_acf_changed":false},"product_brand":[],"product_cat":[3208],"product_tag":[2830,3174,4863,3069],"class_list":{"0":"post-53718","1":"product","2":"type-product","3":"status-publish","4":"has-post-thumbnail","6":"product_cat-magicard","7":"product_tag-kortprinter-direct-to-card","8":"product_tag-magicard","9":"product_tag-pf","10":"product_tag-trade-produkt","11":"product_shipping_class-tunga-paket","12":"pa_brands-magicard","13":"pa_fabrikat-kortskrivare-magicard","14":"tm-no-options","16":"first","17":"instock","18":"sale","19":"taxable","20":"shipping-taxable","21":"purchasable","22":"product-type-simple"},"acf":[],"_links":{"self":[{"href":"https:\/\/secureus.se\/dk\/wp-json\/wp\/v2\/product\/53718","targetHints":{"allow":["GET"]}}],"collection":[{"href":"https:\/\/secureus.se\/dk\/wp-json\/wp\/v2\/product"}],"about":[{"href":"https:\/\/secureus.se\/dk\/wp-json\/wp\/v2\/types\/product"}],"wp:featuredmedia":[{"embeddable":true,"href":"https:\/\/secureus.se\/dk\/wp-json\/wp\/v2\/media\/144727"}],"wp:attachment":[{"href":"https:\/\/secureus.se\/dk\/wp-json\/wp\/v2\/media?parent=53718"}],"wp:term":[{"taxonomy":"product_brand","embeddable":true,"href":"https:\/\/secureus.se\/dk\/wp-json\/wp\/v2\/product_brand?post=53718"},{"taxonomy":"product_cat","embeddable":true,"href":"https:\/\/secureus.se\/dk\/wp-json\/wp\/v2\/product_cat?post=53718"},{"taxonomy":"product_tag","embeddable":true,"href":"https:\/\/secureus.se\/dk\/wp-json\/wp\/v2\/product_tag?post=53718"}],"curies":[{"name":"wp","href":"https:\/\/api.w.org\/{rel}","templated":true}]}}