{"id":53733,"date":"2022-06-21T16:57:28","date_gmt":"2022-06-21T14:57:28","guid":{"rendered":"https:\/\/secureus.se\/produkt\/fargo-hdp6600-retransfer-plastic-card-printer-single-sided\/"},"modified":"2026-04-08T16:27:36","modified_gmt":"2026-04-08T14:27:36","slug":"kortskrivare-fargo-hdp6600","status":"publish","type":"product","link":"https:\/\/secureus.se\/dk\/kortskrivare-fargo-hdp6600\/","title":{"rendered":"Kortprinter Fargo HDP6600 - Genoverf\u00f8r ID-kortprinter (enkeltsidet)"},"content":{"rendered":"<p><strong>Effektiv og h\u00f8jkvalitets ID-kortudskrivning med Fargo HDP6600:<\/strong> Fargo HDP6600 er en f\u00f8rende genoverf\u00f8rselskortprinter, der kombinerer seks generationer af gennempr\u00f8vet teknologi med et v\u00e6ld af innovative funktioner.<\/p>\n<p>Det tilbyder uovertruffen effektivitet og p\u00e5lidelighed, hvilket g\u00f8r det til det oplagte valg for virksomheder, der har brug for hurtig og sikker ID-kortudskrivning.<\/p>\n<p><strong>Funktioner og fordele:<\/strong><\/p>\n<ul>\n<li><strong>Hurtig print:<\/strong> Det f\u00f8rste kort er klar p\u00e5 under 60 sekunder, hvilket g\u00f8r det ideelt til h\u00f8jvolumenproduktion.<\/li>\n<li><strong>Uovertruffen udskriftskvalitet:<\/strong> Med 600 dpi giver HDP6600 skarpe billeder og tekst af h\u00f8jeste kvalitet.<\/li>\n<li><strong>B\u00e6redygtighed:<\/strong> Retransfer-teknologi sikrer, at kortene er fuldt d\u00e6kket, hvilket g\u00f8r dem mere holdbare.<\/li>\n<li><strong>Omkostningseffektiv:<\/strong> Den unikke lamineringsteknologi minimerer spild og s\u00e6nker materialeomkostningerne.<\/li>\n<\/ul>\n<p><strong>Teknisk specifikation:<\/strong><\/p>\n<ul>\n<li><strong>Udskrivningshastighed:<\/strong> Op til 230 kort i timen (farvetryk, enkeltsidet).<\/li>\n<li><strong>Kapacitet:<\/strong> 100 kort i inputbakken og 200 kort i outputbakken.<\/li>\n<li><strong>Korttype:<\/strong> ISO 7810 format, CR80, ID-1 st\u00f8rrelse, kompatibel med PVC, PET og PC-kort.<\/li>\n<li><strong>Forbindelser:<\/strong> USB 2.0 og Ethernet.<\/li>\n<\/ul>\n<p>Med dens tre \u00e5rs garanti og robuste design er Fargo HDP6600 en p\u00e5lidelig og effektiv l\u00f8sning til alle dine ID-kortudskrivningsbehov.<\/p>","protected":false},"excerpt":{"rendered":"<p>Fargo HDP6600 Retransfer ID Card Printer er den mest avancerede printer p\u00e5 markedet, designet til at producere h\u00f8jkvalitets ID-kort hurtigt og effektivt.<\/p>\n<p>Med en printtid p\u00e5 under 60 sekunder pr. kort og tre \u00e5rs garanti er den perfekt til virksomheder, der kr\u00e6ver b\u00e5de hastighed og kvalitet.<\/p>\n<p>Printeren kan nemt h\u00e5ndtere alt fra adgangskort til formularkort.<\/p>","protected":false},"featured_media":144102,"template":"","meta":{"_acf_changed":false},"product_brand":[],"product_cat":[3206],"product_tag":[2830,3177,4863,2831,3069],"class_list":{"0":"post-53733","1":"product","2":"type-product","3":"status-publish","4":"has-post-thumbnail","6":"product_cat-fargo","7":"product_tag-kortprinter-direct-to-card","8":"product_tag-fargo","9":"product_tag-pf","10":"product_tag-kortprinter-retransfer","11":"product_tag-trade-produkt","12":"product_shipping_class-tunga-paket","13":"pa_brands-fargo","14":"pa_fabrikat-kortskrivare-fargo","15":"tm-no-options","17":"first","18":"instock","19":"sale","20":"taxable","21":"shipping-taxable","22":"purchasable","23":"product-type-simple"},"acf":[],"_links":{"self":[{"href":"https:\/\/secureus.se\/dk\/wp-json\/wp\/v2\/product\/53733","targetHints":{"allow":["GET"]}}],"collection":[{"href":"https:\/\/secureus.se\/dk\/wp-json\/wp\/v2\/product"}],"about":[{"href":"https:\/\/secureus.se\/dk\/wp-json\/wp\/v2\/types\/product"}],"wp:featuredmedia":[{"embeddable":true,"href":"https:\/\/secureus.se\/dk\/wp-json\/wp\/v2\/media\/144102"}],"wp:attachment":[{"href":"https:\/\/secureus.se\/dk\/wp-json\/wp\/v2\/media?parent=53733"}],"wp:term":[{"taxonomy":"product_brand","embeddable":true,"href":"https:\/\/secureus.se\/dk\/wp-json\/wp\/v2\/product_brand?post=53733"},{"taxonomy":"product_cat","embeddable":true,"href":"https:\/\/secureus.se\/dk\/wp-json\/wp\/v2\/product_cat?post=53733"},{"taxonomy":"product_tag","embeddable":true,"href":"https:\/\/secureus.se\/dk\/wp-json\/wp\/v2\/product_tag?post=53733"}],"curies":[{"name":"wp","href":"https:\/\/api.w.org\/{rel}","templated":true}]}}