{"id":53738,"date":"2022-06-21T16:57:14","date_gmt":"2022-06-21T14:57:14","guid":{"rendered":"https:\/\/secureus.se\/produkt\/fargo-dtc1500-plastic-card-printer-single-sided\/"},"modified":"2026-03-26T10:13:52","modified_gmt":"2026-03-26T09:13:52","slug":"kortskrivare-fargo-dtc1500","status":"publish","type":"product","link":"https:\/\/secureus.se\/dk\/kortskrivare-fargo-dtc1500\/","title":{"rendered":"Kortprinter Fargo DTC1500 - ID-kortprinter (enkeltsidet)"},"content":{"rendered":"<div class=\"long_desc\">\n<p><strong>Effektiv og sikker ID-kortudskrivning med Fargo DTC1500:<\/strong> Fargo DTC1500 er den nyeste ID-kortprinter i Fargo-serien, designet til at producere ID-kort af h\u00f8j kvalitet til lave omkostninger.<\/p>\n<p>Det er s\u00e6rligt velegnet til institutioner som universiteter og skoler, samt sm\u00e5 og mellemstore virksomheder, der har brug for en fleksibel og p\u00e5lidelig l\u00f8sning til udskrivning af ID-kort.<\/p>\n<p><strong>Funktioner og fordele:<\/strong><\/p>\n<ul>\n<li><strong>Lave omkostninger til forbrugsstoffer:<\/strong> DTC1500 bruger forbrugsstoffer med h\u00f8j kapacitet, hvilket s\u00e6nker omkostningerne pr. kort og de samlede ejeromkostninger.<\/li>\n<li><strong>Indbygget sikkerhed:<\/strong> Det brugerdefinerbare vandm\u00e6rke g\u00f8r det muligt at skabe et permanent sikkerhedsm\u00f8nster i kortets overlejringspanel, hvilket g\u00f8r det n\u00e6sten umuligt at forfalske.<\/li>\n<li><strong>Garantien:<\/strong> Tre \u00e5rs garanti giver sikkerhed og sikkerhed ved langvarig brug.<\/li>\n<\/ul>\n<p><strong>Teknisk specifikation:<\/strong><\/p>\n<ul>\n<li><strong>Udskrivningshastighed:<\/strong> Op til 140 farvekort i timen (enkeltsidet).<\/li>\n<li><strong>Kapacitet:<\/strong> 100 kort i inputbakken og 100 kort i outputbakken.<\/li>\n<li><strong>Korttype:<\/strong> ISO 7810 format, CR80, ID-1 st\u00f8rrelse, kompatibel med PVC, PET og PC-kort.<\/li>\n<li><strong>Forbindelser:<\/strong> USB og Ethernet.<\/li>\n<\/ul>\n<p>Fargo DTC1500 kombinerer h\u00f8j sikkerhed, lave omkostninger og brugervenlighed, hvilket g\u00f8r den til en fremragende l\u00f8sning til alle dine ID-kortudskrivningsbehov.<\/p>\n<\/div>","protected":false},"excerpt":{"rendered":"<p>Fargo DTC1500 er en alsidig ID-kortprinter, der tilbyder billige forbrugsvarer og avancerede sikkerhedsfunktioner.<\/p>\n<p>Med tre \u00e5rs garanti og muligheden for at tilpasse sikkerheden gennem et indbygget vandm\u00e6rke, er den perfekt til skoler, universiteter og sm\u00e5 og mellemstore virksomheder, der leder efter en p\u00e5lidelig og omkostningseffektiv l\u00f8sning til udskrivning af ID-kort.<\/p>","protected":false},"featured_media":144335,"template":"","meta":{"_acf_changed":false},"product_brand":[],"product_cat":[3206],"product_tag":[2830,3177,4863,3069],"class_list":{"0":"post-53738","1":"product","2":"type-product","3":"status-publish","4":"has-post-thumbnail","6":"product_cat-fargo","7":"product_tag-kortprinter-direct-to-card","8":"product_tag-fargo","9":"product_tag-pf","10":"product_tag-trade-produkt","11":"product_shipping_class-tunga-paket","12":"pa_brands-fargo","13":"pa_fabrikat-kortskrivare-fargo","14":"tm-no-options","16":"first","17":"outofstock","18":"sale","19":"taxable","20":"shipping-taxable","21":"purchasable","22":"product-type-simple"},"acf":[],"_links":{"self":[{"href":"https:\/\/secureus.se\/dk\/wp-json\/wp\/v2\/product\/53738","targetHints":{"allow":["GET"]}}],"collection":[{"href":"https:\/\/secureus.se\/dk\/wp-json\/wp\/v2\/product"}],"about":[{"href":"https:\/\/secureus.se\/dk\/wp-json\/wp\/v2\/types\/product"}],"wp:featuredmedia":[{"embeddable":true,"href":"https:\/\/secureus.se\/dk\/wp-json\/wp\/v2\/media\/144335"}],"wp:attachment":[{"href":"https:\/\/secureus.se\/dk\/wp-json\/wp\/v2\/media?parent=53738"}],"wp:term":[{"taxonomy":"product_brand","embeddable":true,"href":"https:\/\/secureus.se\/dk\/wp-json\/wp\/v2\/product_brand?post=53738"},{"taxonomy":"product_cat","embeddable":true,"href":"https:\/\/secureus.se\/dk\/wp-json\/wp\/v2\/product_cat?post=53738"},{"taxonomy":"product_tag","embeddable":true,"href":"https:\/\/secureus.se\/dk\/wp-json\/wp\/v2\/product_tag?post=53738"}],"curies":[{"name":"wp","href":"https:\/\/api.w.org\/{rel}","templated":true}]}}