{"id":53742,"date":"2022-06-21T17:56:55","date_gmt":"2022-06-21T15:56:55","guid":{"rendered":"https:\/\/secureus.se\/produkt\/fargo-dtc4500e-plastic-card-printer-dual-sided\/"},"modified":"2026-04-08T16:43:58","modified_gmt":"2026-04-08T14:43:58","slug":"kortskrivare-fargo-dtc4500e-duplex-4","status":"publish","type":"product","link":"https:\/\/secureus.se\/dk\/kortskrivare-fargo-dtc4500e-duplex-4\/","title":{"rendered":"Kortprinter Fargo DTC4500e - ID-kortprinter (dobbeltsidet)"},"content":{"rendered":"<div class=\"long_desc\">\n<p><strong>Effektiv og sikker ID-kortudskrivning med Fargo DTC4500e:<\/strong> Fargo DTC4500e er en avanceret ID-kortprinter, der kombinerer hastighed, sikkerhed og h\u00f8jkvalitetsprint.<\/p>\n<p>Med mulighed for b\u00e5de enkelt- og dobbeltsidet udskrivning er den perfekt til organisationer, der har brug for at producere store m\u00e6ngder ID-kort hurtigt.<\/p>\n<p><strong>Funktioner og fordele:<\/strong><\/p>\n<ul>\n<li><strong>H\u00f8j kapacitet:<\/strong> Kan udskrive op til 225 farvekort i timen, hvilket g\u00f8r den ideel til produktion i store m\u00e6ngder.<\/li>\n<li><strong>Sikkerhed:<\/strong> Udstyret med indbyggede sikkerhedsfunktioner, herunder adgangskodebeskyttelse og fluorescerende paneludskrivning.<\/li>\n<li><strong>Omkostningseffektiv:<\/strong> Forbrugsstoffer med h\u00f8j kapacitet s\u00e6nker omkostningerne pr. kort og \u00f8ger produktiviteten.<\/li>\n<li><strong>Milj\u00f8venlig:<\/strong> GreenCircle\u00ae Certificeret til effektivt energiforbrug og brug af milj\u00f8venlige refillbars.<\/li>\n<\/ul>\n<p><strong>Teknisk specifikation:<\/strong><\/p>\n<ul>\n<li><strong>Udskrivningshastighed:<\/strong> Op til 225 kort i timen (farvetryk, dobbeltsidet).<\/li>\n<li><strong>Kapacitet:<\/strong> 200 kort i inputbakken og 100 kort i outputbakken.<\/li>\n<li><strong>Korttype:<\/strong> ISO 7810 format, CR80, ID-1 st\u00f8rrelse, kompatibel med PVC, PET og PC-kort.<\/li>\n<li><strong>Forbindelser:<\/strong> USB 2.0 og Ethernet.<\/li>\n<\/ul>\n<p>Fargo DTC4500e er den perfekte l\u00f8sning til organisationer, der leder efter en robust og p\u00e5lidelig ID-kortudskrivningsl\u00f8sning med h\u00f8j sikkerhed og kvalitet.<\/p>\n<\/div>","protected":false},"excerpt":{"rendered":"<p>Fargo DTC4500e ID-kortprinteren er designet til h\u00f8j ydeevne og store m\u00e6ngder af sikre ID-kort. Den tilbyder h\u00f8jkvalitetsudskrifter til medarbejder-id, adgangskontrol og medlemskort med tre \u00e5rs garanti.<\/p>\n<p>DTC4500e er et omkostningseffektivt valg for mellemstore til store virksomheder, der leder efter en p\u00e5lidelig l\u00f8sning til udskrivning af ID-kort.<\/p>","protected":false},"featured_media":143934,"template":"","meta":{"_acf_changed":false},"product_brand":[],"product_cat":[3206],"product_tag":[2830,3172,3177,4863,3069],"class_list":{"0":"post-53742","1":"product","2":"type-product","3":"status-publish","4":"has-post-thumbnail","6":"product_cat-fargo","7":"product_tag-kortprinter-direct-to-card","8":"product_tag-dubbelsidig-dual-side","9":"product_tag-fargo","10":"product_tag-pf","11":"product_tag-trade-produkt","12":"product_shipping_class-tunga-paket","13":"pa_brands-fargo","14":"pa_fabrikat-kortskrivare-fargo","15":"tm-no-options","17":"first","18":"instock","19":"sale","20":"taxable","21":"shipping-taxable","22":"purchasable","23":"product-type-simple"},"acf":[],"_links":{"self":[{"href":"https:\/\/secureus.se\/dk\/wp-json\/wp\/v2\/product\/53742","targetHints":{"allow":["GET"]}}],"collection":[{"href":"https:\/\/secureus.se\/dk\/wp-json\/wp\/v2\/product"}],"about":[{"href":"https:\/\/secureus.se\/dk\/wp-json\/wp\/v2\/types\/product"}],"wp:featuredmedia":[{"embeddable":true,"href":"https:\/\/secureus.se\/dk\/wp-json\/wp\/v2\/media\/143934"}],"wp:attachment":[{"href":"https:\/\/secureus.se\/dk\/wp-json\/wp\/v2\/media?parent=53742"}],"wp:term":[{"taxonomy":"product_brand","embeddable":true,"href":"https:\/\/secureus.se\/dk\/wp-json\/wp\/v2\/product_brand?post=53742"},{"taxonomy":"product_cat","embeddable":true,"href":"https:\/\/secureus.se\/dk\/wp-json\/wp\/v2\/product_cat?post=53742"},{"taxonomy":"product_tag","embeddable":true,"href":"https:\/\/secureus.se\/dk\/wp-json\/wp\/v2\/product_tag?post=53742"}],"curies":[{"name":"wp","href":"https:\/\/api.w.org\/{rel}","templated":true}]}}