{"id":53755,"date":"2022-06-21T17:56:08","date_gmt":"2022-06-21T15:56:08","guid":{"rendered":"https:\/\/secureus.se\/produkt\/fargo-dtc1250e-plastic-card-printer-dual-sided\/"},"modified":"2026-04-23T12:36:13","modified_gmt":"2026-04-23T10:36:13","slug":"kortskrivare-fargo-dtc1250e-duplex","status":"publish","type":"product","link":"https:\/\/secureus.se\/dk\/kortskrivare-fargo-dtc1250e-duplex\/","title":{"rendered":"Kortprinter Fargo DTC1250e - ID-kortprinter (dobbeltsidet)"},"content":{"rendered":"<div class=\"long_desc\">\n<p><strong>Effektiv og overkommelig ID-kortudskrivning med Fargo DTC1250e:<\/strong> Fargo DTC1250e er designet med brugeren i tankerne og giver en hurtig og p\u00e5lidelig l\u00f8sning til ID-kortudskrivning.<\/p>\n<p>Den er perfekt til sm\u00e5 og mellemstore virksomheder og uddannelsesinstitutioner, der har brug for at udskrive et par hundrede ID-kort.<\/p>\n<p><strong>Funktioner og fordele:<\/strong><\/p>\n<ul>\n<li><strong>Hurtig print:<\/strong> Printeren tager kun 16 sekunder at udskrive et farvekort og 6 sekunder for sort\/hvid, hvilket minimerer ventetiden.<\/li>\n<li><strong>Brugervenlighed:<\/strong> Nem at bruge med en intuitiv gr\u00e6nseflade, der g\u00f8r det nemt at navigere mellem funktioner.<\/li>\n<li><strong>Omkostningseffektiv:<\/strong> Budgetvenligt print uden at g\u00e5 p\u00e5 kompromis med kvaliteten.<\/li>\n<li><strong>Garanti:<\/strong> Tre \u00e5rs garanti for ekstra sikkerhed.<\/li>\n<\/ul>\n<p><strong>Teknisk specifikation:<\/strong><\/p>\n<ul>\n<li><strong>Udskrivningshastighed:<\/strong> 6 sekunder for sort\/hvid og 16 sekunder for farvekort.<\/li>\n<li><strong>Kapacitet:<\/strong> 100 kort i inputbakken og op til 30 kort i outputbakken (dobbeltsidet).<\/li>\n<li><strong>Korttype:<\/strong> ISO 7810 format, CR80, ID-1 st\u00f8rrelse, kompatibel med PVC, PET og kompositkort.<\/li>\n<li><strong>Forbindelser:<\/strong> USB 2.0, med mulighed for Ethernet.<\/li>\n<\/ul>\n<p>Bem\u00e6rk, at der ikke f\u00f8lger en printerrib med printeren; s\u00f8rg for at tilf\u00f8je en til din ordre.<\/p>\n<\/div>","protected":false},"excerpt":{"rendered":"<p>Fargo DTC1250e ID-kortprinteren tilbyder en brugervenlig og omkostningseffektiv l\u00f8sning til fremstilling af ID-kort af h\u00f8j kvalitet.<\/p>\n<p>Med en hurtig printtid p\u00e5 kun 16 sekunder for farvekort og 6 sekunder for sort\/hvid, er den perfekt til skoler, universiteter og medlemsklubber.<\/p>\n<p>Printeren leveres med tre \u00e5rs garanti og gratis EasyBadge Lite-software.<\/p>","protected":false},"featured_media":143991,"template":"","meta":{"_acf_changed":false},"product_brand":[],"product_cat":[3206],"product_tag":[2830,3172,3177,4863,3069],"class_list":{"0":"post-53755","1":"product","2":"type-product","3":"status-publish","4":"has-post-thumbnail","6":"product_cat-fargo","7":"product_tag-kortprinter-direct-to-card","8":"product_tag-dubbelsidig-dual-side","9":"product_tag-fargo","10":"product_tag-pf","11":"product_tag-trade-produkt","12":"product_shipping_class-tunga-paket","13":"pa_brands-fargo","14":"pa_fabrikat-kortskrivare-fargo","15":"tm-no-options","17":"first","18":"instock","19":"sale","20":"taxable","21":"shipping-taxable","22":"purchasable","23":"product-type-simple"},"acf":[],"_links":{"self":[{"href":"https:\/\/secureus.se\/dk\/wp-json\/wp\/v2\/product\/53755","targetHints":{"allow":["GET"]}}],"collection":[{"href":"https:\/\/secureus.se\/dk\/wp-json\/wp\/v2\/product"}],"about":[{"href":"https:\/\/secureus.se\/dk\/wp-json\/wp\/v2\/types\/product"}],"wp:featuredmedia":[{"embeddable":true,"href":"https:\/\/secureus.se\/dk\/wp-json\/wp\/v2\/media\/143991"}],"wp:attachment":[{"href":"https:\/\/secureus.se\/dk\/wp-json\/wp\/v2\/media?parent=53755"}],"wp:term":[{"taxonomy":"product_brand","embeddable":true,"href":"https:\/\/secureus.se\/dk\/wp-json\/wp\/v2\/product_brand?post=53755"},{"taxonomy":"product_cat","embeddable":true,"href":"https:\/\/secureus.se\/dk\/wp-json\/wp\/v2\/product_cat?post=53755"},{"taxonomy":"product_tag","embeddable":true,"href":"https:\/\/secureus.se\/dk\/wp-json\/wp\/v2\/product_tag?post=53755"}],"curies":[{"name":"wp","href":"https:\/\/api.w.org\/{rel}","templated":true}]}}