{"id":53757,"date":"2022-06-21T16:56:04","date_gmt":"2022-06-21T14:56:04","guid":{"rendered":"https:\/\/secureus.se\/produkt\/zebra-zc100-plastic-card-printer-with-usb-single-sided\/"},"modified":"2026-03-26T10:18:45","modified_gmt":"2026-03-26T09:18:45","slug":"kortskrivare-zebra-zc100","status":"publish","type":"product","link":"https:\/\/secureus.se\/dk\/kortskrivare-zebra-zc100\/","title":{"rendered":"Kortprinter Zebra ZC100 - ID-kortprinter (enkeltsidet)"},"content":{"rendered":"<p><strong>Brugervenlig og effektiv ID-kortudskrivning med Zebra ZC100:<\/strong> Zebra ZC100 er designet til at tilbyde enkelhed og kvalitet i et kompakt design.<\/p>\n<p>Det er perfekt til en r\u00e6kke forskellige applikationer, herunder medarbejder-id-kort, medlemskort og begivenhedskort.<\/p>\n<p><strong>Funktioner og fordele:<\/strong><\/p>\n<ul>\n<li><strong>Hurtig print:<\/strong> Kan printe op til 150 farvekort i timen og hele 700 kort i timen i sort\/hvid, hvilket g\u00f8r det meget effektivt.<\/li>\n<li><strong>Intuitiv brug:<\/strong> Udstyret med et grafisk LCD-display og brugervenlige kontroller for nem navigation.<\/li>\n<li><strong>Fleksibel forbindelse:<\/strong> USB 2.0 standardforbindelse med mulighed for Ethernet og Wi-Fi for nem integration i eksisterende systemer.<\/li>\n<li><strong>Omkostningseffektiv:<\/strong> Udskrivning af b\u00e5de fuldfarve og sort\/hvide kort til en budgetvenlig pris.<\/li>\n<\/ul>\n<p><strong>Teknisk specifikation:<\/strong><\/p>\n<ul>\n<li><strong>Udskrivningshastighed:<\/strong> Op til 150 kort i timen (farvetryk, enkeltsidet) og 700 kort i timen (monokrom).<\/li>\n<li><strong>Kapacitet:<\/strong> 100 kort i inputbakken og 100 kort i outputbakken.<\/li>\n<li><strong>Korttype:<\/strong> ISO 7810 format, CR80, ID-1 st\u00f8rrelse, kompatibel med PVC og kompositkort.<\/li>\n<li><strong>Forbindelser:<\/strong> USB 2.0, med valgfri Ethernet- og Wi-Fi-funktionalitet.<\/li>\n<\/ul>\n<p>Zebra ZC100 er en fremragende l\u00f8sning til virksomheder, der leder efter en omkostningseffektiv og brugervenlig l\u00f8sning til udskrivning af ID-kort.<\/p>","protected":false},"excerpt":{"rendered":"<p>Zebra ZC100 ID-kortprinteren tilbyder en enkel og omkostningseffektiv l\u00f8sning til udskrivning af enkeltsidede ID-kort.<\/p>\n<p>Det er nemt at installere og bruge, med kapacitet til at printe b\u00e5de farve- og sort\/hvide kort.<\/p>\n<p>Med en to-\u00e5rs garanti og inkluderet EasyBadge Lite-software er dette et p\u00e5lideligt valg for virksomheder, der har brug for id-kort af h\u00f8j kvalitet.<\/p>","protected":false},"featured_media":144006,"template":"","meta":{"_acf_changed":false},"product_brand":[],"product_cat":[3210],"product_tag":[2830,4863,3069,3185],"class_list":{"0":"post-53757","1":"product","2":"type-product","3":"status-publish","4":"has-post-thumbnail","6":"product_cat-zebra","7":"product_tag-kortprinter-direct-to-card","8":"product_tag-pf","9":"product_tag-trade-produkt","10":"product_tag-zebra","11":"product_shipping_class-tunga-paket","12":"pa_brands-zebra","13":"pa_fabrikat-kortskrivare-zebra","14":"tm-no-options","16":"first","17":"instock","18":"sale","19":"taxable","20":"shipping-taxable","21":"purchasable","22":"product-type-simple"},"acf":[],"_links":{"self":[{"href":"https:\/\/secureus.se\/dk\/wp-json\/wp\/v2\/product\/53757","targetHints":{"allow":["GET"]}}],"collection":[{"href":"https:\/\/secureus.se\/dk\/wp-json\/wp\/v2\/product"}],"about":[{"href":"https:\/\/secureus.se\/dk\/wp-json\/wp\/v2\/types\/product"}],"wp:featuredmedia":[{"embeddable":true,"href":"https:\/\/secureus.se\/dk\/wp-json\/wp\/v2\/media\/144006"}],"wp:attachment":[{"href":"https:\/\/secureus.se\/dk\/wp-json\/wp\/v2\/media?parent=53757"}],"wp:term":[{"taxonomy":"product_brand","embeddable":true,"href":"https:\/\/secureus.se\/dk\/wp-json\/wp\/v2\/product_brand?post=53757"},{"taxonomy":"product_cat","embeddable":true,"href":"https:\/\/secureus.se\/dk\/wp-json\/wp\/v2\/product_cat?post=53757"},{"taxonomy":"product_tag","embeddable":true,"href":"https:\/\/secureus.se\/dk\/wp-json\/wp\/v2\/product_tag?post=53757"}],"curies":[{"name":"wp","href":"https:\/\/api.w.org\/{rel}","templated":true}]}}