{"id":53758,"date":"2022-06-21T16:55:59","date_gmt":"2022-06-21T14:55:59","guid":{"rendered":"https:\/\/secureus.se\/produkt\/fargo-hdp6600-retransfer-plastic-card-printer-dual-sided\/"},"modified":"2026-03-26T10:18:54","modified_gmt":"2026-03-26T09:18:54","slug":"kortskrivare-fargo-hdp6600-duplex","status":"publish","type":"product","link":"https:\/\/secureus.se\/dk\/kortskrivare-fargo-hdp6600-duplex\/","title":{"rendered":"Kortprinter Fargo HDP6600 - Genoverf\u00f8r ID-kortprinter (dobbeltsidet)"},"content":{"rendered":"<p><strong>Effektiv og p\u00e5lidelig ID-kortudskrivning med Fargo HDP6600:<\/strong> Fargo HDP6600 er den mest avancerede desktop-baserede retransfer printer p\u00e5 markedet.<\/p>\n<p>Med seks generationer af retransfer-teknologi kombinerer den hastighed, kvalitet og sikkerhed, hvilket g\u00f8r den ideel til fremstilling af sikkerhedskort, medlemskort og adgangskort.<\/p>\n<p><strong>Funktioner og fordele:<\/strong><\/p>\n<ul>\n<li><strong>Hurtig print:<\/strong> F\u00f8rste kort klar p\u00e5 under 60 sekunder, hvilket minimerer ventetiden.<\/li>\n<li><strong>H\u00f8j kapacitet:<\/strong> Kan udskrive op til 230 farvekort i timen, hvilket maksimerer produktiviteten.<\/li>\n<li><strong>Avanceret sikkerhed:<\/strong> Udstyret med AES 256 datakryptering, adgangskodebeskyttelse og mulighed for resin scramble databeskyttelse.<\/li>\n<li><strong>Milj\u00f8venlig:<\/strong> GreenCircle\u00ae Certificeret til effektivt energiforbrug og affaldsfri laminering.<\/li>\n<\/ul>\n<p><strong>Teknisk specifikation:<\/strong><\/p>\n<ul>\n<li><strong>Udskrivningshastighed:<\/strong> Op til 230 kort i timen (farvetryk, dobbeltsidet).<\/li>\n<li><strong>Kapacitet:<\/strong> 200 kort i inputbakken og 100 kort i outputbakken.<\/li>\n<li><strong>Korttype:<\/strong> ISO 7810 format, CR80, ID-1 st\u00f8rrelse, kompatibel med PVC, PET og kompositkort.<\/li>\n<li><strong>Forbindelser:<\/strong> USB 2.0 og Ethernet.<\/li>\n<\/ul>\n<p>Fargo HDP6600 tilbyder en robust og effektiv l\u00f8sning til alle dine ID-kortudskrivningsbehov og kan tilpasses fremtidige krav.<\/p>","protected":false},"excerpt":{"rendered":"<p>Fargo HDP6600 ID-kortprinteren er en avanceret genoverf\u00f8rselsprinter designet til at producere kort af h\u00f8j kvalitet hurtigt.<\/p>\n<p>Med en f\u00f8rste udskrivningstid p\u00e5 under 60 sekunder og kapacitet til at udskrive op til 230 kort i timen er denne printer perfekt til virksomheder, der v\u00e6rds\u00e6tter effektivitet og sikkerhed.<\/p>\n<p>Den leveres med tre \u00e5rs garanti og gratis EasyBadge Lite-software.<\/p>","protected":false},"featured_media":144785,"template":"","meta":{"_acf_changed":false},"product_brand":[],"product_cat":[3206],"product_tag":[2830,3172,3177,4863,2831,3069],"class_list":{"0":"post-53758","1":"product","2":"type-product","3":"status-publish","4":"has-post-thumbnail","6":"product_cat-fargo","7":"product_tag-kortprinter-direct-to-card","8":"product_tag-dubbelsidig-dual-side","9":"product_tag-fargo","10":"product_tag-pf","11":"product_tag-kortprinter-retransfer","12":"product_tag-trade-produkt","13":"product_shipping_class-tunga-paket","14":"pa_brands-fargo","15":"pa_fabrikat-kortskrivare-fargo","16":"tm-no-options","18":"first","19":"instock","20":"sale","21":"taxable","22":"shipping-taxable","23":"purchasable","24":"product-type-simple"},"acf":[],"_links":{"self":[{"href":"https:\/\/secureus.se\/dk\/wp-json\/wp\/v2\/product\/53758","targetHints":{"allow":["GET"]}}],"collection":[{"href":"https:\/\/secureus.se\/dk\/wp-json\/wp\/v2\/product"}],"about":[{"href":"https:\/\/secureus.se\/dk\/wp-json\/wp\/v2\/types\/product"}],"wp:featuredmedia":[{"embeddable":true,"href":"https:\/\/secureus.se\/dk\/wp-json\/wp\/v2\/media\/144785"}],"wp:attachment":[{"href":"https:\/\/secureus.se\/dk\/wp-json\/wp\/v2\/media?parent=53758"}],"wp:term":[{"taxonomy":"product_brand","embeddable":true,"href":"https:\/\/secureus.se\/dk\/wp-json\/wp\/v2\/product_brand?post=53758"},{"taxonomy":"product_cat","embeddable":true,"href":"https:\/\/secureus.se\/dk\/wp-json\/wp\/v2\/product_cat?post=53758"},{"taxonomy":"product_tag","embeddable":true,"href":"https:\/\/secureus.se\/dk\/wp-json\/wp\/v2\/product_tag?post=53758"}],"curies":[{"name":"wp","href":"https:\/\/api.w.org\/{rel}","templated":true}]}}