{"id":53774,"date":"2022-06-21T16:54:55","date_gmt":"2022-06-21T14:54:55","guid":{"rendered":"https:\/\/secureus.se\/produkt\/fargo-hdp5000-retransfer-plastic-card-printer-dual-sided\/"},"modified":"2025-12-31T19:59:53","modified_gmt":"2025-12-31T18:59:53","slug":"kortskrivare-fargo-hdp5000-duplex","status":"publish","type":"product","link":"https:\/\/secureus.se\/dk\/kortskrivare-fargo-hdp5000-duplex\/","title":{"rendered":"Kortprinter Fargo HDP5000 - Genoverf\u00f8r ID-kortprinter (dobbeltsidet)"},"content":{"rendered":"<p><strong>Sikker og effektiv ID-kortudskrivning med Fargo HDP5000:<\/strong> Fargo HDP5000 er en f\u00f8rende retransfer printer, perfekt til virksomheder, der har brug for at producere farverige og sikre ID-kort.<\/p>\n<p>Med sin avancerede teknologi og h\u00f8je kapacitet er den designet til at opfylde kravene til b\u00e5de hastighed og kvalitet.<\/p>\n<p><strong>Funktioner og fordele:<\/strong><\/p>\n<ul>\n<li><strong>High-Definition Printing\u00ae:<\/strong> Giver enest\u00e5ende farvegengivelse og detaljer til professionelle ID-kort.<\/li>\n<li><strong>Fleksibel brug:<\/strong> Kan printe p\u00e5 b\u00e5de plastikkort og smart cards, hvilket g\u00f8r det alsidigt til forskellige applikationer.<\/li>\n<li><strong>Hurtig print:<\/strong> Designet til h\u00f8jvolumen produktion, s\u00e5 du kan printe kort hurtigt og effektivt.<\/li>\n<li><strong>Sikkerhed:<\/strong> Udstyret med HoloKote\u00ae for at forhindre forfalskning.<\/li>\n<\/ul>\n<p><strong>Teknisk specifikation:<\/strong><\/p>\n<ul>\n<li><strong>Udskrivningshastighed:<\/strong> Op til 150 kort i timen (farvetryk, dobbeltsidet).<\/li>\n<li><strong>Kapacitet:<\/strong> 100 kort i inputbakken og 100 kort i outputbakken.<\/li>\n<li><strong>Korttype:<\/strong> ISO 7810 format, CR80, ID-1 st\u00f8rrelse, kompatibel med PVC, PET og kompositkort.<\/li>\n<li><strong>Forbindelser:<\/strong> USB 2.0 og Ethernet.<\/li>\n<\/ul>\n<p>Bem\u00e6rk venligst, at b\u00e5de Fargo 84051 YMCK Color Ribbon og Fargo 84053 Retransfer Film skal k\u00f8bes separat ved bestilling.<\/p>","protected":false},"excerpt":{"rendered":"<p>Fargo HDP5000 ID-kortprinteren tilbyder enest\u00e5ende printkvalitet med High-Definition Printing\u00ae-teknologi.<\/p>\n<p>Det er ideelt til udskrivning af sikre ID-kort i store m\u00e6ngder og kan nemt h\u00e5ndtere b\u00e5de formularkort og smartkort.<\/p>\n<p>Med tre \u00e5rs garanti og inkluderet EasyBadge Lite-software er det en p\u00e5lidelig l\u00f8sning til virksomheder, der kr\u00e6ver kort af h\u00f8j kvalitet.<\/p>","protected":false},"featured_media":143837,"template":"","meta":{"_acf_changed":false},"product_brand":[],"product_cat":[3206],"product_tag":[2830,3172,3177,4863,2831,3069],"class_list":{"0":"post-53774","1":"product","2":"type-product","3":"status-publish","4":"has-post-thumbnail","6":"product_cat-fargo","7":"product_tag-kortprinter-direct-to-card","8":"product_tag-dubbelsidig-dual-side","9":"product_tag-fargo","10":"product_tag-pf","11":"product_tag-kortprinter-retransfer","12":"product_tag-trade-produkt","13":"product_shipping_class-tunga-paket","14":"pa_brands-fargo","15":"pa_fabrikat-kortskrivare-fargo","16":"tm-no-options","18":"first","19":"instock","20":"sale","21":"taxable","22":"shipping-taxable","23":"purchasable","24":"product-type-simple"},"acf":[],"_links":{"self":[{"href":"https:\/\/secureus.se\/dk\/wp-json\/wp\/v2\/product\/53774","targetHints":{"allow":["GET"]}}],"collection":[{"href":"https:\/\/secureus.se\/dk\/wp-json\/wp\/v2\/product"}],"about":[{"href":"https:\/\/secureus.se\/dk\/wp-json\/wp\/v2\/types\/product"}],"wp:featuredmedia":[{"embeddable":true,"href":"https:\/\/secureus.se\/dk\/wp-json\/wp\/v2\/media\/143837"}],"wp:attachment":[{"href":"https:\/\/secureus.se\/dk\/wp-json\/wp\/v2\/media?parent=53774"}],"wp:term":[{"taxonomy":"product_brand","embeddable":true,"href":"https:\/\/secureus.se\/dk\/wp-json\/wp\/v2\/product_brand?post=53774"},{"taxonomy":"product_cat","embeddable":true,"href":"https:\/\/secureus.se\/dk\/wp-json\/wp\/v2\/product_cat?post=53774"},{"taxonomy":"product_tag","embeddable":true,"href":"https:\/\/secureus.se\/dk\/wp-json\/wp\/v2\/product_tag?post=53774"}],"curies":[{"name":"wp","href":"https:\/\/api.w.org\/{rel}","templated":true}]}}