{"id":53776,"date":"2022-06-21T16:54:47","date_gmt":"2022-06-21T14:54:47","guid":{"rendered":"https:\/\/secureus.se\/produkt\/fargo-dtc1250e-plastic-card-printer-single-sided\/"},"modified":"2026-04-08T16:45:40","modified_gmt":"2026-04-08T14:45:40","slug":"kortskrivare-fargo-dtc1250e-enkel-sidig","status":"publish","type":"product","link":"https:\/\/secureus.se\/dk\/kortskrivare-fargo-dtc1250e-enkel-sidig\/","title":{"rendered":"Kortprinter Fargo DTC1250e - ID-kortprinter (enkeltsidet)"},"content":{"rendered":"<p><strong>Effektiv og overkommelig ID-kortudskrivning med Fargo DTC1250e:<\/strong> Fargo DTC1250e er designet til sm\u00e5 og mellemstore virksomheder og tilbyder h\u00f8j kvalitet og brugervenlighed i et kompakt design.<\/p>\n<p>Den er perfekt til at producere alt fra medarbejder-id-kort til medlemskort.<\/p>\n<p><strong>Funktioner og fordele:<\/strong><\/p>\n<ul>\n<li><strong>Hurtig print:<\/strong> Printkapacitet p\u00e5 16 sekunder for fuldfarvekort og 6 sekunder for sort\/hvide kort, hvilket minimerer ventetiden.<\/li>\n<li><strong>Brugervenlighed:<\/strong> Det intuitive design g\u00f8r det nemt at installere og bruge, hvilket \u00f8ger effektiviteten.<\/li>\n<li><strong>Fleksibilitet:<\/strong> F\u00e5s i b\u00e5de enkelt- og dobbeltsidede modeller med mulighed for at printe p\u00e5 standard CR80-kort.<\/li>\n<li><strong>Omkostningseffektiv:<\/strong> Budgetvenlig udskrivning med alt-i-\u00e9n-printerpatroner for lettere installation og vedligeholdelse.<\/li>\n<\/ul>\n<p><strong>Teknisk specifikation:<\/strong><\/p>\n<ul>\n<li><strong>Udskrivningshastighed:<\/strong> Op til 200 farvekort i timen og 1.000 kort i timen i sort\/hvid.<\/li>\n<li><strong>Kapacitet:<\/strong> 100 kort i inputbakken og op til 30 kort i outputbakken.<\/li>\n<li><strong>Korttype:<\/strong> ISO 7810 format, CR80, ID-1 st\u00f8rrelse, kompatibel med PVC, PET og kompositkort.<\/li>\n<li><strong>Forbindelser:<\/strong> USB 2.0 og valgfrit Ethernet.<\/li>\n<\/ul>\n<p>Bem\u00e6rk, at der ikke f\u00f8lger en printerrib med printeren; s\u00f8rg for at tilf\u00f8je en til din ordre.<\/p>","protected":false},"excerpt":{"rendered":"<p>Fargo DTC1250e ID-kortprinteren tilbyder en brugervenlig og omkostningseffektiv l\u00f8sning til hurtigt at producere ID-kort.<\/p>\n<p>Med en printtid p\u00e5 kun 16 sekunder for farvekort og 6 sekunder for sort\/hvide kort, er den ideel til skoler og medlemsklubber.<\/p>\n<p>Det inkluderer tre \u00e5rs garanti og gratis EasyBadge Lite-software.<\/p>","protected":false},"featured_media":144181,"template":"","meta":{"_acf_changed":false},"product_brand":[],"product_cat":[3206],"product_tag":[2830,3177,4863,3069],"class_list":{"0":"post-53776","1":"product","2":"type-product","3":"status-publish","4":"has-post-thumbnail","6":"product_cat-fargo","7":"product_tag-kortprinter-direct-to-card","8":"product_tag-fargo","9":"product_tag-pf","10":"product_tag-trade-produkt","11":"product_shipping_class-tunga-paket","12":"pa_brands-fargo","13":"pa_fabrikat-kortskrivare-fargo","14":"tm-no-options","16":"first","17":"instock","18":"sale","19":"taxable","20":"shipping-taxable","21":"purchasable","22":"product-type-simple"},"acf":[],"_links":{"self":[{"href":"https:\/\/secureus.se\/dk\/wp-json\/wp\/v2\/product\/53776","targetHints":{"allow":["GET"]}}],"collection":[{"href":"https:\/\/secureus.se\/dk\/wp-json\/wp\/v2\/product"}],"about":[{"href":"https:\/\/secureus.se\/dk\/wp-json\/wp\/v2\/types\/product"}],"wp:featuredmedia":[{"embeddable":true,"href":"https:\/\/secureus.se\/dk\/wp-json\/wp\/v2\/media\/144181"}],"wp:attachment":[{"href":"https:\/\/secureus.se\/dk\/wp-json\/wp\/v2\/media?parent=53776"}],"wp:term":[{"taxonomy":"product_brand","embeddable":true,"href":"https:\/\/secureus.se\/dk\/wp-json\/wp\/v2\/product_brand?post=53776"},{"taxonomy":"product_cat","embeddable":true,"href":"https:\/\/secureus.se\/dk\/wp-json\/wp\/v2\/product_cat?post=53776"},{"taxonomy":"product_tag","embeddable":true,"href":"https:\/\/secureus.se\/dk\/wp-json\/wp\/v2\/product_tag?post=53776"}],"curies":[{"name":"wp","href":"https:\/\/api.w.org\/{rel}","templated":true}]}}