{"id":53779,"date":"2022-06-21T16:54:35","date_gmt":"2022-06-21T14:54:35","guid":{"rendered":"https:\/\/secureus.se\/produkt\/magicard-pronto-plastic-card-printer-single-sided\/"},"modified":"2026-04-23T12:58:35","modified_gmt":"2026-04-23T10:58:35","slug":"kortskrivare-magicard-pronto","status":"publish","type":"product","link":"https:\/\/secureus.se\/dk\/kortskrivare-magicard-pronto\/","title":{"rendered":"Kortprinter Magicard Pronto - ID-kortprinter (enkeltsidet)"},"content":{"rendered":"<header class=\"attribute-sleeve-header center\"><strong>Kompakt og effektiv ID-kortudskrivning med Magicard Pronto:<\/strong> Magicard Pronto er designet til at opfylde behovene hos sm\u00e5 virksomheder og begyndere. Den er nem at bruge og leverer id-kort af h\u00f8j kvalitet uden at g\u00e5 p\u00e5 kompromis med prisen.<\/p>\n<p><strong>Funktioner og fordele:<\/strong><\/p>\n<ul>\n<li><strong>Hastighed:<\/strong> Printer sort\/hvide kort p\u00e5 kun 7 sekunder og farvekort p\u00e5 35 sekunder, hvilket g\u00f8r det meget effektivt til hverdagsbrug.<\/li>\n<li><strong>H\u00f8j kvalitet:<\/strong> Udstyret med et standard sikkerhedsvandm\u00e6rke, der giver ekstra beskyttelse mod kloning uden ekstra omkostninger.<\/li>\n<li><strong>Brugervenlighed:<\/strong> Det kompakte design g\u00f8r den ideel til skriveborde og mindre arbejdsomr\u00e5der, hvilket giver nem adgang for brugerne.<\/li>\n<li><strong>Lang garanti:<\/strong> En to-\u00e5rs garanti sikrer sikkerhed og support, n\u00e5r det er n\u00f8dvendigt.<\/li>\n<\/ul>\n<p><strong>Teknisk specifikation:<\/strong><\/p>\n<ul>\n<li><strong>Udskrivningshastighed:<\/strong> Op til 200 kort i timen (farvetryk), 766 kort i timen (monokrom).<\/li>\n<li><strong>Kapacitet:<\/strong> 50 kort i inputbakken og 50 kort i outputbakken.<\/li>\n<li><strong>Korttype:<\/strong> ISO 7810 format, CR80, ID-1 st\u00f8rrelse, kompatibel med PVC og kompositkort.<\/li>\n<li><strong>Forbindelser:<\/strong> USB og Ethernet.<\/li>\n<\/ul>\n<p>Bem\u00e6rk, at der ikke f\u00f8lger en printerrib med printeren; s\u00f8rg for at tilf\u00f8je en til din ordre.<\/p>\n<\/header>","protected":false},"excerpt":{"rendered":"<p>Magicard Pronto ID-kortprinteren er en af vores bedst s\u00e6lgende printere, perfekt til sm\u00e5 virksomheder med lave printvolumener.<\/p>\n<p>Den er kompakt, let og giver hurtige printtider p\u00e5 7 sekunder for sort\/hvide kort og 35 sekunder for farvekort.<\/p>\n<p>Med to \u00e5rs garanti og gratis EasyBadge Lite-software er dette en p\u00e5lidelig og overkommelig l\u00f8sning.<\/p>","protected":false},"featured_media":144858,"template":"","meta":{"_acf_changed":false},"product_brand":[],"product_cat":[3208],"product_tag":[2830,3174,4863,3069],"class_list":{"0":"post-53779","1":"product","2":"type-product","3":"status-publish","4":"has-post-thumbnail","6":"product_cat-magicard","7":"product_tag-kortprinter-direct-to-card","8":"product_tag-magicard","9":"product_tag-pf","10":"product_tag-trade-produkt","11":"product_shipping_class-tunga-paket","12":"pa_brands-magicard","13":"pa_fabrikat-kortskrivare-magicard","14":"tm-no-options","16":"first","17":"instock","18":"sale","19":"taxable","20":"shipping-taxable","21":"purchasable","22":"product-type-simple"},"acf":[],"_links":{"self":[{"href":"https:\/\/secureus.se\/dk\/wp-json\/wp\/v2\/product\/53779","targetHints":{"allow":["GET"]}}],"collection":[{"href":"https:\/\/secureus.se\/dk\/wp-json\/wp\/v2\/product"}],"about":[{"href":"https:\/\/secureus.se\/dk\/wp-json\/wp\/v2\/types\/product"}],"wp:featuredmedia":[{"embeddable":true,"href":"https:\/\/secureus.se\/dk\/wp-json\/wp\/v2\/media\/144858"}],"wp:attachment":[{"href":"https:\/\/secureus.se\/dk\/wp-json\/wp\/v2\/media?parent=53779"}],"wp:term":[{"taxonomy":"product_brand","embeddable":true,"href":"https:\/\/secureus.se\/dk\/wp-json\/wp\/v2\/product_brand?post=53779"},{"taxonomy":"product_cat","embeddable":true,"href":"https:\/\/secureus.se\/dk\/wp-json\/wp\/v2\/product_cat?post=53779"},{"taxonomy":"product_tag","embeddable":true,"href":"https:\/\/secureus.se\/dk\/wp-json\/wp\/v2\/product_tag?post=53779"}],"curies":[{"name":"wp","href":"https:\/\/api.w.org\/{rel}","templated":true}]}}