{"id":54484,"date":"2022-05-31T12:09:18","date_gmt":"2022-05-31T10:09:18","guid":{"rendered":"https:\/\/secureus.se\/produkt\/plastkort-med-rfid-mifare-1k\/"},"modified":"2026-03-26T13:02:41","modified_gmt":"2026-03-26T12:02:41","slug":"passerkort-rfid-kort-med-rfid-mifare-1k","status":"publish","type":"product","link":"https:\/\/secureus.se\/dk\/passerkort-rfid-kort-med-rfid-mifare-1k\/","title":{"rendered":"RFID-kort Mifare Classic 1K \u00ae 13,56 MHz \u2013 Premium"},"content":{"rendered":"<p>Ligesom alle vores RFID-produkter er vores Passerkort \/ RFID-kort udstyret med originale chips af h\u00f8j kvalitet. Vi v\u00e6rds\u00e6tter p\u00e5lidelighed og sikkerhed og bruger kun originale chips fra anerkendte producenter. Med vores Passerkort \/ RFID-kort kan du v\u00e6re sikker p\u00e5, at du f\u00e5r et produkt, der lever op til de h\u00f8jeste standarder og leverer p\u00e5lidelig og effektiv ydeevne. Vi bestr\u00e6ber os altid p\u00e5 at tilbyde dig den bedste teknologi og kompatibilitet for at sikre, at vores Passerkort \/ RFID-kort fungerer sikkert og opfylder dine behov p\u00e5 lang sigt.<\/p>\n<p>Adgangskort \/ RFID-kort, der f\u00f8lger standardformatet CR80, kan bruges til forskellige form\u00e5l, herunder adgangssystem, bes\u00f8gssystem, vaskeribooking, alarm og sikkerhed.<br \/>\nMed vores Passerkort \/ RFID-kort kan du v\u00e6lge et design efter eget valg og mulighed for korrektur, indtil du er tilfreds.<br \/>\nVi v\u00e6rds\u00e6tter p\u00e5lidelighed og sikkerhed, hvorfor vi kun bruger originale chips fra anerkendte producenter.<\/p>\n<p>Vi har ogs\u00e5 en r\u00e6kke chips, der kan monteres i RFID-kortene udover standardchippen, som du ser i butikken, dette g\u00e6lder ogs\u00e5 alle vores andre RFID-b\u00e6rere.<\/p>\n<p>Vi tilbyder fleksibilitet og tilpasningsevne, n\u00e5r det kommer til designet af vores Passerkort\/RFID-kort. Du kan lave kort, der er helt i tr\u00e5d med dit brand og virksomhedsidentitet. Vores m\u00e5l er at levere Passerkort \/ RFID-kort af h\u00f8jeste kvalitet, der ikke kun er funktionelle, men ogs\u00e5 repr\u00e6senterer din virksomhed p\u00e5 en professionel m\u00e5de.<\/p>\n<p>Vores Passerkort \/ RFID-kort er fremstillet med n\u00f8jagtighed og omhu for at sikre deres holdbarhed og p\u00e5lidelighed. Vi forst\u00e5r, at sikkerhed er af allerst\u00f8rste betydning, n\u00e5r det kommer til RFID-teknologi, og vi tr\u00e6ffer alle n\u00f8dvendige foranstaltninger for at beskytte dine kort mod uautoriseret adgang og databrud.<\/p>\n<p>Vi tilbyder fleksibilitet og tilpasningsevne, n\u00e5r det kommer til designet af vores Passerkort\/RFID-kort. Du kan lave kort, der er helt i tr\u00e5d med dit brand og virksomhedsidentitet. Vores m\u00e5l er at levere Passerkort \/ RFID-kort af h\u00f8jeste kvalitet, der ikke kun er funktionelle, men ogs\u00e5 repr\u00e6senterer din virksomhed p\u00e5 en professionel m\u00e5de.<\/p>\n<p>Vores Passerkort \/ RFID-kort er fremstillet med n\u00f8jagtighed og omhu for at sikre deres holdbarhed og p\u00e5lidelighed. Vi forst\u00e5r, at sikkerhed er af allerst\u00f8rste betydning, n\u00e5r det kommer til RFID-teknologi, og vi tr\u00e6ffer alle n\u00f8dvendige foranstaltninger for at beskytte dine kort mod uautoriseret adgang og databrud.<\/p>\n<p>Uanset om du skal bruge Passerkort \/ RFID-kort til et mindre projekt eller til en st\u00f8rre virksomhed.<\/p>\n<p>Vi st\u00e5r klar til at hj\u00e6lpe dig med at finde den bedste Passerkort \/ RFID-kortl\u00f8sning til netop dine behov og \u00f8nsker. Kontakt os i dag for at diskutere dine projektideer og f\u00e5 mere information om vores produkter og tjenester. Vi ser frem til at v\u00e6re din p\u00e5lidelige partner for Passerkort \/ RFID-kort og levere l\u00f8sninger af h\u00f8j kvalitet, der lever op til dine forventninger.<\/p>\n<p>Tak for din interesse for vores Passerkort \/ RFID-kort. Bes\u00f8g vores netbutik eller kontakt os for at komme i gang med din ordre eller for at f\u00e5 svar p\u00e5 eventuelle sp\u00f8rgsm\u00e5l, du m\u00e5tte have. Vi er her for at give dig den bedst mulige service og levere Passerkort \/ RFID-kort af h\u00f8jeste kvalitet, der passer til dine specifikke behov.<\/p>","protected":false},"excerpt":{"rendered":"<p>Dette produkt har certificeret chip fra NXP\u00ae, som er en global teknologivirksomhed med hovedkontor i Holland. NXP\u00ae er specialiseret i RFID og NFC og tilbyder en r\u00e6kke produkter inden for sikkerhed, tilslutningsmuligheder og indlejrede l\u00f8sninger<\/p>","protected":false},"featured_media":144062,"template":"","meta":{"_acf_changed":false},"product_brand":[],"product_cat":[4225,1711],"product_tag":[4146,2405,3077,3072,2958],"class_list":{"0":"post-54484","1":"product","2":"type-product","3":"status-publish","4":"has-post-thumbnail","6":"product_cat-rfid-kort-mifare-classic-1k","7":"product_cat-rfid-kort","8":"product_tag-nxp","9":"product_tag-rel-rfid","10":"product_tag-rfid-desfire","11":"product_tag-rfid-mifare1k","12":"product_tag-stonehouse-produkt","13":"product_shipping_class-postnord-varubrev","14":"pa_brands-stonehouse-security","15":"pa_farg-vit","16":"pa_plastkort-larmsystem-aptus","17":"pa_plastkort-larmsystem-assa-arx-solid-entro","18":"pa_plastkort-larmsystem-axema","19":"pa_plastkort-larmsystem-axema-vaka","20":"pa_plastkort-larmsystem-blank-inga-nummer","21":"pa_plastkort-larmsystem-cdvi","22":"pa_plastkort-larmsystem-decimal-nummer","23":"pa_plastkort-larmsystem-estaka-siffor-valfria","24":"pa_plastkort-larmsystem-hexadecimala-nummer","25":"pa_plastkort-larmsystem-lopnummer-valfria","26":"pa_plastkort-larmsystem-paxton","27":"pa_plastkort-larmsystem-rco","28":"pa_plastkort-larmsystem-tidomat","29":"pa_plastkort-larmsystem-vanderbilt-bewator-entro-8-siffor","30":"pa_plastkort-larmsystem-vanderbilt-bewator-omnis-bewator-2010-13-siffor","31":"pa_plastkort-teknik-mifare1k","32":"tm-has-options","34":"first","35":"instock","36":"featured","37":"taxable","38":"shipping-taxable","39":"purchasable","40":"product-type-simple"},"acf":[],"_links":{"self":[{"href":"https:\/\/secureus.se\/dk\/wp-json\/wp\/v2\/product\/54484","targetHints":{"allow":["GET"]}}],"collection":[{"href":"https:\/\/secureus.se\/dk\/wp-json\/wp\/v2\/product"}],"about":[{"href":"https:\/\/secureus.se\/dk\/wp-json\/wp\/v2\/types\/product"}],"wp:featuredmedia":[{"embeddable":true,"href":"https:\/\/secureus.se\/dk\/wp-json\/wp\/v2\/media\/144062"}],"wp:attachment":[{"href":"https:\/\/secureus.se\/dk\/wp-json\/wp\/v2\/media?parent=54484"}],"wp:term":[{"taxonomy":"product_brand","embeddable":true,"href":"https:\/\/secureus.se\/dk\/wp-json\/wp\/v2\/product_brand?post=54484"},{"taxonomy":"product_cat","embeddable":true,"href":"https:\/\/secureus.se\/dk\/wp-json\/wp\/v2\/product_cat?post=54484"},{"taxonomy":"product_tag","embeddable":true,"href":"https:\/\/secureus.se\/dk\/wp-json\/wp\/v2\/product_tag?post=54484"}],"curies":[{"name":"wp","href":"https:\/\/api.w.org\/{rel}","templated":true}]}}