{"id":54527,"date":"2022-05-25T12:22:06","date_gmt":"2022-05-25T10:22:06","guid":{"rendered":"https:\/\/secureus.se\/produkt\/bordslasare-access-mifare-1356-mhz-med-programmerade-systemnummer-v2\/"},"modified":"2026-04-07T13:12:02","modified_gmt":"2026-04-07T11:12:02","slug":"rfid-lasare-access-mifare-1356-mhz-med-programmerade-systemnummer-v2","status":"publish","type":"product","link":"https:\/\/secureus.se\/dk\/rfid-lasare-access-mifare-1356-mhz-med-programmerade-systemnummer-v2\/","title":{"rendered":"RFID Reader Access Mifare - 13,56 MHz programmerbar"},"content":{"rendered":"<p><strong>OPM\u00c6RKSOMHED! Ikke kompatibel med MAC!<br \/>\n<\/strong><strong>L\u00e6serne f\u00e5s som enkelt eller kombi, og du kan downloade softwaren gratis for at kunne programmere l\u00e6serne til et hvilket som helst system efter eget valg.<\/strong><br \/>\nDu v\u00e6lger selv hvilket system vi skal programmere l\u00e6seren til og vi leverer den indenfor 1-2 hverdage.<\/p>\n<p><em><strong>Denne l\u00e6ser er kun til HF og du bruger derfor ikke Frekvensvalg.<\/strong><\/em><\/p>\n<p><strong>For at se hvilket valg du skal tr\u00e6ffe i softwaren til dit system, skal du bruge vores overs\u00e6ttelsesliste, som du finder under downloads.<\/strong><\/p>\n<p><strong>L\u00e6seren leveres med 2 \u00e5rs garanti.<\/strong><br \/>\nStonehouse Security har udviklet layout og software til alle ACCESS l\u00e6sere, det er p\u00e5lideligt og hurtigt og tilpasset det svenske marked.<br \/>\nL\u00e6seren er tilpasset sikkerhedsmarkedet og dets slutkunder, men ogs\u00e5 til andre applikationer, hvor du skal l\u00e6se koden p\u00e5 den elektroniske chip i din RFID-l\u00e6ser.<br \/>\nACCESS Bordl\u00e6ser bruger en USB-forbindelse og er plug and play med en allerede kodet l\u00e6ser.<\/p>\n<p>Har du brug for hj\u00e6lp til programmering, s\u00e5 kontakt os, s\u00e5 hj\u00e6lper vi dig gratis med dette.<br \/>\nL\u00e6serprogrammet h\u00e5ndterer: RCO, Bewator\/Vanderbilt 8 og 13 cifre, Axema, Axema VAKA, ASSA, Aptus, Paxton.<\/p>\n<p><strong>\ud83d\udcbe Download softwaren:<\/strong><br \/>\n<a href=\"https:\/\/stonehouse.se\/programvaror\/ACCESS%20-%20Version%201.exe\" rel=\"noopener\">\ud83d\udce5 Version 1.exe<\/a><br \/>\n<a href=\"https:\/\/stonehouse.se\/programvaror\/ACCESS%20-%20Version%202.exe\" rel=\"noopener\">\ud83d\udce5 Version 2.exe<\/a><br \/>\n<a href=\"http:\/\/stonehouse.se\/programvaror\/ReaderSetting_Setup_3.0.0.5.exe\" rel=\"noopener\">\ud83d\udce5 Version 3.0.0.5.exe<\/a><\/p>","protected":false},"excerpt":{"rendered":"<p><em><strong>USB kabel medf\u00f8lger.<br \/>\nDet vigtige er at vide, hvilken chip du bruger, n\u00e5r du ops\u00e6tter l\u00e6seren.<\/strong><\/em><\/p>","protected":false},"featured_media":163619,"template":"","meta":{"_acf_changed":false},"product_brand":[],"product_cat":[1743],"product_tag":[2405,2958],"class_list":{"0":"post-54527","1":"product","2":"type-product","3":"status-publish","4":"has-post-thumbnail","6":"product_cat-rfid-lasare","7":"product_tag-rel-rfid","8":"product_tag-stonehouse-produkt","9":"product_shipping_class-postnord-varubrev","10":"pa_access-lasare-mifare-mifare-mfd-aptus-9-siffror","11":"pa_access-lasare-mifare-mifare-mfr-axema-vaka-13-siffror","12":"pa_access-lasare-mifare-chippets-uid-kod","13":"pa_access-lasare-mifare-mifare-mfd-assa-10-siffror","14":"pa_access-lasare-mifare-mifare-rco-9-siffror","15":"pa_brands-stonehouse-security","16":"pa_farg-svart","17":"tm-has-options","19":"first","20":"instock","21":"sale","22":"featured","23":"taxable","24":"shipping-taxable","25":"purchasable","26":"product-type-simple"},"acf":[],"_links":{"self":[{"href":"https:\/\/secureus.se\/dk\/wp-json\/wp\/v2\/product\/54527","targetHints":{"allow":["GET"]}}],"collection":[{"href":"https:\/\/secureus.se\/dk\/wp-json\/wp\/v2\/product"}],"about":[{"href":"https:\/\/secureus.se\/dk\/wp-json\/wp\/v2\/types\/product"}],"wp:featuredmedia":[{"embeddable":true,"href":"https:\/\/secureus.se\/dk\/wp-json\/wp\/v2\/media\/163619"}],"wp:attachment":[{"href":"https:\/\/secureus.se\/dk\/wp-json\/wp\/v2\/media?parent=54527"}],"wp:term":[{"taxonomy":"product_brand","embeddable":true,"href":"https:\/\/secureus.se\/dk\/wp-json\/wp\/v2\/product_brand?post=54527"},{"taxonomy":"product_cat","embeddable":true,"href":"https:\/\/secureus.se\/dk\/wp-json\/wp\/v2\/product_cat?post=54527"},{"taxonomy":"product_tag","embeddable":true,"href":"https:\/\/secureus.se\/dk\/wp-json\/wp\/v2\/product_tag?post=54527"}],"curies":[{"name":"wp","href":"https:\/\/api.w.org\/{rel}","templated":true}]}}