{"id":55416,"date":"2022-04-25T12:15:00","date_gmt":"2022-04-25T10:15:00","guid":{"rendered":"https:\/\/secureus.se\/produkt\/exklusiv-jojo-metall-med-ring-och-clips\/"},"modified":"2026-03-16T14:59:18","modified_gmt":"2026-03-16T13:59:18","slug":"utdragbar-nyckelring-jojo-clips-metall-krom","status":"publish","type":"product","link":"https:\/\/secureus.se\/dk\/utdragbar-nyckelring-jojo-clips-metall-krom\/","title":{"rendered":"Udtr\u00e6kkelig n\u00f8glering med yo-yo og clips i metal - krom"},"content":{"rendered":"<h4><strong>Udtr\u00e6kkelig n\u00f8glering med yo-yo og clips i metal - krom<\/strong><\/h4>\n<p>Den udvidelige yo-yo n\u00f8glering med metalclips er b\u00e5de holdbar og stilfuld, designet til at passe til alle dine behov. Yo-yo&#039;en er lavet af metal og udstyret med en kraftig b\u00e6lteclips p\u00e5 bagsiden for sikker og komfortabel fastg\u00f8relse. N\u00f8gleringen er monteret p\u00e5 en k\u00e6de med en kraftig nylonsnor, hvilket g\u00f8r den perfekt til hverdagsbrug.<\/p>\n<h4><strong>funktioner og fordele<\/strong><\/h4>\n<ul>\n<li><strong>B\u00e6redygtigt design:<\/strong> Yo-yo&#039;en er lavet af metal, som giver en langvarig holdbarhed.<\/li>\n<li><strong>St\u00e6rk b\u00e6lteclips:<\/strong> Den robuste b\u00e6lteclips p\u00e5 bagsiden sikrer, at yo-yo&#039;en sidder sikkert p\u00e5 dit b\u00e6lte eller lomme.<\/li>\n<li><strong>St\u00e6rk k\u00e6de og nylonsnor:<\/strong> N\u00f8gleringen er monteret p\u00e5 en k\u00e6de med en slidst\u00e6rk nylonsnor for ekstra holdbarhed.<\/li>\n<li><strong>Stilfuld kromfinish:<\/strong> Den elegante kromfarve passer til b\u00e5de professionelle og hverdagsmilj\u00f8er.<\/li>\n<li><strong>Kan tilpasses:<\/strong> Kan bestilles med dit logo, enten trykt eller indgraveret.<\/li>\n<\/ul>\n<h4>Anvendelsesomr\u00e5der<\/h4>\n<ul>\n<li><strong>Kontor personale:<\/strong> Perfekt til at opbevare n\u00f8gler eller ID-kort let tilg\u00e6ngelige.<\/li>\n<li><strong>Sikkerhedspersonale:<\/strong> Robust nok til at b\u00e6re sikkerhedsudstyr eller n\u00f8gler.<\/li>\n<li><strong>Event personale:<\/strong> Ideel til at holde ID-kort eller adgangskort synlige og let tilg\u00e6ngelige.<\/li>\n<li><strong>Daglig brug:<\/strong> En praktisk l\u00f8sning til alle, der har brug for hurtig og nem adgang til deres n\u00f8gler eller kort.<\/li>\n<\/ul>\n<h4><strong>Tilpasningsmuligheder<\/strong><\/h4>\n<ul>\n<li><strong>Logo print:<\/strong> Kan bestilles med dit logo trykt eller indgraveret for et personligt pr\u00e6g.<\/li>\n<\/ul>\n<h4><strong>Teknisk specifikation<\/strong><\/h4>\n<ul>\n<li><strong>Materiale:<\/strong> Metal<\/li>\n<li><strong>Blonder:<\/strong> Nylon 70 cm<\/li>\n<li><strong>Farve:<\/strong> Chrome\/Chrome<\/li>\n<li><strong>Klip:<\/strong> Kraftig b\u00e6lteclips p\u00e5 bagsiden<\/li>\n<\/ul>","protected":false},"excerpt":{"rendered":"<p><strong>Udtr\u00e6kkelig n\u00f8glering med yo-yo og metalclips.<\/strong> Holdbart design med kraftig b\u00e6lteclips og st\u00e6rk nylonsnor, perfekt til daglig brug. Stilfuld kromfinish, der kan tilpasses med trykt eller indgraveret logo. Ideel til kontorpersonale, sikkerhedspersonale og daglig brug.<\/p>","protected":false},"featured_media":145815,"template":"","meta":{"_acf_changed":false},"product_brand":[],"product_cat":[1676,2901,1324],"product_tag":[2416,2958],"class_list":{"0":"post-55416","1":"product","2":"type-product","3":"status-publish","4":"has-post-thumbnail","6":"product_cat-jojos-och-nyckelringar","7":"product_cat-jojo-yoyo-alltid-i-lager","8":"product_cat-outlet","9":"product_tag-rel-rfid-tillbehor","10":"product_tag-stonehouse-produkt","11":"product_shipping_class-postnord-varubrev","12":"pa_brands-stonehouse-security","13":"pa_farg-silver","14":"pa_rfid-tillbehor-jojo","15":"tm-no-options","17":"first","18":"instock","19":"sale","20":"featured","21":"taxable","22":"shipping-taxable","23":"purchasable","24":"product-type-simple"},"acf":[],"_links":{"self":[{"href":"https:\/\/secureus.se\/dk\/wp-json\/wp\/v2\/product\/55416","targetHints":{"allow":["GET"]}}],"collection":[{"href":"https:\/\/secureus.se\/dk\/wp-json\/wp\/v2\/product"}],"about":[{"href":"https:\/\/secureus.se\/dk\/wp-json\/wp\/v2\/types\/product"}],"wp:featuredmedia":[{"embeddable":true,"href":"https:\/\/secureus.se\/dk\/wp-json\/wp\/v2\/media\/145815"}],"wp:attachment":[{"href":"https:\/\/secureus.se\/dk\/wp-json\/wp\/v2\/media?parent=55416"}],"wp:term":[{"taxonomy":"product_brand","embeddable":true,"href":"https:\/\/secureus.se\/dk\/wp-json\/wp\/v2\/product_brand?post=55416"},{"taxonomy":"product_cat","embeddable":true,"href":"https:\/\/secureus.se\/dk\/wp-json\/wp\/v2\/product_cat?post=55416"},{"taxonomy":"product_tag","embeddable":true,"href":"https:\/\/secureus.se\/dk\/wp-json\/wp\/v2\/product_tag?post=55416"}],"curies":[{"name":"wp","href":"https:\/\/api.w.org\/{rel}","templated":true}]}}