{"id":55419,"date":"2022-04-21T10:23:00","date_gmt":"2022-04-21T08:23:00","guid":{"rendered":"https:\/\/secureus.se\/produkt\/minidisc-mifare1k-minidisc-transp-18-mm\/"},"modified":"2025-12-31T19:54:32","modified_gmt":"2025-12-31T18:54:32","slug":"minidisc-mifare1k-minidisc-transp-18-mm","status":"publish","type":"product","link":"https:\/\/secureus.se\/dk\/minidisc-mifare1k-minidisc-transp-18-mm\/","title":{"rendered":"Pluto Mifare1k \u2013 Minidisc 18mm"},"content":{"rendered":"<p>Pluto MiniDisc er et RFID-tag med enkelt cover og f\u00e5s i flere st\u00f8rrelser og med b\u00e5de Mifare og EM4200.<\/p>\n<p>St\u00f8rrelsen og funktionen af dette tag er designet af Stonehouse.<\/p>\n<div>\n<div>\n<div data-tid=\"messageBodyContainer\">\n<div data-tid=\"messageBodyContent\">\n<div>\n<div>\n<div>\n<p>Pluto er et billigt og godt produkt med original chip til alle anvendelser.<\/p>\n<\/div>\n<\/div>\n<\/div>\n<\/div>\n<\/div>\n<\/div>\n<\/div>","protected":false},"excerpt":{"rendered":"<p>Pluto MiniDisc er et RFID-tag med enkelt cover og f\u00e5s i flere st\u00f8rrelser og med b\u00e5de Mifare og EM4200. St\u00f8rrelsen og funktionen af dette tag er designet af Stonehouse.<\/p>","protected":false},"featured_media":144137,"template":"","meta":{"_acf_changed":false},"product_brand":[],"product_cat":[4784,2968],"product_tag":[2148,2149,2958],"class_list":{"0":"post-55419","1":"product","2":"type-product","3":"status-publish","4":"has-post-thumbnail","6":"product_cat-mifare1k","7":"product_cat-iloq-s50-pluto-minidisc","8":"product_tag-rfid-iloq","9":"product_tag-rfid-minidisc-10-25-mm","10":"product_tag-stonehouse-produkt","11":"product_shipping_class-postnord-varubrev","12":"pa_brands-stonehouse-security","13":"tm-no-options","15":"first","16":"instock","17":"sale","18":"featured","19":"taxable","20":"shipping-taxable","21":"purchasable","22":"product-type-simple"},"acf":[],"_links":{"self":[{"href":"https:\/\/secureus.se\/dk\/wp-json\/wp\/v2\/product\/55419","targetHints":{"allow":["GET"]}}],"collection":[{"href":"https:\/\/secureus.se\/dk\/wp-json\/wp\/v2\/product"}],"about":[{"href":"https:\/\/secureus.se\/dk\/wp-json\/wp\/v2\/types\/product"}],"wp:featuredmedia":[{"embeddable":true,"href":"https:\/\/secureus.se\/dk\/wp-json\/wp\/v2\/media\/144137"}],"wp:attachment":[{"href":"https:\/\/secureus.se\/dk\/wp-json\/wp\/v2\/media?parent=55419"}],"wp:term":[{"taxonomy":"product_brand","embeddable":true,"href":"https:\/\/secureus.se\/dk\/wp-json\/wp\/v2\/product_brand?post=55419"},{"taxonomy":"product_cat","embeddable":true,"href":"https:\/\/secureus.se\/dk\/wp-json\/wp\/v2\/product_cat?post=55419"},{"taxonomy":"product_tag","embeddable":true,"href":"https:\/\/secureus.se\/dk\/wp-json\/wp\/v2\/product_tag?post=55419"}],"curies":[{"name":"wp","href":"https:\/\/api.w.org\/{rel}","templated":true}]}}